{"id":50246,"date":"2026-04-02T23:28:15","date_gmt":"2026-04-02T20:28:15","guid":{"rendered":"http:\/\/new.ceasuri.md\/shop\/uncategorized\/casio-g-shock-gm-2100c-5aer\/"},"modified":"2026-04-20T01:18:45","modified_gmt":"2026-04-19T22:18:45","slug":"casio-g-shock-gm-2100c-5aer","status":"publish","type":"product","link":"https:\/\/ceasuri.md\/ru\/shop\/branduri\/casio\/casio-g-shock-gm-2100c-5aer\/","title":{"rendered":"\u0427\u0430\u0441\u044b CASIO G-SHOCK GM-2100C-5AER"},"content":{"rendered":"<p>O lansare carismatic\u0103 de la \u00eenceputul anului 2023 din seria G-Shock GM-2100, \u00eentr-o carcas\u0103 din o\u021bel de form\u0103 octogonal\u0103.<\/p>\n<p>Reamintim c\u0103 aceasta este un update al seriei din polimer GA-2100 \u00een metal. Dar, \u00een ciuda aspectului metalic, acest model pe o curea textil\u0103 de culoarea nisipului se laud\u0103 cu u\u0219urin\u021ba sa de 72 de grame, compactitatea \u0219i grosimea carcasei de numai 11,8 mm, ceea ce este impresionant pe fundalul unor fra\u021bi mai masivi ai seriei G-Shock.<\/p>\n<p>Ceasul are o schem\u0103 de culori laconic\u0103, cu ace contrastante pe un cadran negru sub un geam mineral temperat.<\/p>\n<p>O alt\u0103 caracteristic\u0103 a ceasului este fixarea actualizat\u0103 a curelei, acum v\u0103 va lua doar c\u00e2teva secunde pentru a o schimba.<\/p>\n<p>Desigur, nu trebuie s\u0103 uit\u0103m de standardul pentru rezisten\u021ba la ap\u0103 de 200 de metri, func\u021biile de cronometru, ora mondial\u0103, precum \u0219i iluminarea dubl\u0103 str\u0103lucitoare a cadranului \u0219i a afi\u0219ajului.<\/p>","protected":false},"excerpt":{"rendered":"<p>O lansare carismatic\u0103 de la \u00eenceputul anului 2023 din seria G-Shock GM-2100, \u00eentr-o carcas\u0103 din o\u021bel de form\u0103 octogonal\u0103. Reamintim c\u0103 aceasta este un update al seriei din polimer GA-2100 \u00een metal. Dar, \u00een ciuda aspectului metalic, acest model pe o curea textil\u0103 de culoarea nisipului se laud\u0103 cu u\u0219urin\u021ba sa de 72 de grame, [&hellip;]<\/p>\n","protected":false},"featured_media":50247,"comment_status":"closed","ping_status":"open","template":"","meta":{"_acf_changed":false},"product_brand":[],"product_cat":[27,20,419],"product_tag":[],"class_list":{"0":"post-50246","1":"product","2":"type-product","3":"status-publish","4":"has-post-thumbnail","6":"product_cat-casio","7":"product_cat-ceasuri-barbati","8":"product_cat-g-shock","9":"pa_brand-casio","10":"pa_brand-g-shock","11":"pa_braslet-textile","12":"pa_corpus-44x49mm","13":"pa_forma-octogonala","14":"pa_funcii-alarma","15":"pa_funcii-calendar","16":"pa_funcii-cronometru","17":"pa_funcii-dual-time","18":"pa_funcii-iluminare","19":"pa_funcii-timp-mondial","20":"pa_garatia-24-luni","21":"pa_korpus-argintiu","22":"pa_kvarc-quartz","23":"pa_material-otel-inoxidabil","24":"pa_material-plastic","25":"pa_mehanizm-electronic","26":"pa_mehanizm-quartz","27":"pa_remeshok-bej","28":"pa_steklo-cristal-mineral","29":"pa_strana-japonia","30":"pa_voda-20-atm","32":"first","33":"instock","34":"purchasable","35":"product-type-simple"},"acf":[],"_links":{"self":[{"href":"https:\/\/ceasuri.md\/ru\/wp-json\/wp\/v2\/product\/50246","targetHints":{"allow":["GET"]}}],"collection":[{"href":"https:\/\/ceasuri.md\/ru\/wp-json\/wp\/v2\/product"}],"about":[{"href":"https:\/\/ceasuri.md\/ru\/wp-json\/wp\/v2\/types\/product"}],"replies":[{"embeddable":true,"href":"https:\/\/ceasuri.md\/ru\/wp-json\/wp\/v2\/comments?post=50246"}],"wp:featuredmedia":[{"embeddable":true,"href":"https:\/\/ceasuri.md\/ru\/wp-json\/wp\/v2\/media\/50247"}],"wp:attachment":[{"href":"https:\/\/ceasuri.md\/ru\/wp-json\/wp\/v2\/media?parent=50246"}],"wp:term":[{"taxonomy":"product_brand","embeddable":true,"href":"https:\/\/ceasuri.md\/ru\/wp-json\/wp\/v2\/product_brand?post=50246"},{"taxonomy":"product_cat","embeddable":true,"href":"https:\/\/ceasuri.md\/ru\/wp-json\/wp\/v2\/product_cat?post=50246"},{"taxonomy":"product_tag","embeddable":true,"href":"https:\/\/ceasuri.md\/ru\/wp-json\/wp\/v2\/product_tag?post=50246"}],"curies":[{"name":"wp","href":"https:\/\/api.w.org\/{rel}","templated":true}]}}