{"id":50238,"date":"2026-04-02T23:28:15","date_gmt":"2026-04-02T20:28:15","guid":{"rendered":"http:\/\/new.ceasuri.md\/shop\/uncategorized\/casio-g-shock-gma-s2100md-1a\/"},"modified":"2026-04-15T20:23:41","modified_gmt":"2026-04-15T17:23:41","slug":"casio-g-shock-gma-s2100md-1a","status":"publish","type":"product","link":"https:\/\/ceasuri.md\/ru\/shop\/branduri\/casio\/casio-g-shock-gma-s2100md-1a\/","title":{"rendered":"Ceas CASIO G-SHOCK GMA-S2100MD-1A"},"content":{"rendered":"<p>Noul produs elegant pentru femei din noua serie, \u00eentr-o carcas\u0103 delicat\u0103 de culoare neagr\u0103, cu indicatoare pe cadran de culoarea auriu roz.<\/p>\n<p>Modelul este o versiune mai mic\u0103 a ceasului din seria G-SHOCK GA-2100 pentru b\u0103rba\u021bi, ceea ce \u00eei permite s\u0103 arate optim chiar \u0219i pe cele mai gra\u021bioase \u00eencheieturi de m\u00e2n\u0103 ale femeilor. Modelul are o grosime de numai 11,2 milimetri, ceea ce, la momentul lans\u0103rii sale, reprezint\u0103 un record absolut \u00een r\u00e2ndul tuturor modelelor g-shock.<\/p>\n<p>Ceasul dispune de tehnologia Carbon Core Guard: modulul s\u0103u este protejat de o carcas\u0103 din poliuretan armat cu carbon u\u0219or \u0219i ultrarezistent, \u00een timp ce cadranul este acoperit cu un geam mineral temperat.<\/p>\n<p>Bine\u00een\u021beles, nu trebuie s\u0103 uit\u0103m de standardul de rezisten\u021b\u0103 la lovituri \u0219i rezisten\u021ba la ap\u0103 de 200 de metri, func\u021biile de cronometru, ora mondial\u0103, precum \u0219i iluminarea dubl\u0103 str\u0103lucitoare a cadranului \u0219i a afi\u0219ajului.<\/p>\n<p>Carcasa din plastic rezistent la lovituri cu fibre de carbon este mai durabil\u0103 \u0219i, \u00een acela\u0219i timp, mai u\u0219oar\u0103.<\/p>","protected":false},"excerpt":{"rendered":"<p>Noul produs elegant pentru femei din noua serie, \u00eentr-o carcas\u0103 delicat\u0103 de culoare neagr\u0103, cu indicatoare pe cadran de culoarea auriu roz. Modelul este o versiune mai mic\u0103 a ceasului din seria G-SHOCK GA-2100 pentru b\u0103rba\u021bi, ceea ce \u00eei permite s\u0103 arate optim chiar \u0219i pe cele mai gra\u021bioase \u00eencheieturi de m\u00e2n\u0103 ale femeilor. Modelul [&hellip;]<\/p>\n","protected":false},"featured_media":50239,"comment_status":"closed","ping_status":"open","template":"","meta":{"_acf_changed":false},"product_brand":[],"product_cat":[27,25,419],"product_tag":[],"class_list":{"0":"post-50238","1":"product","2":"type-product","3":"status-publish","4":"has-post-thumbnail","6":"product_cat-casio","7":"product_cat-ceasuri-dama","8":"product_cat-g-shock","9":"pa_brand-casio","10":"pa_brand-g-shock","11":"pa_braslet-cauciuc","12":"pa_corpus-43x46mm","13":"pa_forma-octogonala","14":"pa_funcii-alarma","15":"pa_funcii-calendar","16":"pa_funcii-cronometru","17":"pa_funcii-dual-time","18":"pa_funcii-iluminare","19":"pa_funcii-timp-mondial","20":"pa_garatia-24-luni","21":"pa_korpus-negru","22":"pa_kvarc-quartz","23":"pa_material-carbon","24":"pa_material-plastic","25":"pa_mehanizm-electronic","26":"pa_mehanizm-quartz","27":"pa_remeshok-negru","28":"pa_steklo-cristal-mineral","29":"pa_strana-japonia","30":"pa_voda-20-atm","32":"first","33":"instock","34":"purchasable","35":"product-type-simple"},"acf":[],"_links":{"self":[{"href":"https:\/\/ceasuri.md\/ru\/wp-json\/wp\/v2\/product\/50238","targetHints":{"allow":["GET"]}}],"collection":[{"href":"https:\/\/ceasuri.md\/ru\/wp-json\/wp\/v2\/product"}],"about":[{"href":"https:\/\/ceasuri.md\/ru\/wp-json\/wp\/v2\/types\/product"}],"replies":[{"embeddable":true,"href":"https:\/\/ceasuri.md\/ru\/wp-json\/wp\/v2\/comments?post=50238"}],"wp:featuredmedia":[{"embeddable":true,"href":"https:\/\/ceasuri.md\/ru\/wp-json\/wp\/v2\/media\/50239"}],"wp:attachment":[{"href":"https:\/\/ceasuri.md\/ru\/wp-json\/wp\/v2\/media?parent=50238"}],"wp:term":[{"taxonomy":"product_brand","embeddable":true,"href":"https:\/\/ceasuri.md\/ru\/wp-json\/wp\/v2\/product_brand?post=50238"},{"taxonomy":"product_cat","embeddable":true,"href":"https:\/\/ceasuri.md\/ru\/wp-json\/wp\/v2\/product_cat?post=50238"},{"taxonomy":"product_tag","embeddable":true,"href":"https:\/\/ceasuri.md\/ru\/wp-json\/wp\/v2\/product_tag?post=50238"}],"curies":[{"name":"wp","href":"https:\/\/api.w.org\/{rel}","templated":true}]}}