{"id":50222,"date":"2026-04-02T23:27:30","date_gmt":"2026-04-02T20:27:30","guid":{"rendered":"http:\/\/new.ceasuri.md\/shop\/uncategorized\/casio-g-shock-gst-b100-1aer\/"},"modified":"2026-04-07T04:34:24","modified_gmt":"2026-04-07T01:34:24","slug":"casio-g-shock-gst-b100-1aer","status":"publish","type":"product","link":"https:\/\/ceasuri.md\/ru\/shop\/branduri\/casio\/casio-g-shock-gst-b100-1aer\/","title":{"rendered":"Ceas CASIO G-SHOCK GST-B100-1AER"},"content":{"rendered":"<p>O carcas\u0103 nou\u0103, chiar mai sub\u021bire, realizat\u0103 din o\u021bel \u0219i polimer, un cadran analogic, apari\u021bia secundarului \u0219i a coroanei de \u00eenf\u0103\u0219urare, toate acestea diferen\u021biaz\u0103 vizual ceasul GST-B100 de fra\u021bii s\u0103i din serie.<\/p>\n<p>La bord, modelul pe o curea din poliuretan are: un panou solar, tehnologie Bluetooth pentru sincronizarea cu smartphone-ul, cadran retroiluminat \u0219i mai mult de o duzin\u0103 de alte caracteristici. Un indicator \u00een form\u0103 de turbin\u0103 arat\u0103 nivelul bateriei \u0219i starea alarmei.<\/p>\n<p>\u00cen aceast\u0103 colec\u021bie, designul G-SHOCK se apropie de aspectul clasic al unui ceas de m\u00e2n\u0103 mecanic, p\u0103str\u00e2nd \u00een acela\u0219i timp umplutura unic\u0103 g-shock, ceea ce \u00eel face incomparabil mai puternic \u0219i mai func\u021bional dec\u00e2t omologii s\u0103i mecanici.<\/p>\n<p>\u00cen prezent, seria G-SHOCK din o\u021bel este alc\u0103tuit\u0103 din 3 game active cu Bluetooth, carismaticul model analogic GST-B100, cu turbin\u0103 pe cadran \u0219i secundar, \u0219i modelele analogic-digitale f\u0103r\u0103 secundar: GST-B500 \u0219i GST-B400.<\/p>","protected":false},"excerpt":{"rendered":"<p>O carcas\u0103 nou\u0103, chiar mai sub\u021bire, realizat\u0103 din o\u021bel \u0219i polimer, un cadran analogic, apari\u021bia secundarului \u0219i a coroanei de \u00eenf\u0103\u0219urare, toate acestea diferen\u021biaz\u0103 vizual ceasul GST-B100 de fra\u021bii s\u0103i din serie. La bord, modelul pe o curea din poliuretan are: un panou solar, tehnologie Bluetooth pentru sincronizarea cu smartphone-ul, cadran retroiluminat \u0219i mai mult [&hellip;]<\/p>\n","protected":false},"featured_media":50223,"comment_status":"closed","ping_status":"open","template":"","meta":{"_acf_changed":false},"product_brand":[],"product_cat":[27,20,419],"product_tag":[],"class_list":{"0":"post-50222","1":"product","2":"type-product","3":"status-publish","4":"has-post-thumbnail","6":"product_cat-casio","7":"product_cat-ceasuri-barbati","8":"product_cat-g-shock","9":"pa_brand-casio","10":"pa_brand-g-shock","11":"pa_braslet-cauciuc","12":"pa_corpus-53-mm","13":"pa_forma-rotund","14":"pa_funcii-alarma","15":"pa_funcii-bluetooth-smart","16":"pa_funcii-calendar","17":"pa_funcii-cronometru","18":"pa_funcii-data","19":"pa_funcii-iluminare","20":"pa_funcii-rezerva-de-energie","21":"pa_funcii-timp-mondial","22":"pa_funcii-ziua-saptamanii","23":"pa_garatia-24-luni","24":"pa_korpus-argintiu","25":"pa_material-otel-inoxidabil","26":"pa_material-plastic","27":"pa_mehanizm-baterie-solara","28":"pa_mehanizm-quartz","29":"pa_remeshok-negru","30":"pa_steklo-cristal-mineral","31":"pa_strana-japonia","32":"pa_voda-20-atm","34":"first","35":"instock","36":"purchasable","37":"product-type-simple"},"acf":[],"_links":{"self":[{"href":"https:\/\/ceasuri.md\/ru\/wp-json\/wp\/v2\/product\/50222","targetHints":{"allow":["GET"]}}],"collection":[{"href":"https:\/\/ceasuri.md\/ru\/wp-json\/wp\/v2\/product"}],"about":[{"href":"https:\/\/ceasuri.md\/ru\/wp-json\/wp\/v2\/types\/product"}],"replies":[{"embeddable":true,"href":"https:\/\/ceasuri.md\/ru\/wp-json\/wp\/v2\/comments?post=50222"}],"wp:featuredmedia":[{"embeddable":true,"href":"https:\/\/ceasuri.md\/ru\/wp-json\/wp\/v2\/media\/50223"}],"wp:attachment":[{"href":"https:\/\/ceasuri.md\/ru\/wp-json\/wp\/v2\/media?parent=50222"}],"wp:term":[{"taxonomy":"product_brand","embeddable":true,"href":"https:\/\/ceasuri.md\/ru\/wp-json\/wp\/v2\/product_brand?post=50222"},{"taxonomy":"product_cat","embeddable":true,"href":"https:\/\/ceasuri.md\/ru\/wp-json\/wp\/v2\/product_cat?post=50222"},{"taxonomy":"product_tag","embeddable":true,"href":"https:\/\/ceasuri.md\/ru\/wp-json\/wp\/v2\/product_tag?post=50222"}],"curies":[{"name":"wp","href":"https:\/\/api.w.org\/{rel}","templated":true}]}}