{"id":50218,"date":"2026-04-02T23:27:30","date_gmt":"2026-04-02T20:27:30","guid":{"rendered":"http:\/\/new.ceasuri.md\/shop\/uncategorized\/casio-g-shock-gw-9500-3er\/"},"modified":"2026-04-20T01:18:51","modified_gmt":"2026-04-19T22:18:51","slug":"casio-g-shock-gw-9500-3er","status":"publish","type":"product","link":"https:\/\/ceasuri.md\/ru\/shop\/branduri\/casio\/casio-g-shock-gw-9500-3er\/","title":{"rendered":"\u0427\u0430\u0441\u044b CASIO G-SHOCK GW-9500-3ER"},"content":{"rendered":"<p>Linia de ceasuri G-SHOCK Master of G, dezvoltat\u0103 pentru profesioni\u0219tii care lucreaz\u0103 \u00een cele mai dure medii, introduce modelul MUDMAN cu senzor triplu \u0219i construc\u021bie rezistent\u0103 la noroi. Butonul frontal mare, u\u0219or de manevrat \u0219i cele trei butoane cu senzor direct de pe laterale au o form\u0103 care permite scurgerea noroiului \u0219i a apei \u0219i sunt protejate de componente din o\u021bel inoxidabil \u00een form\u0103 de cilindru. Axele butoanelor sunt echipate cu garnituri de etan\u0219are pentru a \u021bine \u0219i ele noroiul \u0219i praful la distan\u021b\u0103, astfel \u00eenc\u00e2t sunte\u021bi gata s\u0103 aborda\u021bi cele mai dificile terenuri.<\/p>\n<p>Designul \u00eendr\u0103zne\u021b dispune de un ecran LCD cu dou\u0103 straturi, precum \u0219i de senzorul triplu pentru a oferi citiri ale altitudinii, direc\u021biei, temperaturii \u0219i presiunii barometrice direct la \u00eencheietura m\u00e2inii tale. Modulul sub\u021bire \u0219i structura Carbon Core Guard \u00eenseamn\u0103 c\u0103 toate aceste caracteristici tr\u0103iesc \u00eentr-un ceas mai sub\u021bire \u0219i mai compact, pentru un suport dur \u0219i robust cu o potrivire confortabil\u0103.<\/p>\n<p>      \u00a0 \u00a0 \u00a0 \u00a0 \u00a0 <\/p>\n<p>Sub\u021bire, dar puternic, acest design MUDMAN ofer\u0103 o func\u021bionalitate complet\u0103 \u00eentr-un exterior izbitor, construit cu o combina\u021bie complex\u0103 de componente. Busola digital\u0103 este mai practic\u0103 ca niciodat\u0103 datorit\u0103 ecranului LCD cu dou\u0103 straturi, care afi\u0219eaz\u0103 grafica busolei pe stratul superior \u0219i ora \u0219i alte citiri pe stratul inferior. Duc\u00e2nd utilitatea la un nou nivel, energia solar\u0103 ofer\u0103 o cronometrare precis\u0103 alimentat\u0103 de lumin\u0103, \u00een timp ce Super Illuminator asigur\u0103 vizibilitatea, chiar \u0219i \u00een locuri \u00eentunecate.<\/p>\n<p>Carcasa, luneta \u0219i banda de uretan sunt fabricate cu r\u0103\u0219ini bio derivate din resurse organice regenerabile. Fundul carcasei este gravat cu personajul iconic al c\u00e2rti\u021bei MUDMAN care \u021bine \u00een m\u00e2n\u0103 o busol\u0103.<\/p>","protected":false},"excerpt":{"rendered":"<p>Linia de ceasuri G-SHOCK Master of G, dezvoltat\u0103 pentru profesioni\u0219tii care lucreaz\u0103 \u00een cele mai dure medii, introduce modelul MUDMAN cu senzor triplu \u0219i construc\u021bie rezistent\u0103 la noroi. Butonul frontal mare, u\u0219or de manevrat \u0219i cele trei butoane cu senzor direct de pe laterale au o form\u0103 care permite scurgerea noroiului \u0219i a apei \u0219i [&hellip;]<\/p>\n","protected":false},"featured_media":50219,"comment_status":"closed","ping_status":"open","template":"","meta":{"_acf_changed":false},"product_brand":[],"product_cat":[27,20,419],"product_tag":[],"class_list":{"0":"post-50218","1":"product","2":"type-product","3":"status-publish","4":"has-post-thumbnail","6":"product_cat-casio","7":"product_cat-ceasuri-barbati","8":"product_cat-g-shock","9":"pa_brand-casio","10":"pa_brand-g-shock","11":"pa_braslet-cauciuc","12":"pa_corpus-53-mm","13":"pa_forma-rotund","14":"pa_funcii-alarma","15":"pa_funcii-altimetru","16":"pa_funcii-barometru","17":"pa_funcii-busola","18":"pa_funcii-calendar","19":"pa_funcii-cronometru","20":"pa_funcii-daynight","21":"pa_funcii-iluminare","22":"pa_funcii-rezerva-de-energie","23":"pa_funcii-termometru","24":"pa_funcii-timp-mondial","25":"pa_garatia-24-luni","26":"pa_korpus-verde","27":"pa_kvarc-quartz","28":"pa_material-plastic","29":"pa_mehanizm-baterie-solara","30":"pa_mehanizm-quartz","31":"pa_remeshok-verde","32":"pa_steklo-cristal-mineral","33":"pa_strana-japonia","34":"pa_voda-20-atm","36":"first","37":"instock","38":"purchasable","39":"product-type-simple"},"acf":[],"_links":{"self":[{"href":"https:\/\/ceasuri.md\/ru\/wp-json\/wp\/v2\/product\/50218","targetHints":{"allow":["GET"]}}],"collection":[{"href":"https:\/\/ceasuri.md\/ru\/wp-json\/wp\/v2\/product"}],"about":[{"href":"https:\/\/ceasuri.md\/ru\/wp-json\/wp\/v2\/types\/product"}],"replies":[{"embeddable":true,"href":"https:\/\/ceasuri.md\/ru\/wp-json\/wp\/v2\/comments?post=50218"}],"wp:featuredmedia":[{"embeddable":true,"href":"https:\/\/ceasuri.md\/ru\/wp-json\/wp\/v2\/media\/50219"}],"wp:attachment":[{"href":"https:\/\/ceasuri.md\/ru\/wp-json\/wp\/v2\/media?parent=50218"}],"wp:term":[{"taxonomy":"product_brand","embeddable":true,"href":"https:\/\/ceasuri.md\/ru\/wp-json\/wp\/v2\/product_brand?post=50218"},{"taxonomy":"product_cat","embeddable":true,"href":"https:\/\/ceasuri.md\/ru\/wp-json\/wp\/v2\/product_cat?post=50218"},{"taxonomy":"product_tag","embeddable":true,"href":"https:\/\/ceasuri.md\/ru\/wp-json\/wp\/v2\/product_tag?post=50218"}],"curies":[{"name":"wp","href":"https:\/\/api.w.org\/{rel}","templated":true}]}}