{"id":50195,"date":"2026-04-02T23:27:30","date_gmt":"2026-04-02T20:27:30","guid":{"rendered":"http:\/\/new.ceasuri.md\/shop\/uncategorized\/casio-collection-mtp-b145d-7bvef\/"},"modified":"2026-04-07T04:34:17","modified_gmt":"2026-04-07T01:34:17","slug":"casio-collection-mtp-b145d-7bvef","status":"publish","type":"product","link":"https:\/\/ceasuri.md\/ru\/shop\/branduri\/casio\/casio-collection-mtp-b145d-7bvef\/","title":{"rendered":"Ceas CASIO COLLECTION MTP-B145D-7BVEF"},"content":{"rendered":"<p>Ceasurile de m\u00e2n\u0103 Casio Collection au devenit simbolul ideilor originale \u0219i al tehnologiei moderne. Aceasta este o colec\u021bie foarte divers\u0103, cu modele elegante \u0219i solu\u021bii multifunc\u021bionale. Sunt ceasuri cu func\u021bii de calcul, ecrane de ultim\u0103 genera\u021bie, op\u021biuni de sincronizare cu smartphone-urile \u0219i multe altele.<\/p>\n<p>Majoritatea modelelor au un stil elegant, clasic, care nu le umbre\u0219te designul unic \u0219i recunoa\u0219terea excelent\u0103.<\/p>\n<p>Dac\u0103 sunte\u021bi \u00een c\u0103utarea unui ceas cu un buget accesibil, dar \u0219i durabil de la o marc\u0103 legendar\u0103, alege\u021bi ceasurile Casio Collection.<\/p>\n<p>Cufunda\u021bi-v\u0103 \u00een anii 1980 &#8211; cu un aspect \u0219i o schem\u0103 de culori retro. Designul minimalist al cadranului face o declara\u021bie de mod\u0103 pur\u0103, iar ora este at\u00e2t de u\u0219or de citit.<\/p>","protected":false},"excerpt":{"rendered":"<p>Ceasurile de m\u00e2n\u0103 Casio Collection au devenit simbolul ideilor originale \u0219i al tehnologiei moderne. Aceasta este o colec\u021bie foarte divers\u0103, cu modele elegante \u0219i solu\u021bii multifunc\u021bionale. Sunt ceasuri cu func\u021bii de calcul, ecrane de ultim\u0103 genera\u021bie, op\u021biuni de sincronizare cu smartphone-urile \u0219i multe altele. Majoritatea modelelor au un stil elegant, clasic, care nu le umbre\u0219te [&hellip;]<\/p>\n","protected":false},"featured_media":50196,"comment_status":"closed","ping_status":"open","template":"","meta":{"_acf_changed":false},"product_brand":[],"product_cat":[27,20,25],"product_tag":[],"class_list":{"0":"post-50195","1":"product","2":"type-product","3":"status-publish","4":"has-post-thumbnail","6":"product_cat-casio","7":"product_cat-ceasuri-barbati","8":"product_cat-ceasuri-dama","9":"pa_brand-casio","10":"pa_braslet-otel-inoxidabil","11":"pa_corpus-35-mm","12":"pa_forma-rotund","13":"pa_funcii-data","14":"pa_garatia-24-luni","15":"pa_korpus-argintiu","16":"pa_material-otel-inoxidabil","17":"pa_mehanizm-quartz","18":"pa_remeshok-argintiu","19":"pa_steklo-cristal-mineral","20":"pa_strana-japonia","21":"pa_voda-5-atm","23":"first","24":"instock","25":"purchasable","26":"product-type-simple"},"acf":[],"_links":{"self":[{"href":"https:\/\/ceasuri.md\/ru\/wp-json\/wp\/v2\/product\/50195","targetHints":{"allow":["GET"]}}],"collection":[{"href":"https:\/\/ceasuri.md\/ru\/wp-json\/wp\/v2\/product"}],"about":[{"href":"https:\/\/ceasuri.md\/ru\/wp-json\/wp\/v2\/types\/product"}],"replies":[{"embeddable":true,"href":"https:\/\/ceasuri.md\/ru\/wp-json\/wp\/v2\/comments?post=50195"}],"wp:featuredmedia":[{"embeddable":true,"href":"https:\/\/ceasuri.md\/ru\/wp-json\/wp\/v2\/media\/50196"}],"wp:attachment":[{"href":"https:\/\/ceasuri.md\/ru\/wp-json\/wp\/v2\/media?parent=50195"}],"wp:term":[{"taxonomy":"product_brand","embeddable":true,"href":"https:\/\/ceasuri.md\/ru\/wp-json\/wp\/v2\/product_brand?post=50195"},{"taxonomy":"product_cat","embeddable":true,"href":"https:\/\/ceasuri.md\/ru\/wp-json\/wp\/v2\/product_cat?post=50195"},{"taxonomy":"product_tag","embeddable":true,"href":"https:\/\/ceasuri.md\/ru\/wp-json\/wp\/v2\/product_tag?post=50195"}],"curies":[{"name":"wp","href":"https:\/\/api.w.org\/{rel}","templated":true}]}}