{"id":50164,"date":"2023-10-11T06:36:35","date_gmt":"2023-10-11T03:36:35","guid":{"rendered":"http:\/\/new.ceasuri.md\/shop\/uncategorized\/orient-star-contemporary-re-av0b01s00b\/"},"modified":"2026-05-01T18:04:35","modified_gmt":"2026-05-01T15:04:35","slug":"orient-star-contemporary-re-av0b01s00b","status":"publish","type":"product","link":"https:\/\/ceasuri.md\/ru\/shop\/branduri\/orient-star\/orient-star-contemporary-re-av0b01s00b\/","title":{"rendered":"\u0427\u0430\u0441\u044b ORIENT STAR CONTEMPORARY RE-AV0B01S00B"},"content":{"rendered":"<p>Noul Layered Skeleton are un cadran \u00een dou\u0103 straturi cu motive care \u00eencorporeaz\u0103 \u021bes\u0103tura costumului. Cadranul din stratul superior, care reprezint\u0103 materialul exterior al unui costum, este proiectat cu un model \u00een form\u0103 de spini de hering, \u00een timp ce cadranul din stratul inferior are un model paisley cu un luciu care aminte\u0219te de o c\u0103ptu\u0219eal\u0103 din cupra. \u021aes\u0103turile contrastante ofer\u0103 un accent unic la aspectul general al ceasului.<\/p>\n<p>Deschiderea semi-scheletului de pe cadran are form\u0103 paisley, iar designul deschis al afi\u0219ajului rezervei de putere dezv\u0103luie, de asemenea, mecanismele interne ale mi\u0219c\u0103rii mecanice.<\/p>\n<p>Aceast\u0103 senza\u021bie de profunzime combinat\u0103 cu modelele textile creeaz\u0103 un aspect atr\u0103g\u0103tor. Iar curbele u\u0219oare ale urechilor evoc\u0103 gropi\u021ba unei cravate sau drapajul unei \u021bes\u0103turi. Acest design nou \u0219i elegant ofer\u0103 un accent perfect pentru orice ocazie de afaceri.<\/p>","protected":false},"excerpt":{"rendered":"<p>Noul Layered Skeleton are un cadran \u00een dou\u0103 straturi cu motive care \u00eencorporeaz\u0103 \u021bes\u0103tura costumului. Cadranul din stratul superior, care reprezint\u0103 materialul exterior al unui costum, este proiectat cu un model \u00een form\u0103 de spini de hering, \u00een timp ce cadranul din stratul inferior are un model paisley cu un luciu care aminte\u0219te de o [&hellip;]<\/p>\n","protected":false},"featured_media":50165,"comment_status":"closed","ping_status":"open","template":"","meta":{"_acf_changed":false},"product_brand":[],"product_cat":[20,106,598],"product_tag":[],"class_list":{"0":"post-50164","1":"product","2":"type-product","3":"status-publish","4":"has-post-thumbnail","6":"product_cat-ceasuri-barbati","7":"product_cat-ceasuri-premium","8":"product_cat-orient-star","9":"pa_brand-orient-star","10":"pa_braslet-otel-inoxidabil","11":"pa_corpus-41-mm","12":"pa_forma-rotund","13":"pa_funcii-cronograf","14":"pa_funcii-rezerva-de-energie","15":"pa_funcii-semischelet","16":"pa_garatia-24-luni","17":"pa_korpus-argintiu","18":"pa_material-otel-inoxidabil","19":"pa_mehanizm-mecanic","20":"pa_mehanizm-mecanism-automatic","21":"pa_remeshok-argintiu","22":"pa_steklo-cristal-safir","23":"pa_strana-japonia","24":"pa_voda-10-atm","26":"first","27":"instock","28":"purchasable","29":"product-type-simple"},"acf":[],"_links":{"self":[{"href":"https:\/\/ceasuri.md\/ru\/wp-json\/wp\/v2\/product\/50164","targetHints":{"allow":["GET"]}}],"collection":[{"href":"https:\/\/ceasuri.md\/ru\/wp-json\/wp\/v2\/product"}],"about":[{"href":"https:\/\/ceasuri.md\/ru\/wp-json\/wp\/v2\/types\/product"}],"replies":[{"embeddable":true,"href":"https:\/\/ceasuri.md\/ru\/wp-json\/wp\/v2\/comments?post=50164"}],"wp:featuredmedia":[{"embeddable":true,"href":"https:\/\/ceasuri.md\/ru\/wp-json\/wp\/v2\/media\/50165"}],"wp:attachment":[{"href":"https:\/\/ceasuri.md\/ru\/wp-json\/wp\/v2\/media?parent=50164"}],"wp:term":[{"taxonomy":"product_brand","embeddable":true,"href":"https:\/\/ceasuri.md\/ru\/wp-json\/wp\/v2\/product_brand?post=50164"},{"taxonomy":"product_cat","embeddable":true,"href":"https:\/\/ceasuri.md\/ru\/wp-json\/wp\/v2\/product_cat?post=50164"},{"taxonomy":"product_tag","embeddable":true,"href":"https:\/\/ceasuri.md\/ru\/wp-json\/wp\/v2\/product_tag?post=50164"}],"curies":[{"name":"wp","href":"https:\/\/api.w.org\/{rel}","templated":true}]}}