{"id":50101,"date":"2023-09-23T12:28:50","date_gmt":"2023-09-23T09:28:50","guid":{"rendered":"http:\/\/new.ceasuri.md\/shop\/uncategorized\/alexander-shorokhoff-avantgarde-karo-3-as-c01-kr01l\/"},"modified":"2026-05-01T18:04:07","modified_gmt":"2026-05-01T15:04:07","slug":"alexander-shorokhoff-avantgarde-karo-3-as-c01-kr01l","status":"publish","type":"product","link":"https:\/\/ceasuri.md\/ru\/shop\/branduri\/alexander-shorokhoff\/alexander-shorokhoff-avantgarde-karo-3-as-c01-kr01l\/","title":{"rendered":"\u0427\u0430\u0441\u044b ALEXANDER SHOROKHOFF AVANTGARDE KARO 3 AS.C01-KR01L"},"content":{"rendered":"<p>CRONOGRAF &#8211; KARO 3<\/p>\n<p>Num\u0103rul &#8222;3&#8221; din denumirea ceasului simbolizeaz\u0103 cele trei straturi diferite de metal folosite pentru a produce cadranul \u0219i a-i da aspectul scheletat: argintiu, placat cu aur galben, placat cu aur roz. Toate cele trei sunt conectate \u00eentre ele \u0219i formeaz\u0103 un model \u00een carouri armonios \u0219i translucid, cu un aspect 3D interesant. Acele albastre reies perfect din culoarea cadranului pentru a indica clar ora.<\/p>\n<p>Br\u0103\u021bara completeaz\u0103 perfect tema. Diferite culori au fost \u00eencorporate \u00eentr-un model armonios de carouri \u0219i se potrivesc de minune cu conceptul general al acestui model. Acest lucru face ca ceasul s\u0103 aib\u0103 un aspect modern \u0219i proasp\u0103t. Ca o a doua variant\u0103, poate fi selectat\u0103 o curea din piele de crocodil veritabil\u0103. Aceasta accentueaz\u0103 latura elegant\u0103 \u0219i tradi\u021bional\u0103 a ceasului.<\/p>\n<p>O alt\u0103 component\u0103 important\u0103 a acestui model este mi\u0219carea cronografului par\u021bial scheletat\u0103 \u0219i gravat\u0103 manual. Este nevoie de mai multe zile pentru ca un gravor priceput  s\u0103 graveze \u00een mod elaborat o astfel de mi\u0219care.<\/p>\n<p>Cele 3 pun\u021bi de pe placa superioar\u0103 a mi\u0219c\u0103rii, care pot fi v\u0103zute prin modelul \u00een carouri, au o gravur\u0103 filigranat\u0103, finisat\u0103 manual, \u00een raze de soare. Acest lucru este controversat fa\u021b\u0103 de modelul \u00een carouri \u0219i creeaz\u0103 contrastul necesar pentru acesta. \u00cen plus, acest cronograf ofer\u0103 un cronometru, care poate fi activat cu ajutorul butonului superior. \u00cemping\u0103torul inferior readuce acul secundar \u00een pozi\u021bia sa ini\u021bial\u0103.<\/p>\n<p>De asemenea, marca comercial\u0103, num\u0103rul mare &#8222;60&#8221; nu poate lipsi din acest model. Acesta indic\u0103 cele 60 de minute ale unei ore \u0219i timpul revolu\u021bionar al anilor 60. Toate acele sunt albastre \u0219i, \u00eempreun\u0103 cu aplica\u021biile argintii ale orelor de pe inelul exterior al cadranului, faciliteaz\u0103 citirea orei.<\/p>\n<p>\u00cen general, noul model evoc\u0103 un sentiment de modernitate cuplat cu m\u0103iestria tradi\u021bional\u0103. Arat\u0103 modern, dar elegant \u0219i finisat la un standard ridicat.<\/p>\n<p>Num\u0103rul colec\u021biei \u00een edi\u021bie limitat\u0103: 20\/39. <\/p>","protected":false},"excerpt":{"rendered":"<p>CRONOGRAF &#8211; KARO 3 Num\u0103rul &#8222;3&#8221; din denumirea ceasului simbolizeaz\u0103 cele trei straturi diferite de metal folosite pentru a produce cadranul \u0219i a-i da aspectul scheletat: argintiu, placat cu aur galben, placat cu aur roz. Toate cele trei sunt conectate \u00eentre ele \u0219i formeaz\u0103 un model \u00een carouri armonios \u0219i translucid, cu un aspect 3D [&hellip;]<\/p>\n","protected":false},"featured_media":50102,"comment_status":"closed","ping_status":"open","template":"","meta":{"_acf_changed":false},"product_brand":[],"product_cat":[570,20,106,205],"product_tag":[],"class_list":{"0":"post-50101","1":"product","2":"type-product","3":"status-publish","4":"has-post-thumbnail","6":"product_cat-alexander-shorokhoff","7":"product_cat-ceasuri-barbati","8":"product_cat-ceasuri-premium","9":"product_cat-limited-edition","10":"pa_brand-alexander-shorokhoff","11":"pa_braslet-piele","12":"pa_corpus-43-mm","13":"pa_forma-rotund","14":"pa_funcii-cronograf","15":"pa_funcii-limited-edition","16":"pa_funcii-schelet","17":"pa_garatia-24-luni","18":"pa_korpus-argintiu","19":"pa_material-otel-inoxidabil","20":"pa_mehanizm-bobinaj-manual","21":"pa_mehanizm-mecanic","22":"pa_remeshok-maro","23":"pa_steklo-cristal-safir","24":"pa_strana-germania","25":"pa_voda-5-atm","27":"first","28":"outofstock","29":"purchasable","30":"product-type-simple"},"acf":[],"_links":{"self":[{"href":"https:\/\/ceasuri.md\/ru\/wp-json\/wp\/v2\/product\/50101","targetHints":{"allow":["GET"]}}],"collection":[{"href":"https:\/\/ceasuri.md\/ru\/wp-json\/wp\/v2\/product"}],"about":[{"href":"https:\/\/ceasuri.md\/ru\/wp-json\/wp\/v2\/types\/product"}],"replies":[{"embeddable":true,"href":"https:\/\/ceasuri.md\/ru\/wp-json\/wp\/v2\/comments?post=50101"}],"wp:featuredmedia":[{"embeddable":true,"href":"https:\/\/ceasuri.md\/ru\/wp-json\/wp\/v2\/media\/50102"}],"wp:attachment":[{"href":"https:\/\/ceasuri.md\/ru\/wp-json\/wp\/v2\/media?parent=50101"}],"wp:term":[{"taxonomy":"product_brand","embeddable":true,"href":"https:\/\/ceasuri.md\/ru\/wp-json\/wp\/v2\/product_brand?post=50101"},{"taxonomy":"product_cat","embeddable":true,"href":"https:\/\/ceasuri.md\/ru\/wp-json\/wp\/v2\/product_cat?post=50101"},{"taxonomy":"product_tag","embeddable":true,"href":"https:\/\/ceasuri.md\/ru\/wp-json\/wp\/v2\/product_tag?post=50101"}],"curies":[{"name":"wp","href":"https:\/\/api.w.org\/{rel}","templated":true}]}}