{"id":50093,"date":"2026-04-02T23:26:38","date_gmt":"2026-04-02T20:26:38","guid":{"rendered":"http:\/\/new.ceasuri.md\/shop\/uncategorized\/alexander-shorokhoff-avantgarde-crazy-balls-as-cb01-2\/"},"modified":"2026-04-20T01:17:59","modified_gmt":"2026-04-19T22:17:59","slug":"alexander-shorokhoff-avantgarde-crazy-balls-as-cb01-2","status":"publish","type":"product","link":"https:\/\/ceasuri.md\/ru\/shop\/branduri\/alexander-shorokhoff\/alexander-shorokhoff-avantgarde-crazy-balls-as-cb01-2\/","title":{"rendered":"\u0427\u0430\u0441\u044b ALEXANDER SHOROKHOFF AVANTGARDE CRAZY BALLS AS.CB01-2"},"content":{"rendered":"<p>Cel mai nou, mai creativ \u0219i mai crazy ceas automat &#8222;Crazy Balls&#8221; continu\u0103 linia de ceasuri avangardiste ale m\u0103rcii &#8222;Alexander Shorokhoff&#8221;. Este succesorul primului model aniversar &#8222;Crazy Eyes&#8221;, care a fost dedicat lui Gustav Klimt, potrivit pentru cea de-a 30-a aniversare a fabricii.<\/p>\n<p>\u0218i, dup\u0103 cum sugereaz\u0103 \u0219i numele, acest model artistic se refer\u0103 din nou la fanteziile oarecum nebune\u0219ti ale unui ceas de m\u00e2n\u0103 al lui Alexander Shorokhov. Pentru c\u0103 v\u00e2nzarea rapid\u0103 a primului model aniversar &#8222;Crazy Eyes&#8221;, care a fost limitat la doar 30 de buc\u0103\u021bi, i-a dat dreptate lui Alexander Shorokhov: clien\u021bii \u00eei iubesc interpret\u0103rile sale nebune\u0219ti, spiritul s\u0103u liber \u0219i curajul s\u0103u ne\u00eenfricat de a folosi culoarea. Prin urmare, numai cererile \u00eenc\u0103 \u00een curs de desf\u0103\u0219urare pentru predecesorul, care era deja epuizat de mult timp, nu l-au f\u0103cut s\u0103 ezite s\u0103 dezvolte acest nou model pentru a satisface cererea mare a clien\u021bilor.<\/p>\n<p>&#8222;Bilele Crazy&#8221; \u00eenc\u00e2nt\u0103 cu idei de design \u0219i culori noi, artistice. Aici, &#8222;bilele&#8221; colorate emailate care se deplaseaz\u0103 din centrul cadranului spre exterior joac\u0103 rolul principal. Ele nu sunt plasate simetric \u0219i uniform, ci aleatoriu \u0219i liber, \u00een func\u021bie de culori \u0219i dimensiuni, \u0219i sunt oarecum ridicate de pe cadran. Ele transmit un sentiment de bucurie, entuziasm \u0219i mobilitate, dans\u00e2nd literalmente pe scena cadranului roz sau argintiu. Dar pe cadran pot fi g\u0103site \u0219i alte bile, cum ar fi mingea de tenis sau o reprezentare tehnic\u0103 a globului p\u0103m\u00e2ntesc sub marea marc\u0103 \u00eenregistrat\u0103, num\u0103rul mare &#8222;60&#8221;.<\/p>\n<p>\u00cen combina\u021bie cu fa\u021ba avangardist\u0103 nebun\u0103, a fost creat\u0103 o br\u0103\u021bar\u0103 asortat\u0103: o curea din piele de stingray de culoare albastr\u0103 \u0219i ro\u0219ie. Cu toate acestea, culoarea final\u0103 a curelei din piele de stingray de culoare ro\u0219ie poate s\u0103 difere u\u0219or, deoarece pielea de stingray este un produs natural. Aspectul obi\u0219nuit al unei carcase din o\u021bel inoxidabil de 39 mm cu rezisten\u021b\u0103 la ap\u0103 de 5 ATM r\u0103m\u00e2ne acela\u0219i.<\/p>\n<p>Mi\u0219carea utilizat\u0103 este robustul \u0219i foarte fiabilul calibru automat elve\u021bian SW200, care este gravat \u0219i rafinat manual \u00een manufactura de ceasuri &#8222;Alexander Shorokhoff&#8221;. Acesta are \u0219uruburi albastre \u0219i o rezerv\u0103 de putere de 38 de ore.<\/p>\n<p>Per total, noul obiect de art\u0103 &#8222;Crazy Balls&#8221; este o oper\u0103 de art\u0103 inovatoare \u0219i crazy pentru \u00eencheietura m\u00e2inii, care este \u00een deplin\u0103 concordan\u021b\u0103 cu filosofia m\u0103rcii.<\/p>\n<p>Num\u0103rul colec\u021biei \u00een edi\u021bie limitat\u0103: 34\/88.<\/p>","protected":false},"excerpt":{"rendered":"<p>Cel mai nou, mai creativ \u0219i mai crazy ceas automat &#8222;Crazy Balls&#8221; continu\u0103 linia de ceasuri avangardiste ale m\u0103rcii &#8222;Alexander Shorokhoff&#8221;. Este succesorul primului model aniversar &#8222;Crazy Eyes&#8221;, care a fost dedicat lui Gustav Klimt, potrivit pentru cea de-a 30-a aniversare a fabricii. \u0218i, dup\u0103 cum sugereaz\u0103 \u0219i numele, acest model artistic se refer\u0103 din [&hellip;]<\/p>\n","protected":false},"featured_media":50094,"comment_status":"closed","ping_status":"open","template":"","meta":{"_acf_changed":false},"product_brand":[],"product_cat":[570,20,106,205],"product_tag":[],"class_list":{"0":"post-50093","1":"product","2":"type-product","3":"status-publish","4":"has-post-thumbnail","6":"product_cat-alexander-shorokhoff","7":"product_cat-ceasuri-barbati","8":"product_cat-ceasuri-premium","9":"product_cat-limited-edition","10":"pa_brand-alexander-shorokhoff","11":"pa_braslet-piele","12":"pa_corpus-39-mm","13":"pa_forma-rotund","14":"pa_funcii-data","15":"pa_funcii-limited-edition","16":"pa_garatia-24-luni","17":"pa_korpus-argintiu","18":"pa_material-otel-inoxidabil","19":"pa_mehanizm-mecanic","20":"pa_mehanizm-mecanism-automatic","21":"pa_remeshok-rosu","22":"pa_steklo-cristal-safir","23":"pa_strana-germania","24":"pa_voda-5-atm","26":"first","27":"instock","28":"purchasable","29":"product-type-simple"},"acf":[],"_links":{"self":[{"href":"https:\/\/ceasuri.md\/ru\/wp-json\/wp\/v2\/product\/50093","targetHints":{"allow":["GET"]}}],"collection":[{"href":"https:\/\/ceasuri.md\/ru\/wp-json\/wp\/v2\/product"}],"about":[{"href":"https:\/\/ceasuri.md\/ru\/wp-json\/wp\/v2\/types\/product"}],"replies":[{"embeddable":true,"href":"https:\/\/ceasuri.md\/ru\/wp-json\/wp\/v2\/comments?post=50093"}],"wp:featuredmedia":[{"embeddable":true,"href":"https:\/\/ceasuri.md\/ru\/wp-json\/wp\/v2\/media\/50094"}],"wp:attachment":[{"href":"https:\/\/ceasuri.md\/ru\/wp-json\/wp\/v2\/media?parent=50093"}],"wp:term":[{"taxonomy":"product_brand","embeddable":true,"href":"https:\/\/ceasuri.md\/ru\/wp-json\/wp\/v2\/product_brand?post=50093"},{"taxonomy":"product_cat","embeddable":true,"href":"https:\/\/ceasuri.md\/ru\/wp-json\/wp\/v2\/product_cat?post=50093"},{"taxonomy":"product_tag","embeddable":true,"href":"https:\/\/ceasuri.md\/ru\/wp-json\/wp\/v2\/product_tag?post=50093"}],"curies":[{"name":"wp","href":"https:\/\/api.w.org\/{rel}","templated":true}]}}