{"id":50086,"date":"2026-04-02T23:26:38","date_gmt":"2026-04-02T20:26:38","guid":{"rendered":"http:\/\/new.ceasuri.md\/shop\/uncategorized\/alexander-shorokhoff-avantgarde-sixtythree-as-la02-3\/"},"modified":"2026-04-20T01:18:01","modified_gmt":"2026-04-19T22:18:01","slug":"alexander-shorokhoff-avantgarde-sixtythree-as-la02-3","status":"publish","type":"product","link":"https:\/\/ceasuri.md\/ru\/shop\/branduri\/alexander-shorokhoff\/alexander-shorokhoff-avantgarde-sixtythree-as-la02-3\/","title":{"rendered":"\u0427\u0430\u0441\u044b ALEXANDER SHOROKHOFF AVANTGARDE SIXTYTHREE AS.LA02-3"},"content":{"rendered":"<p>Un ceas de vintage unic \u0219i nobil. Modelul &#8222;\u0218aizeci \u0219i trei&#8221;, cu sticla safir cilindric\u0103, este inspirat de ceasurile plate din anii &#8217;60. Acest design a fost foarte popular la acea vreme \u0219i define\u0219te imaginea pe care o avem din acest deceniu revolu\u021bionar. Scopul a fost de a transpune spiritul \u0219i tradi\u021bia trecutului \u00eentr-un nou design Alexander Shorokhoff.<\/p>\n<p>Carcasa din o\u021bel inoxidabil este completat\u0103 de un geam de safir cilindric, care este dificil de fabricat. Ceasul este rezistent la ap\u0103 p\u00e2n\u0103 la 5 atm. La fel ca modelele din anii &#8217;60, cadranul curbat al modelelor 63 este disponibil \u00een albastru \u00eenchis, verde smarald, ro\u0219u bordeaux sau negru intens. Indicii 20, 40 \u0219i 60 placa\u021bi cu aur roz sunt capodopere de precizie datorit\u0103 faptului c\u0103 trebuie s\u0103 compenseze cadranul curbat.<\/p>\n<p>Aspectul fin merit\u0103 efortul depus, iar sticla curbat\u0103 face ca ceasul s\u0103 par\u0103 mai mare dec\u00e2t este de fapt. Acest efect face ca ceasul s\u0103 fie popular at\u00e2t pentru b\u0103rba\u021bi, c\u00e2t \u0219i pentru femei. Rotorul mi\u0219c\u0103rii elve\u021biene 2892.AS este personalizat, a\u0219a cum v-a\u021bi a\u0219tepta de la un Alexander Shorokhoff.<\/p>\n<p>Num\u0103rul colec\u021biei \u00een edi\u021bie limitat\u0103: 443.<\/p>","protected":false},"excerpt":{"rendered":"<p>Un ceas de vintage unic \u0219i nobil. Modelul &#8222;\u0218aizeci \u0219i trei&#8221;, cu sticla safir cilindric\u0103, este inspirat de ceasurile plate din anii &#8217;60. Acest design a fost foarte popular la acea vreme \u0219i define\u0219te imaginea pe care o avem din acest deceniu revolu\u021bionar. Scopul a fost de a transpune spiritul \u0219i tradi\u021bia trecutului \u00eentr-un nou [&hellip;]<\/p>\n","protected":false},"featured_media":50087,"comment_status":"closed","ping_status":"open","template":"","meta":{"_acf_changed":false},"product_brand":[],"product_cat":[570,20,106,205],"product_tag":[],"class_list":{"0":"post-50086","1":"product","2":"type-product","3":"status-publish","4":"has-post-thumbnail","6":"product_cat-alexander-shorokhoff","7":"product_cat-ceasuri-barbati","8":"product_cat-ceasuri-premium","9":"product_cat-limited-edition","10":"pa_brand-alexander-shorokhoff","11":"pa_braslet-piele","12":"pa_corpus-40-mm","13":"pa_forma-rotund","14":"pa_funcii-data","15":"pa_funcii-limited-edition","16":"pa_garatia-24-luni","17":"pa_korpus-argintiu","18":"pa_material-otel-inoxidabil","19":"pa_mehanizm-mecanic","20":"pa_mehanizm-mecanism-automatic","21":"pa_remeshok-maro","22":"pa_steklo-cristal-safir","23":"pa_strana-germania","24":"pa_voda-5-atm","26":"first","27":"instock","28":"purchasable","29":"product-type-simple"},"acf":[],"_links":{"self":[{"href":"https:\/\/ceasuri.md\/ru\/wp-json\/wp\/v2\/product\/50086","targetHints":{"allow":["GET"]}}],"collection":[{"href":"https:\/\/ceasuri.md\/ru\/wp-json\/wp\/v2\/product"}],"about":[{"href":"https:\/\/ceasuri.md\/ru\/wp-json\/wp\/v2\/types\/product"}],"replies":[{"embeddable":true,"href":"https:\/\/ceasuri.md\/ru\/wp-json\/wp\/v2\/comments?post=50086"}],"wp:featuredmedia":[{"embeddable":true,"href":"https:\/\/ceasuri.md\/ru\/wp-json\/wp\/v2\/media\/50087"}],"wp:attachment":[{"href":"https:\/\/ceasuri.md\/ru\/wp-json\/wp\/v2\/media?parent=50086"}],"wp:term":[{"taxonomy":"product_brand","embeddable":true,"href":"https:\/\/ceasuri.md\/ru\/wp-json\/wp\/v2\/product_brand?post=50086"},{"taxonomy":"product_cat","embeddable":true,"href":"https:\/\/ceasuri.md\/ru\/wp-json\/wp\/v2\/product_cat?post=50086"},{"taxonomy":"product_tag","embeddable":true,"href":"https:\/\/ceasuri.md\/ru\/wp-json\/wp\/v2\/product_tag?post=50086"}],"curies":[{"name":"wp","href":"https:\/\/api.w.org\/{rel}","templated":true}]}}