{"id":50078,"date":"2026-04-02T23:25:48","date_gmt":"2026-04-02T20:25:48","guid":{"rendered":"http:\/\/new.ceasuri.md\/shop\/uncategorized\/alexander-shorokhoff-avantgarde-autumn-as-la-amn-10\/"},"modified":"2026-04-20T01:18:03","modified_gmt":"2026-04-19T22:18:03","slug":"alexander-shorokhoff-avantgarde-autumn-as-la-amn-10","status":"publish","type":"product","link":"https:\/\/ceasuri.md\/ru\/shop\/branduri\/alexander-shorokhoff\/alexander-shorokhoff-avantgarde-autumn-as-la-amn-10\/","title":{"rendered":"\u0427\u0430\u0441\u044b ALEXANDER SHOROKHOFF AVANTGARDE AUTUMN AS.LA-AMN-10"},"content":{"rendered":"<p>Unul dintre cele mai cunoscute modele ale manufacturii de ceasuri Alexander Shorokhoff este ceasul &#8222;Winter&#8221;. Acest model inspir\u0103 publicul interna\u021bional de ani de zile. Dar nu numai at\u00e2t, pentru c\u0103 \u00een 2017 modelul a convins \u0219i juriul de exper\u021bi al German Design Award \u0219i poart\u0103 titlul &#8222;Special Mention 2017&#8221;.<\/p>\n<p>Acum era momentul s\u0103 ne g\u00e2ndim la proiectarea altor anotimpuri. Pentru a prezenta toamna \u00een toat\u0103 splendoarea ei, sunt necesare multe tonuri de maro \u0219i auriu. Paleta de culori a toamnei ofer\u0103 o selec\u021bie mare de multe nuan\u021be diferite. De asemenea, un portocaliu \u00eenchis se potrive\u0219te perfect \u00een spectrul de culori calde. \u0218i acestea sunt exact culorile pe care Alexander Shorokhov le-a ales pentru a crea noul s\u0103u model &#8222;Toamna&#8221;.<\/p>\n<p>\u00centregul design se bazeaz\u0103 pe ceasul automat de succes &#8222;Winter&#8221;, dar a fost asortat la culoare \u0219i astfel \u00ee\u0219i schimb\u0103 drastic aspectul. Designul frunzelor este rafinat \u00een galben-auriu, praful de diamant este sub\u00een\u021beles cu culoarea portocalie. Carcasa placat \u00eentr-un ton cald de ciocolat\u0103. La r\u00e2ndul s\u0103u, cureaua din piele de stingray str\u0103luce\u0219te \u00eentr-un ro\u0219u aprins. Acest lucru accentueaz\u0103 noul aspect \u0219i \u00eei confer\u0103 un aspect foarte armonios.<\/p>\n<p>Dar asta nu este tot &#8211; rotorul mi\u0219c\u0103rii automate elve\u021biene este prev\u0103zut \u0219i cu o frunz\u0103 de ar\u021bar aurie gravat\u0103 manual pentru a manifesta tema \u00eentr-o not\u0103 final\u0103. Acest lucru confer\u0103 ceasului un aspect excep\u021bional \u0219i va pune \u00een valoare fiecare \u00eencheietur\u0103 la cel mai \u00eenalt nivel.<\/p>","protected":false},"excerpt":{"rendered":"<p>Unul dintre cele mai cunoscute modele ale manufacturii de ceasuri Alexander Shorokhoff este ceasul &#8222;Winter&#8221;. Acest model inspir\u0103 publicul interna\u021bional de ani de zile. Dar nu numai at\u00e2t, pentru c\u0103 \u00een 2017 modelul a convins \u0219i juriul de exper\u021bi al German Design Award \u0219i poart\u0103 titlul &#8222;Special Mention 2017&#8221;. Acum era momentul s\u0103 ne g\u00e2ndim [&hellip;]<\/p>\n","protected":false},"featured_media":50079,"comment_status":"closed","ping_status":"open","template":"","meta":{"_acf_changed":false},"product_brand":[],"product_cat":[570,20,106],"product_tag":[],"class_list":{"0":"post-50078","1":"product","2":"type-product","3":"status-publish","4":"has-post-thumbnail","6":"product_cat-alexander-shorokhoff","7":"product_cat-ceasuri-barbati","8":"product_cat-ceasuri-premium","9":"pa_brand-alexander-shorokhoff","10":"pa_braslet-piele","11":"pa_corpus-39-mm","12":"pa_forma-rotund","13":"pa_funcii-data","14":"pa_garatia-24-luni","15":"pa_korpus-roz-gold","16":"pa_material-otel-inoxidabil","17":"pa_mehanizm-mecanic","18":"pa_mehanizm-mecanism-automatic","19":"pa_remeshok-rosu","20":"pa_steklo-cristal-safir","21":"pa_strana-germania","22":"pa_voda-5-atm","24":"first","25":"instock","26":"purchasable","27":"product-type-simple"},"acf":[],"_links":{"self":[{"href":"https:\/\/ceasuri.md\/ru\/wp-json\/wp\/v2\/product\/50078","targetHints":{"allow":["GET"]}}],"collection":[{"href":"https:\/\/ceasuri.md\/ru\/wp-json\/wp\/v2\/product"}],"about":[{"href":"https:\/\/ceasuri.md\/ru\/wp-json\/wp\/v2\/types\/product"}],"replies":[{"embeddable":true,"href":"https:\/\/ceasuri.md\/ru\/wp-json\/wp\/v2\/comments?post=50078"}],"wp:featuredmedia":[{"embeddable":true,"href":"https:\/\/ceasuri.md\/ru\/wp-json\/wp\/v2\/media\/50079"}],"wp:attachment":[{"href":"https:\/\/ceasuri.md\/ru\/wp-json\/wp\/v2\/media?parent=50078"}],"wp:term":[{"taxonomy":"product_brand","embeddable":true,"href":"https:\/\/ceasuri.md\/ru\/wp-json\/wp\/v2\/product_brand?post=50078"},{"taxonomy":"product_cat","embeddable":true,"href":"https:\/\/ceasuri.md\/ru\/wp-json\/wp\/v2\/product_cat?post=50078"},{"taxonomy":"product_tag","embeddable":true,"href":"https:\/\/ceasuri.md\/ru\/wp-json\/wp\/v2\/product_tag?post=50078"}],"curies":[{"name":"wp","href":"https:\/\/api.w.org\/{rel}","templated":true}]}}