{"id":50071,"date":"2023-09-23T12:28:42","date_gmt":"2023-09-23T09:28:42","guid":{"rendered":"http:\/\/new.ceasuri.md\/shop\/uncategorized\/alexander-shorokhoff-shar-as-sh05-1y\/"},"modified":"2026-05-01T18:03:53","modified_gmt":"2026-05-01T15:03:53","slug":"alexander-shorokhoff-shar-as-sh05-1y","status":"publish","type":"product","link":"https:\/\/ceasuri.md\/ru\/shop\/branduri\/alexander-shorokhoff\/alexander-shorokhoff-shar-as-sh05-1y\/","title":{"rendered":"\u0427\u0430\u0441\u044b ALEXANDER SHOROKHOFF SHAR AS.SH05-1Y"},"content":{"rendered":"<p>Forma sferic\u0103 este \u00eent\u00e2lnit\u0103 peste tot: \u00een natur\u0103, \u00een tehnologie \u0219i chiar \u0219i \u00een art\u0103. Forma se apropie de perfec\u021biune &#8211; f\u0103r\u0103 margini \u0219i col\u021buri, dar \u0219i f\u0103r\u0103 \u00eenceput \u0219i sf\u00e2r\u0219it. Forma fascineaz\u0103 mul\u021bi arti\u0219ti \u0219i tehnicieni spre noi obiecte de art\u0103 sau descoperiri tehnice. Alexander Shorokhov a fost, de asemenea, fascinat de forma sferei \u0219i a creat noul s\u0103u ceas &#8222;Shar&#8221; \u00eentr-o form\u0103 absolut rotund\u0103. Sinonim cu forma ceasului este \u0219i numele s\u0103u, care nu a fost ales \u00eent\u00e2mpl\u0103tor. Tradus din limba rus\u0103, acesta \u00eenseamn\u0103 &#8222;sfer\u0103&#8221;.<\/p>\n<p>Carcasa \u0219i geamul frontal sunt unite \u00een forma unei sfere. Pentru a conecta partea inferioar\u0103 \u0219i corpul carcasei f\u0103r\u0103 margini \u0219i g\u0103uri suplimentare, a fost dezvoltat un design cu un singur \u0219urub. \u0218urubul este situat \u00een centrul p\u0103r\u021bii din spate a carcasei, conecteaz\u0103 cele dou\u0103 p\u0103r\u021bi \u00eentr-un mod rezistent la ap\u0103 \u0219i are, de asemenea, o form\u0103 emisferic\u0103 care se potrive\u0219te cu forma general\u0103. Cristalul de safir se potrive\u0219te perfect cu forma sferic\u0103 \u0219i se \u00eembin\u0103 aproape perfect cu carcasa.<\/p>\n<p>\u00cen interiorul ceasului tic\u0103ie mi\u0219carea elve\u021bian\u0103 ETA.2671 cu \u00eenc\u0103rcare automat\u0103. Rotorul mi\u0219c\u0103rii este gravat manual, ca de obicei pentru Alexander Shorokhoff. Cadranul este disponibil \u00eentr-o varietate de finisaje, op\u021bional gravat manual cu motive florale \u0219i finisat cu rodiu, perl\u0103, piatr\u0103 albastr\u0103 sau malachit.<\/p>\n<p>Rezultatul este o premier\u0103 mondial\u0103: primul ceas de m\u00e2n\u0103 absolut rotund realizat de Alexander Shorokhoff.<\/p>\n<p>\u00cen orice caz, este un pas \u00eendr\u0103zne\u021b al designerului Alexander Shorokhoff, care dore\u0219te s\u0103 mearg\u0103 \u00een nou \u0219i \u00een viitor. Dac\u0103 este un obiect de art\u0103, purt\u0103torul sau privitorul va decide. Dar exact a\u0219a a fost conceput acest ceas.<\/p>\n<p>Num\u0103rul colec\u021biei \u00een edi\u021bie limitat\u0103: 25\/30.<\/p>","protected":false},"excerpt":{"rendered":"<p>Forma sferic\u0103 este \u00eent\u00e2lnit\u0103 peste tot: \u00een natur\u0103, \u00een tehnologie \u0219i chiar \u0219i \u00een art\u0103. Forma se apropie de perfec\u021biune &#8211; f\u0103r\u0103 margini \u0219i col\u021buri, dar \u0219i f\u0103r\u0103 \u00eenceput \u0219i sf\u00e2r\u0219it. Forma fascineaz\u0103 mul\u021bi arti\u0219ti \u0219i tehnicieni spre noi obiecte de art\u0103 sau descoperiri tehnice. Alexander Shorokhov a fost, de asemenea, fascinat de forma sferei [&hellip;]<\/p>\n","protected":false},"featured_media":50072,"comment_status":"closed","ping_status":"open","template":"","meta":{"_acf_changed":false},"product_brand":[],"product_cat":[570,25,106,205],"product_tag":[],"class_list":{"0":"post-50071","1":"product","2":"type-product","3":"status-publish","4":"has-post-thumbnail","6":"product_cat-alexander-shorokhoff","7":"product_cat-ceasuri-dama","8":"product_cat-ceasuri-premium","9":"product_cat-limited-edition","10":"pa_brand-alexander-shorokhoff","11":"pa_braslet-piele","12":"pa_corpus-25-mm","13":"pa_forma-rotund","14":"pa_funcii-data","15":"pa_funcii-limited-edition","16":"pa_garatia-24-luni","17":"pa_korpus-auriu","18":"pa_material-otel-inoxidabil","19":"pa_mehanizm-mecanic","20":"pa_mehanizm-mecanism-automatic","21":"pa_remeshok-maro","22":"pa_steklo-cristal-safir","23":"pa_strana-germania","24":"pa_voda-3-atm","26":"first","27":"instock","28":"purchasable","29":"product-type-simple"},"acf":[],"_links":{"self":[{"href":"https:\/\/ceasuri.md\/ru\/wp-json\/wp\/v2\/product\/50071","targetHints":{"allow":["GET"]}}],"collection":[{"href":"https:\/\/ceasuri.md\/ru\/wp-json\/wp\/v2\/product"}],"about":[{"href":"https:\/\/ceasuri.md\/ru\/wp-json\/wp\/v2\/types\/product"}],"replies":[{"embeddable":true,"href":"https:\/\/ceasuri.md\/ru\/wp-json\/wp\/v2\/comments?post=50071"}],"wp:featuredmedia":[{"embeddable":true,"href":"https:\/\/ceasuri.md\/ru\/wp-json\/wp\/v2\/media\/50072"}],"wp:attachment":[{"href":"https:\/\/ceasuri.md\/ru\/wp-json\/wp\/v2\/media?parent=50071"}],"wp:term":[{"taxonomy":"product_brand","embeddable":true,"href":"https:\/\/ceasuri.md\/ru\/wp-json\/wp\/v2\/product_brand?post=50071"},{"taxonomy":"product_cat","embeddable":true,"href":"https:\/\/ceasuri.md\/ru\/wp-json\/wp\/v2\/product_cat?post=50071"},{"taxonomy":"product_tag","embeddable":true,"href":"https:\/\/ceasuri.md\/ru\/wp-json\/wp\/v2\/product_tag?post=50071"}],"curies":[{"name":"wp","href":"https:\/\/api.w.org\/{rel}","templated":true}]}}