{"id":50067,"date":"2026-04-02T23:25:48","date_gmt":"2026-04-02T20:25:48","guid":{"rendered":"http:\/\/new.ceasuri.md\/shop\/uncategorized\/alexander-shorokhoff-collectibles-straight-curve-as-v7-sc2\/"},"modified":"2026-04-20T01:18:05","modified_gmt":"2026-04-19T22:18:05","slug":"alexander-shorokhoff-collectibles-straight-curve-as-v7-sc2","status":"publish","type":"product","link":"https:\/\/ceasuri.md\/ru\/shop\/branduri\/alexander-shorokhoff\/alexander-shorokhoff-collectibles-straight-curve-as-v7-sc2\/","title":{"rendered":"\u0427\u0430\u0441\u044b ALEXANDER SHOROKHOFF COLLECTIBLES STRAIGHT &#038; CURVE AS.V7-SC2"},"content":{"rendered":"<p>Alexander Shorokhov merge, de asemenea, pe drumul s\u0103u propriu \u00een domeniul designului de ceasuri, combin\u00e2nd dou\u0103 opuse deodat\u0103. Pentru c\u0103 el crede: &#8222;O linie dreapt\u0103 este genial\u0103, dar o linie curb\u0103 este divin\u0103!&#8221;. Opuse \u0219i totu\u0219i se \u00eembog\u0103\u021besc reciproc.<\/p>\n<p>\u0218i asta este exact ceea ce vede\u021bi \u00een cea mai recent\u0103 crea\u021bie a sa, &#8222;Straight &amp; Curve&#8221;. Modelul combin\u0103 exact aceste linii drepte cu cele curbe \u00eentr-un aspect armonios. \u00centregul cadran nu este aglomerat, ci reu\u0219e\u0219te \u00een mod juc\u0103u\u0219 s\u0103 combine cele dou\u0103 elemente ca actori principali ai cadranului. Ele dau incon\u0219tient tonul acestui ceas automat elegant. Modelele de linii curbe \u0219erpuiesc pentru a se potrivi cu forma cadranului \u00een zona din dreapta sus a cadranului, \u00een timp ce liniile drepte \u00ee\u0219i g\u0103sesc locul \u00een st\u00e2nga inscrip\u021biei &#8222;Alexander Shorokhoff&#8221;. Ele eman\u0103 o anumit\u0103 armonie contrarie, iar acest lucru este ceea ce face ca ceasul s\u0103 fie at\u00e2t de special.<\/p>\n<p>Cadranul cu design avangardist este completat de dou\u0103 aplica\u021bii pentru ore la ora 3 \u0219i 9, care reiau stilul vintage al anilor 60\/70. \u00cempreun\u0103 cu acele placate cu aur \u0219i cu num\u0103rul mare 60, acestea ofer\u0103 o foarte bun\u0103 lizibilitate a orei.<\/p>\n<p>Pentru carcas\u0103 a fost aleas\u0103 o dimensiune mic\u0103, de 39,5 mm, care completeaz\u0103 referin\u021ba la anii &#8217;60. Este rotunjit\u0103 pe laturi, \u00een timp ce luneta \u0219i partea din spate a carcasei sunt lustruite, iar partea din mijloc are un aspect periat. Din ambele p\u0103r\u021bi, din fa\u021b\u0103 \u0219i din spate, carcasa este acoperit\u0103 cu geamuri safir. Garniturile speciale de geamuri din Hytrel \u0219i garniturile din cauciuc pentru lunet\u0103 \u0219i spate permit o rezisten\u021b\u0103 la ap\u0103 de 5 ATM.<\/p>\n<p>Mi\u0219carea este calibrul Poljot 2616.2H, care a fost introdus pentru prima dat\u0103 \u00een 1972. Are un diametru de 26 mm, cu rotorul care dep\u0103\u0219e\u0219te mi\u0219carea cu \u00eenc\u0103 1,5 mm, rezult\u00e2nd un diametru de 27,5 mm. Mi\u0219carea dispune, de asemenea, de un mecanism de dat\u0103, de\u0219i nu unul simplu, ci un mecanism de schimbare instantanee a datei. Aceasta este complet dezasamblat\u0103, gravat\u0103, rafinat\u0103, retu\u0219at\u0103, uns\u0103 din nou, asamblat\u0103, reglat\u0103 \u0219i certificat\u0103 la Manufactura Alexander Shorokhoff. Dup\u0103 aceea, ob\u021bine\u021bi o frumuse\u021be mecanic\u0103 ce poate fi privit\u0103 prin spatele carcasei din cristal de safir.<\/p>\n<p>Num\u0103rul colec\u021biei \u00een edi\u021bie limitat\u0103: 08\/30.<\/p>","protected":false},"excerpt":{"rendered":"<p>Alexander Shorokhov merge, de asemenea, pe drumul s\u0103u propriu \u00een domeniul designului de ceasuri, combin\u00e2nd dou\u0103 opuse deodat\u0103. Pentru c\u0103 el crede: &#8222;O linie dreapt\u0103 este genial\u0103, dar o linie curb\u0103 este divin\u0103!&#8221;. Opuse \u0219i totu\u0219i se \u00eembog\u0103\u021besc reciproc. \u0218i asta este exact ceea ce vede\u021bi \u00een cea mai recent\u0103 crea\u021bie a sa, &#8222;Straight &amp; [&hellip;]<\/p>\n","protected":false},"featured_media":50068,"comment_status":"closed","ping_status":"open","template":"","meta":{"_acf_changed":false},"product_brand":[],"product_cat":[570,20,106,205],"product_tag":[],"class_list":{"0":"post-50067","1":"product","2":"type-product","3":"status-publish","4":"has-post-thumbnail","6":"product_cat-alexander-shorokhoff","7":"product_cat-ceasuri-barbati","8":"product_cat-ceasuri-premium","9":"product_cat-limited-edition","10":"pa_brand-alexander-shorokhoff","11":"pa_braslet-piele","12":"pa_corpus-39-mm","13":"pa_forma-rotund","14":"pa_funcii-data","15":"pa_funcii-limited-edition","16":"pa_garatia-24-luni","17":"pa_korpus-argintiu","18":"pa_material-otel-inoxidabil","19":"pa_mehanizm-mecanic","20":"pa_mehanizm-mecanism-automatic","21":"pa_remeshok-maro","22":"pa_steklo-cristal-safir","23":"pa_strana-germania","24":"pa_voda-5-atm","26":"first","27":"instock","28":"purchasable","29":"product-type-simple"},"acf":[],"_links":{"self":[{"href":"https:\/\/ceasuri.md\/ru\/wp-json\/wp\/v2\/product\/50067","targetHints":{"allow":["GET"]}}],"collection":[{"href":"https:\/\/ceasuri.md\/ru\/wp-json\/wp\/v2\/product"}],"about":[{"href":"https:\/\/ceasuri.md\/ru\/wp-json\/wp\/v2\/types\/product"}],"replies":[{"embeddable":true,"href":"https:\/\/ceasuri.md\/ru\/wp-json\/wp\/v2\/comments?post=50067"}],"wp:featuredmedia":[{"embeddable":true,"href":"https:\/\/ceasuri.md\/ru\/wp-json\/wp\/v2\/media\/50068"}],"wp:attachment":[{"href":"https:\/\/ceasuri.md\/ru\/wp-json\/wp\/v2\/media?parent=50067"}],"wp:term":[{"taxonomy":"product_brand","embeddable":true,"href":"https:\/\/ceasuri.md\/ru\/wp-json\/wp\/v2\/product_brand?post=50067"},{"taxonomy":"product_cat","embeddable":true,"href":"https:\/\/ceasuri.md\/ru\/wp-json\/wp\/v2\/product_cat?post=50067"},{"taxonomy":"product_tag","embeddable":true,"href":"https:\/\/ceasuri.md\/ru\/wp-json\/wp\/v2\/product_tag?post=50067"}],"curies":[{"name":"wp","href":"https:\/\/api.w.org\/{rel}","templated":true}]}}