{"id":50044,"date":"2026-04-02T23:25:48","date_gmt":"2026-04-02T20:25:48","guid":{"rendered":"http:\/\/new.ceasuri.md\/shop\/uncategorized\/poljot-international-arctis-9011-1940412\/"},"modified":"2026-04-20T01:18:10","modified_gmt":"2026-04-19T22:18:10","slug":"poljot-international-arctis-9011-1940412","status":"publish","type":"product","link":"https:\/\/ceasuri.md\/ru\/shop\/branduri\/poljot-international\/poljot-international-arctis-9011-1940412\/","title":{"rendered":"\u0427\u0430\u0441\u044b POLJOT INTERNATIONAL ARCTIS 9011.1940412"},"content":{"rendered":"<p>Arctica este regiunea P\u0103m\u00e2ntului din jurul Polului Nord. Termenul Arctic provine din greaca veche \u0219i \u00eenseamn\u0103 &#8222;urs&#8221;. Acesta este, de asemenea, sursa de inspira\u021bie pentru noul model &#8222;Arctis&#8221; cu \u00eenc\u0103rcare manual\u0103.<\/p>\n<p>Dar nu numai ursul polar, care decoreaz\u0103 cercul drept al cadranului ca motiv principal, ci \u0219i contrastele de culoare ale modelelor individuale, joac\u0103 un rol important \u00een acest ceas cu lichidare manual\u0103. Patru variante de culori diferite reflect\u0103 tema din jurul Polului Nord. Uneori un pic mai lini\u0219tit\u0103 \u0219i mai clasic\u0103, alteori izbitoare \u0219i contrastante, ca doi poli opu\u0219i.<\/p>\n<p>Acele neobi\u0219nuite ies clar \u00een eviden\u021b\u0103 de pe cadran. Cu podul lor lung \u0219i v\u00e2rfurile mari \u0219i triunghiulare, ele arat\u0103 unghiular \u0219i solid, precum ghea\u021ba de la Polul Nord. \u00cen acela\u0219i timp, ele fac mai u\u0219or citirea orei \u0219i confer\u0103 ceasului un aspect sportiv. Indicatorii mari \u0219i triunghiulari ai orelor de la ora 6 \u0219i 12 se potrivesc cu designul acelor prin forma \u0219i culoarea lor. Ceasurile mici \u0219i rotunde se potrivesc, de asemenea, cu culoarea acelor.<\/p>\n<p>Cureaua din piele a fost selectat\u0103 pentru a v\u0103 pune \u0219i mai mult \u00een valoare \u00eencheietura m\u00e2inii. Pielea moale \u00eembr\u0103\u021bi\u0219eaz\u0103 perfect orice circumferin\u021b\u0103, iar cus\u0103turile laterale fac o declara\u021bie distinctiv\u0103 de contrast.<\/p>\n<p>Carcasa rotund\u0103 are un cristal de safir \u0219i con\u021bine calibrul 9011 PI cu \u00eenc\u0103rcare manual\u0103, inclusiv o rezerv\u0103 de putere de 38 de ore.<\/p>\n<p>Num\u0103rul colec\u021biei \u00een edi\u021bie limitat\u0103: 033\/100.<\/p>","protected":false},"excerpt":{"rendered":"<p>Arctica este regiunea P\u0103m\u00e2ntului din jurul Polului Nord. Termenul Arctic provine din greaca veche \u0219i \u00eenseamn\u0103 &#8222;urs&#8221;. Acesta este, de asemenea, sursa de inspira\u021bie pentru noul model &#8222;Arctis&#8221; cu \u00eenc\u0103rcare manual\u0103. Dar nu numai ursul polar, care decoreaz\u0103 cercul drept al cadranului ca motiv principal, ci \u0219i contrastele de culoare ale modelelor individuale, joac\u0103 un [&hellip;]<\/p>\n","protected":false},"featured_media":50045,"comment_status":"closed","ping_status":"open","template":"","meta":{"_acf_changed":false},"product_brand":[],"product_cat":[20,205,569],"product_tag":[],"class_list":{"0":"post-50044","1":"product","2":"type-product","3":"status-publish","4":"has-post-thumbnail","6":"product_cat-ceasuri-barbati","7":"product_cat-limited-edition","8":"product_cat-poljot-international","9":"pa_brand-poljot-international","10":"pa_braslet-piele","11":"pa_corpus-43-mm","12":"pa_forma-rotund","13":"pa_funcii-cronograf","14":"pa_funcii-limited-edition","15":"pa_garatia-24-luni","16":"pa_korpus-argintiu","17":"pa_material-otel-inoxidabil","18":"pa_mehanizm-bobinaj-manual","19":"pa_mehanizm-mecanic","20":"pa_remeshok-maro","21":"pa_steklo-cristal-safir","22":"pa_strana-germania","23":"pa_voda-5-atm","25":"first","26":"instock","27":"purchasable","28":"product-type-simple"},"acf":[],"_links":{"self":[{"href":"https:\/\/ceasuri.md\/ru\/wp-json\/wp\/v2\/product\/50044","targetHints":{"allow":["GET"]}}],"collection":[{"href":"https:\/\/ceasuri.md\/ru\/wp-json\/wp\/v2\/product"}],"about":[{"href":"https:\/\/ceasuri.md\/ru\/wp-json\/wp\/v2\/types\/product"}],"replies":[{"embeddable":true,"href":"https:\/\/ceasuri.md\/ru\/wp-json\/wp\/v2\/comments?post=50044"}],"wp:featuredmedia":[{"embeddable":true,"href":"https:\/\/ceasuri.md\/ru\/wp-json\/wp\/v2\/media\/50045"}],"wp:attachment":[{"href":"https:\/\/ceasuri.md\/ru\/wp-json\/wp\/v2\/media?parent=50044"}],"wp:term":[{"taxonomy":"product_brand","embeddable":true,"href":"https:\/\/ceasuri.md\/ru\/wp-json\/wp\/v2\/product_brand?post=50044"},{"taxonomy":"product_cat","embeddable":true,"href":"https:\/\/ceasuri.md\/ru\/wp-json\/wp\/v2\/product_cat?post=50044"},{"taxonomy":"product_tag","embeddable":true,"href":"https:\/\/ceasuri.md\/ru\/wp-json\/wp\/v2\/product_tag?post=50044"}],"curies":[{"name":"wp","href":"https:\/\/api.w.org\/{rel}","templated":true}]}}