{"id":50040,"date":"2026-04-02T23:25:48","date_gmt":"2026-04-02T20:25:48","guid":{"rendered":"http:\/\/new.ceasuri.md\/shop\/uncategorized\/bulova-exclusive-97a168\/"},"modified":"2026-04-20T01:18:15","modified_gmt":"2026-04-19T22:18:15","slug":"bulova-exclusive-97a168","status":"publish","type":"product","link":"https:\/\/ceasuri.md\/ru\/shop\/branduri\/bulova\/bulova-exclusive-97a168\/","title":{"rendered":"Ceas BULOVA EXCLUSIVE 97A168"},"content":{"rendered":"<p>Bulova este liderul elve\u021bian \u00een domeniul orologeriei. Acesta produce piese fiabile \u0219i elegante. \u00cen \u00eentreaga lume, ceasurile de m\u00e2n\u0103 Bulova sunt un indicator al prestigiului \u0219i al luxului extraordinar.<\/p>\n<p>Caracteristica principal\u0103 a acestor produse este o combina\u021bie armonioas\u0103 de stiluri clasice europene \u0219i americane \u00eendr\u0103zne\u021be. \u00cen produc\u021bia de dispozitive originale, marca utilizeaz\u0103 numai tehnologii inovatoare \u0219i materiale excelente.<\/p>\n<p>\u00cen 2016, marca a schimbat fa\u021ba industriei cu colec\u021bia Curv, introduc\u00e2nd prima mi\u0219care cronografic\u0103 curbat\u0103 din lume.<\/p>\n<p>\u00cen prezent, brandul Bulova ofer\u0103 colec\u021bii pentru toate gusturile, fiecare urm\u00e2nd regula lui Joseph Bulova: ceasurile combin\u0103 calitatea \u0219i frumuse\u021bea unic\u0103.<\/p>","protected":false},"excerpt":{"rendered":"<p>Bulova este liderul elve\u021bian \u00een domeniul orologeriei. Acesta produce piese fiabile \u0219i elegante. \u00cen \u00eentreaga lume, ceasurile de m\u00e2n\u0103 Bulova sunt un indicator al prestigiului \u0219i al luxului extraordinar. Caracteristica principal\u0103 a acestor produse este o combina\u021bie armonioas\u0103 de stiluri clasice europene \u0219i americane \u00eendr\u0103zne\u021be. \u00cen produc\u021bia de dispozitive originale, marca utilizeaz\u0103 numai tehnologii inovatoare [&hellip;]<\/p>\n","protected":false},"featured_media":50041,"comment_status":"closed","ping_status":"open","template":"","meta":{"_acf_changed":false},"product_brand":[],"product_cat":[624,20],"product_tag":[],"class_list":{"0":"post-50040","1":"product","2":"type-product","3":"status-publish","4":"has-post-thumbnail","6":"product_cat-bulova","7":"product_cat-ceasuri-barbati","8":"pa_brand-bulova","9":"pa_braslet-otel-inoxidabil","10":"pa_corpus-38-mm","11":"pa_forma-rotund","12":"pa_funcii-semischelet","13":"pa_garatia-24-luni","14":"pa_korpus-auriu","15":"pa_material-otel-inoxidabil","16":"pa_mehanizm-mecanic","17":"pa_mehanizm-mecanism-automatic","18":"pa_remeshok-auriu","19":"pa_steklo-cristal-mineral","20":"pa_strana-sua","21":"pa_voda-10-atm","23":"first","24":"instock","25":"purchasable","26":"product-type-simple"},"acf":[],"_links":{"self":[{"href":"https:\/\/ceasuri.md\/ru\/wp-json\/wp\/v2\/product\/50040","targetHints":{"allow":["GET"]}}],"collection":[{"href":"https:\/\/ceasuri.md\/ru\/wp-json\/wp\/v2\/product"}],"about":[{"href":"https:\/\/ceasuri.md\/ru\/wp-json\/wp\/v2\/types\/product"}],"replies":[{"embeddable":true,"href":"https:\/\/ceasuri.md\/ru\/wp-json\/wp\/v2\/comments?post=50040"}],"wp:featuredmedia":[{"embeddable":true,"href":"https:\/\/ceasuri.md\/ru\/wp-json\/wp\/v2\/media\/50041"}],"wp:attachment":[{"href":"https:\/\/ceasuri.md\/ru\/wp-json\/wp\/v2\/media?parent=50040"}],"wp:term":[{"taxonomy":"product_brand","embeddable":true,"href":"https:\/\/ceasuri.md\/ru\/wp-json\/wp\/v2\/product_brand?post=50040"},{"taxonomy":"product_cat","embeddable":true,"href":"https:\/\/ceasuri.md\/ru\/wp-json\/wp\/v2\/product_cat?post=50040"},{"taxonomy":"product_tag","embeddable":true,"href":"https:\/\/ceasuri.md\/ru\/wp-json\/wp\/v2\/product_tag?post=50040"}],"curies":[{"name":"wp","href":"https:\/\/api.w.org\/{rel}","templated":true}]}}