{"id":50036,"date":"2026-04-02T23:25:48","date_gmt":"2026-04-02T20:25:48","guid":{"rendered":"http:\/\/new.ceasuri.md\/shop\/uncategorized\/bulova-curv-98a185\/"},"modified":"2026-04-07T04:33:45","modified_gmt":"2026-04-07T01:33:45","slug":"bulova-curv-98a185","status":"publish","type":"product","link":"https:\/\/ceasuri.md\/ru\/shop\/branduri\/bulova\/bulova-curv-98a185\/","title":{"rendered":"Ceas BULOVA CURV 98A185"},"content":{"rendered":"<p>Bulova CURV este una dintre cele mai populare colec\u021bii ale legendarului brand, lansat\u0103 pentru prima dat\u0103 \u00een 2016 la celebra expozi\u021bie BaselWorld. Colec\u021bia CURV se bazeaz\u0103 pe prima mi\u0219care de cuar\u021b curbat\u0103 din lume cu func\u021bie de cronograf, care func\u021bioneaz\u0103 la o frecven\u021b\u0103 crescut\u0103 de 262kHz.<\/p>\n<p>Colec\u021bia include modele \u00een carcase din o\u021bel \u0219i titan, cu o form\u0103 pu\u021bin curbat\u0103. Bulova Curv folose\u0219te exclusiv cristal de safir curbat cu strat antireflex.<\/p>\n<p>Modelul este un ceas pentru b\u0103rba\u021bi uimitor \u0219i atractiv. Materialul carcasei este o\u021bel inoxidabil, \u00een timp ce culoarea cadranului este negru. Caracteristicile ceasului includ (printre altele) un cronograf. Acest ceas este comercializat ca fiind rezistent la ap\u0103. Aceasta \u00eenseamn\u0103 c\u0103 poate rezista la stropiri u\u0219oare \u0219i la ploaie, dar nu trebuie scufundat \u00een ap\u0103.<\/p>","protected":false},"excerpt":{"rendered":"<p>Bulova CURV este una dintre cele mai populare colec\u021bii ale legendarului brand, lansat\u0103 pentru prima dat\u0103 \u00een 2016 la celebra expozi\u021bie BaselWorld. Colec\u021bia CURV se bazeaz\u0103 pe prima mi\u0219care de cuar\u021b curbat\u0103 din lume cu func\u021bie de cronograf, care func\u021bioneaz\u0103 la o frecven\u021b\u0103 crescut\u0103 de 262kHz. Colec\u021bia include modele \u00een carcase din o\u021bel \u0219i titan, [&hellip;]<\/p>\n","protected":false},"featured_media":50037,"comment_status":"closed","ping_status":"open","template":"","meta":{"_acf_changed":false},"product_brand":[],"product_cat":[624,20,106],"product_tag":[],"class_list":{"0":"post-50036","1":"product","2":"type-product","3":"status-publish","4":"has-post-thumbnail","6":"product_cat-bulova","7":"product_cat-ceasuri-barbati","8":"product_cat-ceasuri-premium","9":"pa_brand-bulova","10":"pa_braslet-cauciuc","11":"pa_corpus-43-mm","12":"pa_forma-rotund","13":"pa_funcii-cronograf","14":"pa_funcii-schelet","15":"pa_garatia-24-luni","16":"pa_korpus-roz-gold","17":"pa_material-otel-inoxidabil","18":"pa_mehanizm-quartz","19":"pa_remeshok-negru","20":"pa_steklo-cristal-safir","21":"pa_strana-sua","22":"pa_voda-3-atm","24":"first","25":"instock","26":"purchasable","27":"product-type-simple"},"acf":[],"_links":{"self":[{"href":"https:\/\/ceasuri.md\/ru\/wp-json\/wp\/v2\/product\/50036","targetHints":{"allow":["GET"]}}],"collection":[{"href":"https:\/\/ceasuri.md\/ru\/wp-json\/wp\/v2\/product"}],"about":[{"href":"https:\/\/ceasuri.md\/ru\/wp-json\/wp\/v2\/types\/product"}],"replies":[{"embeddable":true,"href":"https:\/\/ceasuri.md\/ru\/wp-json\/wp\/v2\/comments?post=50036"}],"wp:featuredmedia":[{"embeddable":true,"href":"https:\/\/ceasuri.md\/ru\/wp-json\/wp\/v2\/media\/50037"}],"wp:attachment":[{"href":"https:\/\/ceasuri.md\/ru\/wp-json\/wp\/v2\/media?parent=50036"}],"wp:term":[{"taxonomy":"product_brand","embeddable":true,"href":"https:\/\/ceasuri.md\/ru\/wp-json\/wp\/v2\/product_brand?post=50036"},{"taxonomy":"product_cat","embeddable":true,"href":"https:\/\/ceasuri.md\/ru\/wp-json\/wp\/v2\/product_cat?post=50036"},{"taxonomy":"product_tag","embeddable":true,"href":"https:\/\/ceasuri.md\/ru\/wp-json\/wp\/v2\/product_tag?post=50036"}],"curies":[{"name":"wp","href":"https:\/\/api.w.org\/{rel}","templated":true}]}}