{"id":50014,"date":"2026-04-02T23:25:48","date_gmt":"2026-04-02T20:25:48","guid":{"rendered":"http:\/\/new.ceasuri.md\/shop\/uncategorized\/bulova-lunar-pilot-98k112-set\/"},"modified":"2026-04-20T01:18:14","modified_gmt":"2026-04-19T22:18:14","slug":"bulova-lunar-pilot-98k112-set","status":"publish","type":"product","link":"https:\/\/ceasuri.md\/ru\/shop\/branduri\/bulova\/bulova-lunar-pilot-98k112-set\/","title":{"rendered":"\u0427\u0430\u0441\u044b BULOVA LUNAR PILOT 98K112 SET"},"content":{"rendered":"<p>Pe 2 august 1971, pe Lun\u0103 a fost purtat un cronograf Bulova, proiectat pentru cerin\u021bele mediului lunar. Acum, Bulova revine la design \u0219i \u00eel actualizeaz\u0103 cu o mi\u0219care cu cuar\u021b de \u00eenalt\u0103 precizie, continu\u00e2nd mo\u0219tenirea sa de precizie \u00een cronometrare cu cronograful Bulova Lunar Pilot pentru b\u0103rba\u021bi din seria Archive.<\/p>\n<p>Cronograful Lunar Pilot are aceea\u0219i carcas\u0103 din o\u021bel inoxidabil argintiu de 43,5 mm de culoare argintie ca \u0219i cronograful Bulova original.<\/p>\n<p>Sub cristalul de safir, cadranul cronografului cu \u0219ase m\u00e2ini este redat \u00eentr-un design panda albastru \u0219i argintiu, cu un inel tahimetric albastru \u0219i numele Bulova retro. M\u00e2inile sub\u021biri \u0219i markerii aplica\u021bi ofer\u0103 o lizibilitate excep\u021bional\u0103 \u0219i sunt aplicate cu super luminova pentru afi\u0219are \u00een condi\u021bii de iluminare redus\u0103. Subcadranele \u00eencastrate, cu caneluri circulare, includ un contor de secunde cronografice 1\/20 la ora 3, m\u00e2na p a secundelor de func\u021bionare la ora 6 \u0219i un contor cronografic de 60 de minute la ora 9.<\/p>\n<p>Lunar Pilot este ac\u021bionat de mi\u0219carea cu cuar\u021b de \u00eenalt\u0103 precizie brevetat\u0103 de Bulova, care rezoneaz\u0103 la o frecven\u021b\u0103 de 262khz pentru o acurate\u021be f\u0103r\u0103 egal \u0219i care permite o m\u00e2n\u0103 de cronograf \u0219i o m\u00e2n\u0103 a secundelor de mers pe jos.<\/p>\n<p>Ceasul este asortat cu o br\u0103\u021bar\u0103 din o\u021bel inoxidabil argintiu cu 3 verigi potrivite, de culoare argintie, cu o \u00eenchiz\u0103toare cu buton de deschidere \u0219i o curea din piele ajustat\u0103, ambele prev\u0103zute cu un sistem de eliberare u\u0219oar\u0103 pentru schimb\u0103ri rapide.<\/p>","protected":false},"excerpt":{"rendered":"<p>Pe 2 august 1971, pe Lun\u0103 a fost purtat un cronograf Bulova, proiectat pentru cerin\u021bele mediului lunar. Acum, Bulova revine la design \u0219i \u00eel actualizeaz\u0103 cu o mi\u0219care cu cuar\u021b de \u00eenalt\u0103 precizie, continu\u00e2nd mo\u0219tenirea sa de precizie \u00een cronometrare cu cronograful Bulova Lunar Pilot pentru b\u0103rba\u021bi din seria Archive. Cronograful Lunar Pilot are aceea\u0219i [&hellip;]<\/p>\n","protected":false},"featured_media":50015,"comment_status":"closed","ping_status":"open","template":"","meta":{"_acf_changed":false},"product_brand":[],"product_cat":[624,20,106],"product_tag":[],"class_list":{"0":"post-50014","1":"product","2":"type-product","3":"status-publish","4":"has-post-thumbnail","6":"product_cat-bulova","7":"product_cat-ceasuri-barbati","8":"product_cat-ceasuri-premium","9":"pa_brand-bulova","10":"pa_braslet-otel-inoxidabil","11":"pa_braslet-piele","12":"pa_corpus-43-mm","13":"pa_forma-rotund","14":"pa_funcii-cronograf","15":"pa_funcii-set-cadou","16":"pa_funcii-tahimetru","17":"pa_garatia-24-luni","18":"pa_korpus-argintiu","19":"pa_kvarc-quartz","20":"pa_material-otel-inoxidabil","21":"pa_mehanizm-quartz","22":"pa_remeshok-albastru-inchis","23":"pa_remeshok-argintiu","24":"pa_steklo-cristal-safir","25":"pa_strana-sua","26":"pa_voda-5-atm","28":"first","29":"instock","30":"purchasable","31":"product-type-simple"},"acf":[],"_links":{"self":[{"href":"https:\/\/ceasuri.md\/ru\/wp-json\/wp\/v2\/product\/50014","targetHints":{"allow":["GET"]}}],"collection":[{"href":"https:\/\/ceasuri.md\/ru\/wp-json\/wp\/v2\/product"}],"about":[{"href":"https:\/\/ceasuri.md\/ru\/wp-json\/wp\/v2\/types\/product"}],"replies":[{"embeddable":true,"href":"https:\/\/ceasuri.md\/ru\/wp-json\/wp\/v2\/comments?post=50014"}],"wp:featuredmedia":[{"embeddable":true,"href":"https:\/\/ceasuri.md\/ru\/wp-json\/wp\/v2\/media\/50015"}],"wp:attachment":[{"href":"https:\/\/ceasuri.md\/ru\/wp-json\/wp\/v2\/media?parent=50014"}],"wp:term":[{"taxonomy":"product_brand","embeddable":true,"href":"https:\/\/ceasuri.md\/ru\/wp-json\/wp\/v2\/product_brand?post=50014"},{"taxonomy":"product_cat","embeddable":true,"href":"https:\/\/ceasuri.md\/ru\/wp-json\/wp\/v2\/product_cat?post=50014"},{"taxonomy":"product_tag","embeddable":true,"href":"https:\/\/ceasuri.md\/ru\/wp-json\/wp\/v2\/product_tag?post=50014"}],"curies":[{"name":"wp","href":"https:\/\/api.w.org\/{rel}","templated":true}]}}