{"id":50010,"date":"2023-08-15T12:32:53","date_gmt":"2023-08-15T09:32:53","guid":{"rendered":"http:\/\/new.ceasuri.md\/shop\/uncategorized\/casio-g-shock-mtg-b3000d-1a9er\/"},"modified":"2026-05-01T18:03:23","modified_gmt":"2026-05-01T15:03:23","slug":"casio-g-shock-mtg-b3000d-1a9er","status":"publish","type":"product","link":"https:\/\/ceasuri.md\/ru\/shop\/branduri\/casio\/casio-g-shock-mtg-b3000d-1a9er\/","title":{"rendered":"\u0427\u0430\u0441\u044b CASIO G-SHOCK MTG-B3000D-1A9ER"},"content":{"rendered":"<p>Edi\u021bia de top 2023 de la Casio este urm\u0103toarea genera\u021bie a seriei premium G-Shock MTG din o\u021bel, \u00eentr-o carcas\u0103 din o\u021bel cu un cadran negru contrastant \u0219i un finisaj super elegant al carcasei \u00een tonuri de aur. Ad\u0103ugarea definitiv\u0103 a accentelor aurii la designul modelului a ad\u0103ugat o carism\u0103 \u0219i o vibra\u021bie ceasului cu care nu se poate l\u0103uda modelul \u00eentr-o culoare mai discret\u0103, complet din o\u021bel.<\/p>\n<p>Datorit\u0103 structurii actualizate, carcasa modelului MTG-B3000 este acum cu c\u00e2\u021biva milimetri mai sub\u021bire dec\u00e2t genera\u021biile anterioare ale seriei, cu 12,1 mm. Modulul actualizat al ceasului din interiorul carcasei din o\u021bel este protejat \u00een mod fiabil de o structur\u0103 din fibr\u0103 de carbon.\u00cen mod separat, merit\u0103 remarcat\u0103 solu\u021bia inginereasc\u0103 a capacului din spate al ceasului, acesta fiind dintr-o singur\u0103 bucat\u0103 cu suprapunerile laterale de protec\u021bie ale carcasei. Astfel, carcasa a pierdut stratul de polimer, care se afla \u00een modelele MTG-B1000, dar nu este \u00een \u00eentregime metalic\u0103, ca \u00een cazul modelelor MTG-B2000, partea superioar\u0103 a modulului este acoperit\u0103 de o lunet\u0103 din o\u021bel, iar pe p\u0103r\u021bile laterale \u0219i \u00een spate este protejat\u0103 de o carcas\u0103 metalic\u0103 solid\u0103 de culoare neagr\u0103, care este capacul din spate al ceasului.<\/p>\n<p>Ceasurile din seria premium MTG sunt asamblate numai \u00een Japonia, la unitatea de produc\u021bie de \u00eenalt\u0103 tehnologie de la Yamagata a CASIO, iar acest model nu face excep\u021bie.Ceasul folose\u0219te \u00een continuare o\u021belul Core Guard, perfect din punct de vedere tehnologic, cu protec\u021bie sporit\u0103 \u00eempotriva zg\u00e2rieturilor, un cristal de safir cu strat antireflex \u0219i fibr\u0103 de carbon pentru o rezisten\u021b\u0103 absolut\u0103 la lovituri. Cronometrarea precis\u0103 a timpului se realizeaz\u0103 printr-un sistem hibrid: sincronizare automat\u0103 prin intermediul unui semnal radio cu 6 canale cu ceasuri atomice de pe diferite continente \u0219i prin comunicare Bluetooth cu un smartphone.<\/p>","protected":false},"excerpt":{"rendered":"<p>Edi\u021bia de top 2023 de la Casio este urm\u0103toarea genera\u021bie a seriei premium G-Shock MTG din o\u021bel, \u00eentr-o carcas\u0103 din o\u021bel cu un cadran negru contrastant \u0219i un finisaj super elegant al carcasei \u00een tonuri de aur. Ad\u0103ugarea definitiv\u0103 a accentelor aurii la designul modelului a ad\u0103ugat o carism\u0103 \u0219i o vibra\u021bie ceasului cu care [&hellip;]<\/p>\n","protected":false},"featured_media":50011,"comment_status":"closed","ping_status":"open","template":"","meta":{"_acf_changed":false},"product_brand":[],"product_cat":[27,20,106,419],"product_tag":[],"class_list":{"0":"post-50010","1":"product","2":"type-product","3":"status-publish","4":"has-post-thumbnail","6":"product_cat-casio","7":"product_cat-ceasuri-barbati","8":"product_cat-ceasuri-premium","9":"product_cat-g-shock","10":"pa_brand-casio","11":"pa_brand-g-shock","12":"pa_braslet-otel-inoxidabil","13":"pa_corpus-51-mm","14":"pa_forma-rotund","15":"pa_funcii-alarma","16":"pa_funcii-bluetooth-smart","17":"pa_funcii-calendar","18":"pa_funcii-cronograf","19":"pa_funcii-data","20":"pa_funcii-iluminare","21":"pa_funcii-rezerva-de-energie","22":"pa_funcii-timp-mondial","23":"pa_garatia-24-luni","24":"pa_korpus-argintiu","25":"pa_korpus-auriu","26":"pa_kvarc-quartz","27":"pa_material-otel-inoxidabil","28":"pa_material-plastic","29":"pa_mehanizm-baterie-solara","30":"pa_mehanizm-quartz","31":"pa_remeshok-argintiu","32":"pa_steklo-cristal-safir","33":"pa_strana-japonia","34":"pa_voda-20-atm","36":"first","37":"outofstock","38":"purchasable","39":"product-type-simple"},"acf":[],"_links":{"self":[{"href":"https:\/\/ceasuri.md\/ru\/wp-json\/wp\/v2\/product\/50010","targetHints":{"allow":["GET"]}}],"collection":[{"href":"https:\/\/ceasuri.md\/ru\/wp-json\/wp\/v2\/product"}],"about":[{"href":"https:\/\/ceasuri.md\/ru\/wp-json\/wp\/v2\/types\/product"}],"replies":[{"embeddable":true,"href":"https:\/\/ceasuri.md\/ru\/wp-json\/wp\/v2\/comments?post=50010"}],"wp:featuredmedia":[{"embeddable":true,"href":"https:\/\/ceasuri.md\/ru\/wp-json\/wp\/v2\/media\/50011"}],"wp:attachment":[{"href":"https:\/\/ceasuri.md\/ru\/wp-json\/wp\/v2\/media?parent=50010"}],"wp:term":[{"taxonomy":"product_brand","embeddable":true,"href":"https:\/\/ceasuri.md\/ru\/wp-json\/wp\/v2\/product_brand?post=50010"},{"taxonomy":"product_cat","embeddable":true,"href":"https:\/\/ceasuri.md\/ru\/wp-json\/wp\/v2\/product_cat?post=50010"},{"taxonomy":"product_tag","embeddable":true,"href":"https:\/\/ceasuri.md\/ru\/wp-json\/wp\/v2\/product_tag?post=50010"}],"curies":[{"name":"wp","href":"https:\/\/api.w.org\/{rel}","templated":true}]}}