{"id":50008,"date":"2026-04-02T23:25:48","date_gmt":"2026-04-02T20:25:48","guid":{"rendered":"http:\/\/new.ceasuri.md\/shop\/uncategorized\/casio-sheen-she-4554gym-8auef\/"},"modified":"2026-04-15T20:22:40","modified_gmt":"2026-04-15T17:22:40","slug":"casio-sheen-she-4554gym-8auef","status":"publish","type":"product","link":"https:\/\/ceasuri.md\/ru\/shop\/branduri\/casio\/casio-sheen-she-4554gym-8auef\/","title":{"rendered":"Ceas CASIO SHEEN SHE-4554GYM-8AUEF"},"content":{"rendered":"<p>Casio Sheen este o colec\u021bie renumit\u0103 concepute special pentru femeile care apreciaz\u0103 rafinamentul, stilul \u0219i detaliile.<\/p>\n<p>Utilizarea mi\u0219c\u0103rii de cuar\u021b \u00een ceasurile Casio Sheen asigur\u0103 o precizie ridicat\u0103, cu o abatere minim\u0103 \u00een ceea ce prive\u0219te m\u0103surarea timpului. Acest lucru face ca ceasurile s\u0103 fie alegerea perfect\u0103 pentru cei care au nevoie de o cronometrare precis\u0103 \u00een stilul lor de via\u021b\u0103 ocupat \u0219i activ.<\/p>\n<p>Pe l\u00e2ng\u0103 precizia sa, ceasurile sunt cunoscute pentru designul lor rafinat, care transmite o elegan\u021b\u0103 de neuitat.<\/p>\n<p>Cadranele ceasurilor sunt proiectate elegant, cu elemente precum perle, cristale Swarovski \u0219i modele delicate care adaug\u0103 o not\u0103 de rafinament \u0219i farmec. Carcasele \u0219i br\u0103\u021b\u0103rile ceasurilor sunt confec\u021bionate cu materiale de \u00eenalt\u0103 calitate, precum o\u021bel inoxidabil, placare cu aur \u0219i piele natural\u0103, asigur\u00e2nd durabilitate \u0219i confort. Aten\u021bia acordat\u0103 detaliilor \u00een designul ceasurilor le face s\u0103 fie o adev\u0103rat\u0103 declara\u021bie de mod\u0103, \u00eembun\u0103t\u0103\u021bind coeficientul de stil al oric\u0103rei \u021binute.<\/p>\n<p>Printre caracteristicile avansate ale ceasurilor se num\u0103r\u0103 func\u021biile de cronograf pentru citirea precis\u0103 a timpului, afi\u0219ajul datei pentru comoditate \u0219i rezisten\u021ba la ap\u0103 pentru durabilitate. Aceste caracteristici fac din ceasurile Casio Sheen nu doar un accesoriu de mod\u0103, ci \u0219i un instrument practic de monitorizare a timpului pentru uzul zilnic.<\/p>","protected":false},"excerpt":{"rendered":"<p>Casio Sheen este o colec\u021bie renumit\u0103 concepute special pentru femeile care apreciaz\u0103 rafinamentul, stilul \u0219i detaliile. Utilizarea mi\u0219c\u0103rii de cuar\u021b \u00een ceasurile Casio Sheen asigur\u0103 o precizie ridicat\u0103, cu o abatere minim\u0103 \u00een ceea ce prive\u0219te m\u0103surarea timpului. Acest lucru face ca ceasurile s\u0103 fie alegerea perfect\u0103 pentru cei care au nevoie de o cronometrare [&hellip;]<\/p>\n","protected":false},"featured_media":50009,"comment_status":"closed","ping_status":"open","template":"","meta":{"_acf_changed":false},"product_brand":[],"product_cat":[27,574,25],"product_tag":[],"class_list":{"0":"post-50008","1":"product","2":"type-product","3":"status-publish","4":"has-post-thumbnail","6":"product_cat-casio","7":"product_cat-casio-sheen","8":"product_cat-ceasuri-dama","9":"pa_brand-casio","10":"pa_brand-casio-sheen","11":"pa_braslet-otel-inoxidabil","12":"pa_corpus-30-mm","13":"pa_forma-octogonala","14":"pa_funcii-data","15":"pa_garatia-24-luni","16":"pa_korpus-argintiu","17":"pa_kvarc-quartz","18":"pa_material-otel-inoxidabil","19":"pa_mehanizm-quartz","20":"pa_remeshok-argintiu","21":"pa_steklo-cristal-safir","22":"pa_strana-japonia","23":"pa_voda-5-atm","25":"first","26":"instock","27":"purchasable","28":"product-type-simple"},"acf":[],"_links":{"self":[{"href":"https:\/\/ceasuri.md\/ru\/wp-json\/wp\/v2\/product\/50008","targetHints":{"allow":["GET"]}}],"collection":[{"href":"https:\/\/ceasuri.md\/ru\/wp-json\/wp\/v2\/product"}],"about":[{"href":"https:\/\/ceasuri.md\/ru\/wp-json\/wp\/v2\/types\/product"}],"replies":[{"embeddable":true,"href":"https:\/\/ceasuri.md\/ru\/wp-json\/wp\/v2\/comments?post=50008"}],"wp:featuredmedia":[{"embeddable":true,"href":"https:\/\/ceasuri.md\/ru\/wp-json\/wp\/v2\/media\/50009"}],"wp:attachment":[{"href":"https:\/\/ceasuri.md\/ru\/wp-json\/wp\/v2\/media?parent=50008"}],"wp:term":[{"taxonomy":"product_brand","embeddable":true,"href":"https:\/\/ceasuri.md\/ru\/wp-json\/wp\/v2\/product_brand?post=50008"},{"taxonomy":"product_cat","embeddable":true,"href":"https:\/\/ceasuri.md\/ru\/wp-json\/wp\/v2\/product_cat?post=50008"},{"taxonomy":"product_tag","embeddable":true,"href":"https:\/\/ceasuri.md\/ru\/wp-json\/wp\/v2\/product_tag?post=50008"}],"curies":[{"name":"wp","href":"https:\/\/api.w.org\/{rel}","templated":true}]}}