{"id":50000,"date":"2026-04-02T23:25:06","date_gmt":"2026-04-02T20:25:06","guid":{"rendered":"http:\/\/new.ceasuri.md\/shop\/uncategorized\/casio-g-shock-gwg-2000-1a5\/"},"modified":"2026-04-20T00:08:35","modified_gmt":"2026-04-19T21:08:35","slug":"casio-g-shock-gwg-2000-1a5","status":"publish","type":"product","link":"https:\/\/ceasuri.md\/ru\/shop\/branduri\/casio\/casio-g-shock-gwg-2000-1a5\/","title":{"rendered":"\u0427\u0430\u0441\u044b CASIO G-SHOCK GWG-2000-1A5"},"content":{"rendered":"<p>Lansarea de top anului 2021 de la G-Shock este un model de ultrafunc\u021bional din seria MUDMASTER, \u00eentr-o carcas\u0103 GWG-2000 reproiectat\u0103.<\/p>\n<p>Acest model \u00een carcas\u0103 neagr\u0103 din polimer-fibr\u0103 de carbon pe o curea galben\u0103 este o dezvoltare evolu\u021bionar\u0103 a versiunii anterioare a G-Shock GWG-1000 \u0219i a primit un design \u0219i mai rigid \u0219i mai agresiv, carcas\u0103 ultra-rezistent\u0103 din fibr\u0103 de carbon, luneta din o\u021bel \u0219i o protec\u021bie \u0219i mai puternic\u0103 \u00eempotriva prafului \u0219i a murd\u0103riei.<\/p>\n<p>Modelul este \u00een continuare unul dintre cele mai masive dintre toate jishok-urile, de\u0219i este cu c\u00e2\u021biva milimetri mai sub\u021bire dec\u00e2t preceden\u021bii s\u0103i.<\/p>\n<p>Pe l\u00e2ng\u0103 designul brutal excelent \u0219i cele mai bune materiale, la bord ve\u021bi g\u0103si: termometru, barometru, altimetru, busol\u0103 digital\u0103, hart\u0103 de altitudine, baterie solar\u0103, sincronizare radio automat\u0103 cu ceasuri atomice de pe diferite continente, geam de safir cu anti-reflexie \u0219i mai mult de o duzin\u0103 de alte func\u021bii.<\/p>\n<p>Dorim s\u0103 v\u0103 reamintim c\u0103, datorit\u0103 tehnologiilor de rezisten\u021b\u0103 absolut\u0103 la praf \u0219i murd\u0103rie, precum \u0219i de protec\u021bie \u00eempotriva celor mai puternice vibra\u021bii, modelele din seria MUDMASTER pot fi utilizate eficient \u00een cele mai agresive condi\u021bii.<\/p>\n<p>Interesant este faptul c\u0103 textura din fibr\u0103 de carbon a carcasei este unic\u0103 pentru fiecare model \u0219i nu ve\u021bi g\u0103si dou\u0103 modele identice cu aceea\u0219i textur\u0103.<\/p>","protected":false},"excerpt":{"rendered":"<p>Lansarea de top anului 2021 de la G-Shock este un model de ultrafunc\u021bional din seria MUDMASTER, \u00eentr-o carcas\u0103 GWG-2000 reproiectat\u0103. Acest model \u00een carcas\u0103 neagr\u0103 din polimer-fibr\u0103 de carbon pe o curea galben\u0103 este o dezvoltare evolu\u021bionar\u0103 a versiunii anterioare a G-Shock GWG-1000 \u0219i a primit un design \u0219i mai rigid \u0219i mai agresiv, carcas\u0103 [&hellip;]<\/p>\n","protected":false},"featured_media":50001,"comment_status":"closed","ping_status":"open","template":"","meta":{"_acf_changed":false},"product_brand":[],"product_cat":[27,20,106,419],"product_tag":[],"class_list":{"0":"post-50000","1":"product","2":"type-product","3":"status-publish","4":"has-post-thumbnail","6":"product_cat-casio","7":"product_cat-ceasuri-barbati","8":"product_cat-ceasuri-premium","9":"product_cat-g-shock","10":"pa_brand-casio","11":"pa_brand-g-shock","12":"pa_braslet-cauciuc","13":"pa_corpus-54-mm","14":"pa_forma-rotund","15":"pa_funcii-alarma","16":"pa_funcii-altimetru","17":"pa_funcii-barometru","18":"pa_funcii-busola","19":"pa_funcii-calendar","20":"pa_funcii-cronometru","21":"pa_funcii-dual-time","22":"pa_funcii-iluminare","23":"pa_funcii-rezerva-de-energie","24":"pa_funcii-termometru","25":"pa_funcii-timp-mondial","26":"pa_garatia-24-luni","27":"pa_korpus-negru","28":"pa_kvarc-quartz","29":"pa_material-carbon","30":"pa_material-otel-inoxidabil","31":"pa_mehanizm-baterie-solara","32":"pa_mehanizm-quartz","33":"pa_remeshok-galben","34":"pa_steklo-cristal-safir","35":"pa_strana-japonia","36":"pa_voda-20-atm","38":"first","39":"instock","40":"purchasable","41":"product-type-simple"},"acf":[],"_links":{"self":[{"href":"https:\/\/ceasuri.md\/ru\/wp-json\/wp\/v2\/product\/50000","targetHints":{"allow":["GET"]}}],"collection":[{"href":"https:\/\/ceasuri.md\/ru\/wp-json\/wp\/v2\/product"}],"about":[{"href":"https:\/\/ceasuri.md\/ru\/wp-json\/wp\/v2\/types\/product"}],"replies":[{"embeddable":true,"href":"https:\/\/ceasuri.md\/ru\/wp-json\/wp\/v2\/comments?post=50000"}],"wp:featuredmedia":[{"embeddable":true,"href":"https:\/\/ceasuri.md\/ru\/wp-json\/wp\/v2\/media\/50001"}],"wp:attachment":[{"href":"https:\/\/ceasuri.md\/ru\/wp-json\/wp\/v2\/media?parent=50000"}],"wp:term":[{"taxonomy":"product_brand","embeddable":true,"href":"https:\/\/ceasuri.md\/ru\/wp-json\/wp\/v2\/product_brand?post=50000"},{"taxonomy":"product_cat","embeddable":true,"href":"https:\/\/ceasuri.md\/ru\/wp-json\/wp\/v2\/product_cat?post=50000"},{"taxonomy":"product_tag","embeddable":true,"href":"https:\/\/ceasuri.md\/ru\/wp-json\/wp\/v2\/product_tag?post=50000"}],"curies":[{"name":"wp","href":"https:\/\/api.w.org\/{rel}","templated":true}]}}