{"id":49988,"date":"2026-04-02T23:25:06","date_gmt":"2026-04-02T20:25:06","guid":{"rendered":"http:\/\/new.ceasuri.md\/shop\/uncategorized\/casio-g-shock-dw-5600ff-8\/"},"modified":"2026-04-07T04:33:34","modified_gmt":"2026-04-07T01:33:34","slug":"casio-g-shock-dw-5600ff-8","status":"publish","type":"product","link":"https:\/\/ceasuri.md\/ru\/shop\/branduri\/casio\/casio-g-shock-dw-5600ff-8\/","title":{"rendered":"Ceas CASIO G-SHOCK DW-5600FF-8"},"content":{"rendered":"<p>O versiune rar\u0103 2023 \u00eentr-o carcas\u0103 de polimer de tip old-school din seria G-SHOCK DW-5600 \u00eentr-o culoare metalic\u0103.<\/p>\n<p>Designerii Casio numesc aceast\u0103 versiune &#8222;retro futurist\u0103&#8221;, f\u0103c\u00e2nd referire la cultura popular\u0103 din anii 1980 \u0219i 1990, c\u00e2nd dispozitivele neobi\u0219nuite ale viitorului erau descrise \u00een filmele \u0219tiin\u021bifico-fantastice. O lansare din partea Casio, care aduce \u00een realitatea noastr\u0103 lucruri din saga fantastic\u0103 a trecutului \u0219i care va atrage cu siguran\u021b\u0103 aten\u021bia celorlal\u021bi, \u00een al c\u0103ror c\u00e2mp vizual acest model va c\u0103dea \u0219i va aduce numai emo\u021bii pozitive proprietarului s\u0103u.<\/p>\n<p>V\u0103 reamintim c\u0103 silueta carcasei DW-5600 a devenit de mult timp un clasic al ceasurilor \u0219i este una dintre cele mai u\u0219or de recunoscut \u00een lumea ceasurilor de m\u00e2n\u0103.Nu trebuie s\u0103 uit\u0103m de rezisten\u021ba la ap\u0103 de 200 de metri \u0219i de legendara rezisten\u021b\u0103 la lovituri.<\/p>","protected":false},"excerpt":{"rendered":"<p>O versiune rar\u0103 2023 \u00eentr-o carcas\u0103 de polimer de tip old-school din seria G-SHOCK DW-5600 \u00eentr-o culoare metalic\u0103. Designerii Casio numesc aceast\u0103 versiune &#8222;retro futurist\u0103&#8221;, f\u0103c\u00e2nd referire la cultura popular\u0103 din anii 1980 \u0219i 1990, c\u00e2nd dispozitivele neobi\u0219nuite ale viitorului erau descrise \u00een filmele \u0219tiin\u021bifico-fantastice. O lansare din partea Casio, care aduce \u00een realitatea noastr\u0103 [&hellip;]<\/p>\n","protected":false},"featured_media":49989,"comment_status":"closed","ping_status":"open","template":"","meta":{"_acf_changed":false},"product_brand":[],"product_cat":[27,20,419],"product_tag":[],"class_list":{"0":"post-49988","1":"product","2":"type-product","3":"status-publish","4":"has-post-thumbnail","6":"product_cat-casio","7":"product_cat-ceasuri-barbati","8":"product_cat-g-shock","9":"pa_brand-casio","10":"pa_brand-g-shock","11":"pa_braslet-cauciuc","12":"pa_corpus-43x49mm","13":"pa_forma-octogonala","14":"pa_funcii-alarma","15":"pa_funcii-calendar","16":"pa_funcii-cronometru","17":"pa_funcii-iluminare","18":"pa_garatia-24-luni","19":"pa_korpus-argintiu","20":"pa_material-plastic","21":"pa_mehanizm-electronic","22":"pa_remeshok-argintiu","23":"pa_steklo-cristal-mineral","24":"pa_strana-japonia","25":"pa_voda-20-atm","27":"first","28":"instock","29":"purchasable","30":"product-type-simple"},"acf":[],"_links":{"self":[{"href":"https:\/\/ceasuri.md\/ru\/wp-json\/wp\/v2\/product\/49988","targetHints":{"allow":["GET"]}}],"collection":[{"href":"https:\/\/ceasuri.md\/ru\/wp-json\/wp\/v2\/product"}],"about":[{"href":"https:\/\/ceasuri.md\/ru\/wp-json\/wp\/v2\/types\/product"}],"replies":[{"embeddable":true,"href":"https:\/\/ceasuri.md\/ru\/wp-json\/wp\/v2\/comments?post=49988"}],"wp:featuredmedia":[{"embeddable":true,"href":"https:\/\/ceasuri.md\/ru\/wp-json\/wp\/v2\/media\/49989"}],"wp:attachment":[{"href":"https:\/\/ceasuri.md\/ru\/wp-json\/wp\/v2\/media?parent=49988"}],"wp:term":[{"taxonomy":"product_brand","embeddable":true,"href":"https:\/\/ceasuri.md\/ru\/wp-json\/wp\/v2\/product_brand?post=49988"},{"taxonomy":"product_cat","embeddable":true,"href":"https:\/\/ceasuri.md\/ru\/wp-json\/wp\/v2\/product_cat?post=49988"},{"taxonomy":"product_tag","embeddable":true,"href":"https:\/\/ceasuri.md\/ru\/wp-json\/wp\/v2\/product_tag?post=49988"}],"curies":[{"name":"wp","href":"https:\/\/api.w.org\/{rel}","templated":true}]}}