{"id":49984,"date":"2026-04-02T23:25:06","date_gmt":"2026-04-02T20:25:06","guid":{"rendered":"http:\/\/new.ceasuri.md\/shop\/uncategorized\/casio-g-shock-ga-2100ff-8a\/"},"modified":"2026-04-20T01:17:53","modified_gmt":"2026-04-19T22:17:53","slug":"casio-g-shock-ga-2100ff-8a","status":"publish","type":"product","link":"https:\/\/ceasuri.md\/ru\/shop\/branduri\/casio\/casio-g-shock-ga-2100ff-8a\/","title":{"rendered":"\u0427\u0430\u0441\u044b CASIO G-SHOCK GA-2100FF-8A"},"content":{"rendered":"<p>O lansare 2023 \u00een populara carcas\u0103 GA-2100 \u00een form\u0103 de octogon, cu o colorare stealth \u00een nuan\u021b\u0103 metalic\u0103.<\/p>\n<p>Modelul se remarc\u0103 printre alte prin u\u0219urin\u021ba, compactitatea \u0219i grosimea corpului de numai 11,8 mm. Acest lucru este posibil datorit\u0103 tehnologiei Carbon Core Guard: modulul ceasului este protejat de o carcas\u0103 u\u0219oar\u0103 \u0219i ultrarezistent\u0103 din poliuretan ranforsat cu carbon, \u00een timp ce cadranul este acoperit cu geam mineral temperat.<\/p>\n<p>Designerii Casio numesc aceast\u0103 versiune &#8222;retro futurist\u0103&#8221;, f\u0103c\u00e2ndu-ne referire la cultura popular\u0103 din anii 1980 \u0219i 1990, c\u00e2nd dispozitivele neobi\u0219nuite ale viitorului erau descrise \u00een filmele \u0219tiin\u021bifico-fantastice. O lansare din partea Casio, care aduce \u00een realitatea noastr\u0103 lucruri din saga fantastic\u0103 a trecutului \u0219i care va atrage cu siguran\u021b\u0103 aten\u021bia celorlal\u021bi \u00een al c\u0103ror c\u00e2mp vizual va c\u0103dea acest model \u0219i va aduce numai emo\u021bii pozitive proprietarului s\u0103u.<\/p>\n<p>Desigur, nu trebuie s\u0103 uit\u0103m de standardul pentru rezisten\u021ba la ap\u0103 de 200 de metri, func\u021biile de cronometru, ora mondial\u0103, precum \u0219i iluminarea dubl\u0103 luminoas\u0103 a cadranului \u0219i a afi\u0219ajului.<\/p>","protected":false},"excerpt":{"rendered":"<p>O lansare 2023 \u00een populara carcas\u0103 GA-2100 \u00een form\u0103 de octogon, cu o colorare stealth \u00een nuan\u021b\u0103 metalic\u0103. Modelul se remarc\u0103 printre alte prin u\u0219urin\u021ba, compactitatea \u0219i grosimea corpului de numai 11,8 mm. Acest lucru este posibil datorit\u0103 tehnologiei Carbon Core Guard: modulul ceasului este protejat de o carcas\u0103 u\u0219oar\u0103 \u0219i ultrarezistent\u0103 din poliuretan ranforsat [&hellip;]<\/p>\n","protected":false},"featured_media":49985,"comment_status":"closed","ping_status":"open","template":"","meta":{"_acf_changed":false},"product_brand":[],"product_cat":[27,20,25,419],"product_tag":[],"class_list":{"0":"post-49984","1":"product","2":"type-product","3":"status-publish","4":"has-post-thumbnail","6":"product_cat-casio","7":"product_cat-ceasuri-barbati","8":"product_cat-ceasuri-dama","9":"product_cat-g-shock","10":"pa_brand-casio","11":"pa_brand-g-shock","12":"pa_braslet-plastic","13":"pa_corpus-45x49mm","14":"pa_forma-octogonala","15":"pa_funcii-alarma","16":"pa_funcii-calendar","17":"pa_funcii-cronometru","18":"pa_funcii-dual-time","19":"pa_funcii-iluminare","20":"pa_funcii-timp-mondial","21":"pa_garatia-24-luni","22":"pa_korpus-argintiu","23":"pa_kvarc-quartz","24":"pa_material-carbon","25":"pa_material-plastic","26":"pa_mehanizm-electronic","27":"pa_mehanizm-quartz","28":"pa_remeshok-argintiu","29":"pa_steklo-cristal-mineral","30":"pa_strana-japonia","31":"pa_voda-20-atm","33":"first","34":"instock","35":"purchasable","36":"product-type-simple"},"acf":[],"_links":{"self":[{"href":"https:\/\/ceasuri.md\/ru\/wp-json\/wp\/v2\/product\/49984","targetHints":{"allow":["GET"]}}],"collection":[{"href":"https:\/\/ceasuri.md\/ru\/wp-json\/wp\/v2\/product"}],"about":[{"href":"https:\/\/ceasuri.md\/ru\/wp-json\/wp\/v2\/types\/product"}],"replies":[{"embeddable":true,"href":"https:\/\/ceasuri.md\/ru\/wp-json\/wp\/v2\/comments?post=49984"}],"wp:featuredmedia":[{"embeddable":true,"href":"https:\/\/ceasuri.md\/ru\/wp-json\/wp\/v2\/media\/49985"}],"wp:attachment":[{"href":"https:\/\/ceasuri.md\/ru\/wp-json\/wp\/v2\/media?parent=49984"}],"wp:term":[{"taxonomy":"product_brand","embeddable":true,"href":"https:\/\/ceasuri.md\/ru\/wp-json\/wp\/v2\/product_brand?post=49984"},{"taxonomy":"product_cat","embeddable":true,"href":"https:\/\/ceasuri.md\/ru\/wp-json\/wp\/v2\/product_cat?post=49984"},{"taxonomy":"product_tag","embeddable":true,"href":"https:\/\/ceasuri.md\/ru\/wp-json\/wp\/v2\/product_tag?post=49984"}],"curies":[{"name":"wp","href":"https:\/\/api.w.org\/{rel}","templated":true}]}}