{"id":49980,"date":"2026-04-02T23:25:06","date_gmt":"2026-04-02T20:25:06","guid":{"rendered":"http:\/\/new.ceasuri.md\/shop\/uncategorized\/casio-g-shock-ga-700rc-1a\/"},"modified":"2026-04-16T21:21:08","modified_gmt":"2026-04-16T18:21:08","slug":"casio-g-shock-ga-700rc-1a","status":"publish","type":"product","link":"https:\/\/ceasuri.md\/ru\/shop\/branduri\/casio\/casio-g-shock-ga-700rc-1a\/","title":{"rendered":"Ceas CASIO GA-700RC-1A G-Shock"},"content":{"rendered":"<p>O lansare rar\u0103 \u0219i carismatic\u0103 2023 din seria G-SHOCK GA-700 \u00eentr-o carcas\u0103 neagr\u0103 mat\u0103 cu detalii aurii pe cadran \u0219i indica\u021bie turcoaz.<\/p>\n<p>Noua colorare a carcasei masive a ceasului este laconic\u0103 \u0219i, \u00een acela\u0219i timp, destul de izbitoare \u0219i recognoscibil\u0103. Iar datorit\u0103 noului design reimaginat, ceasul nu numai c\u0103 arat\u0103 grozav, dar are \u0219i o indica\u021bie a orei foarte convenabil\u0103.<\/p>\n<p>Butonul de iluminare din spate este plasat chiar \u00een partea de jos a carcasei, la fel ca \u00een majoritatea modelelor g-shock premium, ceea ce va face ca acesta s\u0103 fie u\u0219or de utilizat chiar \u0219i prin atingere.<\/p>\n<p>Nu uita\u021bi de rezisten\u021ba la lovituri \u0219i la ap\u0103 de neegalat, care este standard pentru jishok-uri.<\/p>","protected":false},"excerpt":{"rendered":"<p>O lansare rar\u0103 \u0219i carismatic\u0103 2023 din seria G-SHOCK GA-700 \u00eentr-o carcas\u0103 neagr\u0103 mat\u0103 cu detalii aurii pe cadran \u0219i indica\u021bie turcoaz. Noua colorare a carcasei masive a ceasului este laconic\u0103 \u0219i, \u00een acela\u0219i timp, destul de izbitoare \u0219i recognoscibil\u0103. Iar datorit\u0103 noului design reimaginat, ceasul nu numai c\u0103 arat\u0103 grozav, dar are \u0219i o [&hellip;]<\/p>\n","protected":false},"featured_media":49981,"comment_status":"closed","ping_status":"open","template":"","meta":{"_acf_changed":false},"product_brand":[],"product_cat":[27,20,419],"product_tag":[],"class_list":{"0":"post-49980","1":"product","2":"type-product","3":"status-publish","4":"has-post-thumbnail","6":"product_cat-casio","7":"product_cat-ceasuri-barbati","8":"product_cat-g-shock","9":"pa_brand-casio","10":"pa_brand-g-shock","11":"pa_braslet-plastic","12":"pa_corpus-53-mm","13":"pa_forma-rotund","14":"pa_funcii-alarma","15":"pa_funcii-calendar","16":"pa_funcii-cronometru","17":"pa_funcii-dual-time","18":"pa_funcii-iluminare","19":"pa_funcii-timp-mondial","20":"pa_garatia-24-luni","21":"pa_korpus-negru","22":"pa_kvarc-quartz","23":"pa_material-plastic","24":"pa_mehanizm-electronic","25":"pa_mehanizm-quartz","26":"pa_remeshok-negru","27":"pa_steklo-cristal-mineral","28":"pa_strana-japonia","29":"pa_voda-20-atm","31":"first","32":"instock","33":"purchasable","34":"product-type-simple"},"acf":[],"_links":{"self":[{"href":"https:\/\/ceasuri.md\/ru\/wp-json\/wp\/v2\/product\/49980","targetHints":{"allow":["GET"]}}],"collection":[{"href":"https:\/\/ceasuri.md\/ru\/wp-json\/wp\/v2\/product"}],"about":[{"href":"https:\/\/ceasuri.md\/ru\/wp-json\/wp\/v2\/types\/product"}],"replies":[{"embeddable":true,"href":"https:\/\/ceasuri.md\/ru\/wp-json\/wp\/v2\/comments?post=49980"}],"wp:featuredmedia":[{"embeddable":true,"href":"https:\/\/ceasuri.md\/ru\/wp-json\/wp\/v2\/media\/49981"}],"wp:attachment":[{"href":"https:\/\/ceasuri.md\/ru\/wp-json\/wp\/v2\/media?parent=49980"}],"wp:term":[{"taxonomy":"product_brand","embeddable":true,"href":"https:\/\/ceasuri.md\/ru\/wp-json\/wp\/v2\/product_brand?post=49980"},{"taxonomy":"product_cat","embeddable":true,"href":"https:\/\/ceasuri.md\/ru\/wp-json\/wp\/v2\/product_cat?post=49980"},{"taxonomy":"product_tag","embeddable":true,"href":"https:\/\/ceasuri.md\/ru\/wp-json\/wp\/v2\/product_tag?post=49980"}],"curies":[{"name":"wp","href":"https:\/\/api.w.org\/{rel}","templated":true}]}}