{"id":49976,"date":"2026-04-02T23:25:06","date_gmt":"2026-04-02T20:25:06","guid":{"rendered":"http:\/\/new.ceasuri.md\/shop\/uncategorized\/casio-g-shock-gg-b100-1a3\/"},"modified":"2026-04-20T01:17:54","modified_gmt":"2026-04-19T22:17:54","slug":"casio-g-shock-gg-b100-1a3","status":"publish","type":"product","link":"https:\/\/ceasuri.md\/ru\/shop\/branduri\/casio\/casio-g-shock-gg-b100-1a3\/","title":{"rendered":"\u0427\u0430\u0441\u044b CASIO G-SHOCK GG-B100-1A3"},"content":{"rendered":"<p>Acest model \u00een carcasa GG-B100 continu\u0103 &#8222;trendul de carbon&#8221; al Casio din 2019: este confec\u021bionat din fibra de carbon din care este f\u0103cut\u0103 carcasa ceasului, care protejeaz\u0103 noua mi\u0219care, iar luneta din carbon este acoperit\u0103 suplimentar cu un strat de polimer transparent.<\/p>\n<p>Noua mi\u0219care a ceasului poart\u0103 la bord un Quad Sensor sub forma unui termometru, barometru, altimetru, busol\u0103 digital\u0103 \u0219i pedometru. GG-B100 afi\u0219eaz\u0103, de asemenea, orele de r\u0103s\u0103rit \u0219i apus de soare \u0219i se sincronizeaz\u0103 cu smartphone-ul dumneavoastr\u0103 prin Bluetooth, ceea ce v\u0103 permite s\u0103 v\u0103 seta\u021bi ceasul \u00een mod convenabil, s\u0103 actualiza\u021bi ora exact\u0103 \u0219i s\u0103 afi\u0219a\u021bi to\u021bi parametrii de activitate \u00eentr-un mod convenabil \u0219i informativ \u00een aplica\u021bie. De asemenea, pute\u021bi utiliza ceasul ca navigator, set\u00e2nd un punct pe o hart\u0103, iar ceasul va folosi o busol\u0103 pentru a v\u0103 ghida p\u00e2n\u0103 la acesta, indic\u00e2ndu-v\u0103 direc\u021bia cu ajutorul secundarului \u0219i distan\u021ba pe mini-display.<\/p>\n<p>Ar trebui s\u0103 remarc\u0103m, de asemenea, tehnologia \u00eembun\u0103t\u0103\u021bit\u0103 de rezisten\u021b\u0103 absolut\u0103 la praf \u0219i murd\u0103rie, rezisten\u021ba legendar\u0103 la lovituri, rezisten\u021ba la ap\u0103 p\u00e2n\u0103 la 200 de metri, iluminarea ultra-puternic\u0103 a cadranului, a afi\u0219ajului \u0219i a acelor, precum \u0219i un nou design al capacului din spate, acum este dublu: capacul din o\u021bel asigur\u0103 izolarea ceasului, iar stratul exterior din fibr\u0103 de sticl\u0103 polimeric\u0103 amortizeaz\u0103 orice lovituri.<\/p>","protected":false},"excerpt":{"rendered":"<p>Acest model \u00een carcasa GG-B100 continu\u0103 &#8222;trendul de carbon&#8221; al Casio din 2019: este confec\u021bionat din fibra de carbon din care este f\u0103cut\u0103 carcasa ceasului, care protejeaz\u0103 noua mi\u0219care, iar luneta din carbon este acoperit\u0103 suplimentar cu un strat de polimer transparent. Noua mi\u0219care a ceasului poart\u0103 la bord un Quad Sensor sub forma unui [&hellip;]<\/p>\n","protected":false},"featured_media":49977,"comment_status":"closed","ping_status":"open","template":"","meta":{"_acf_changed":false},"product_brand":[],"product_cat":[27,20,419],"product_tag":[],"class_list":{"0":"post-49976","1":"product","2":"type-product","3":"status-publish","4":"has-post-thumbnail","6":"product_cat-casio","7":"product_cat-ceasuri-barbati","8":"product_cat-g-shock","9":"pa_brand-casio","10":"pa_brand-g-shock","11":"pa_braslet-cauciuc","12":"pa_corpus-51-mm","13":"pa_forma-rotund","14":"pa_funcii-accelerometru","15":"pa_funcii-alarma","16":"pa_funcii-altimetru","17":"pa_funcii-barometru","18":"pa_funcii-bluetooth-smart","19":"pa_funcii-busola","20":"pa_funcii-calendar","21":"pa_funcii-cronometru","22":"pa_funcii-daynight","23":"pa_funcii-iluminare","24":"pa_funcii-pedometru","25":"pa_funcii-termometru","26":"pa_funcii-timp-mondial","27":"pa_garatia-24-luni","28":"pa_korpus-negru","29":"pa_kvarc-quartz","30":"pa_material-carbon","31":"pa_material-plastic","32":"pa_mehanizm-electronic","33":"pa_mehanizm-quartz","34":"pa_remeshok-verde","35":"pa_steklo-cristal-mineral","36":"pa_strana-japonia","37":"pa_voda-20-atm","39":"first","40":"instock","41":"purchasable","42":"product-type-simple"},"acf":[],"_links":{"self":[{"href":"https:\/\/ceasuri.md\/ru\/wp-json\/wp\/v2\/product\/49976","targetHints":{"allow":["GET"]}}],"collection":[{"href":"https:\/\/ceasuri.md\/ru\/wp-json\/wp\/v2\/product"}],"about":[{"href":"https:\/\/ceasuri.md\/ru\/wp-json\/wp\/v2\/types\/product"}],"replies":[{"embeddable":true,"href":"https:\/\/ceasuri.md\/ru\/wp-json\/wp\/v2\/comments?post=49976"}],"wp:featuredmedia":[{"embeddable":true,"href":"https:\/\/ceasuri.md\/ru\/wp-json\/wp\/v2\/media\/49977"}],"wp:attachment":[{"href":"https:\/\/ceasuri.md\/ru\/wp-json\/wp\/v2\/media?parent=49976"}],"wp:term":[{"taxonomy":"product_brand","embeddable":true,"href":"https:\/\/ceasuri.md\/ru\/wp-json\/wp\/v2\/product_brand?post=49976"},{"taxonomy":"product_cat","embeddable":true,"href":"https:\/\/ceasuri.md\/ru\/wp-json\/wp\/v2\/product_cat?post=49976"},{"taxonomy":"product_tag","embeddable":true,"href":"https:\/\/ceasuri.md\/ru\/wp-json\/wp\/v2\/product_tag?post=49976"}],"curies":[{"name":"wp","href":"https:\/\/api.w.org\/{rel}","templated":true}]}}