{"id":49857,"date":"2023-08-09T13:40:26","date_gmt":"2023-08-09T10:40:26","guid":{"rendered":"http:\/\/new.ceasuri.md\/shop\/uncategorized\/tutima-flieger-sky-6105-32-94041\/"},"modified":"2026-05-01T18:00:35","modified_gmt":"2026-05-01T15:00:35","slug":"tutima-flieger-sky-6105-32-94041","status":"publish","type":"product","link":"https:\/\/ceasuri.md\/ru\/shop\/branduri\/tutima\/tutima-flieger-sky-6105-32-94041\/","title":{"rendered":"\u0427\u0430\u0441\u044b TUTIMA FLIEGER SKY 6105-32-94041"},"content":{"rendered":"<p>Fondat \u00een 1927 de Dr. Ernst Kurtz, numele Tutima a derivat din cuv\u00e2ntul latin ce \u00eenseamn\u0103 &#8222;sigur, securizat&#8221;. La sf\u00e2r\u0219itul anilor 1930, marca saxon\u0103 a primit o comand\u0103 pentru primul s\u0103u ceas pentru pilo\u021bi, a\u0219a-numitul Flieger, lucru care avea s\u0103 devin\u0103 una dintre specialit\u0103\u021bile m\u0103rcii. Ca un nou capitol \u00een aceast\u0103 saga \u00een curs de desf\u0103\u0219urare, marca a dezv\u0103luit \u00een 2019 modelul Flieger Automatic, cu un cadran verde. Mai t\u00e2rziu, este prezentat\u0103 o nou\u0103 edi\u021bie, Tutima Flieger Automatic \u00een culoarea Slate Grey.<\/p>\n<p>Carcasa modelului are un diametru de 41 mm \u0219i o \u00een\u0103l\u021bime de 13 mm, deci destul de potrivit\u0103 pentru un ceas tipic de pilot. Este \u00een \u00eentregime lustruit\u0103, ceea ce o face mai contemporan\u0103, un cristal de safir bombat antireflex \u0219i o rezisten\u021b\u0103 la ap\u0103 de 100 de metri. De asemenea, partea din spate a carcasei din safir pentru a avea o vedere asupra mi\u0219c\u0103rii. Cu toate acestea, designul general r\u0103m\u00e2ne \u00een conformitate cu codurile clasice ale unui ceas de pilot.<\/p>\n<p>Cadranul este o premier\u0103 aici, cu un nou gradient de culoare gri, care se joac\u0103 cu umbrele \u0219i lumina. Centrul cadranului este \u00eentr-adev\u0103r mai deschis dec\u00e2t periferia, ceea ce nu numai c\u0103 dinamizeaz\u0103 ceasul, ci \u0219i \u00eembun\u0103t\u0103\u021be\u0219te contrastul din jurul indicatoarelor. \u00cen afar\u0103 de aceasta, caracteristicile tradi\u021bionale ale unui ceas Flieger sunt prezente, cum ar fi indicatoarele \u00eendr\u0103zne\u021be ale orelor \u0219i cifrele arabe, un indicator triunghiular \u00eencadrat de dou\u0103 puncte la ora 12 \u0219i acele mari, toate pentru o vizibilitate ideal\u0103. Majoritatea elementelor sunt \u00een mare parte acoperite cu Super-LumiNova. Pentru a aduce un pic de veselie \u00een aceast\u0103 schem\u0103 monocromic\u0103, acul secundar este de culoare portocalie.<\/p>","protected":false},"excerpt":{"rendered":"<p>Fondat \u00een 1927 de Dr. Ernst Kurtz, numele Tutima a derivat din cuv\u00e2ntul latin ce \u00eenseamn\u0103 &#8222;sigur, securizat&#8221;. La sf\u00e2r\u0219itul anilor 1930, marca saxon\u0103 a primit o comand\u0103 pentru primul s\u0103u ceas pentru pilo\u021bi, a\u0219a-numitul Flieger, lucru care avea s\u0103 devin\u0103 una dintre specialit\u0103\u021bile m\u0103rcii. Ca un nou capitol \u00een aceast\u0103 saga \u00een curs de [&hellip;]<\/p>\n","protected":false},"featured_media":49858,"comment_status":"closed","ping_status":"open","template":"","meta":{"_acf_changed":false},"product_brand":[],"product_cat":[20,106,628],"product_tag":[],"class_list":{"0":"post-49857","1":"product","2":"type-product","3":"status-publish","4":"has-post-thumbnail","6":"product_cat-ceasuri-barbati","7":"product_cat-ceasuri-premium","8":"product_cat-tutima","9":"pa_brand-tutima","10":"pa_braslet-otel-inoxidabil","11":"pa_corpus-41-mm","12":"pa_forma-rotund","13":"pa_funcii-data","14":"pa_garatia-24-luni","15":"pa_korpus-argintiu","16":"pa_material-otel-inoxidabil","17":"pa_mehanizm-mecanic","18":"pa_mehanizm-mecanism-automatic","19":"pa_remeshok-argintiu","20":"pa_steklo-cristal-safir","21":"pa_strana-germania","22":"pa_voda-10-atm","24":"first","25":"instock","26":"purchasable","27":"product-type-simple"},"acf":[],"_links":{"self":[{"href":"https:\/\/ceasuri.md\/ru\/wp-json\/wp\/v2\/product\/49857","targetHints":{"allow":["GET"]}}],"collection":[{"href":"https:\/\/ceasuri.md\/ru\/wp-json\/wp\/v2\/product"}],"about":[{"href":"https:\/\/ceasuri.md\/ru\/wp-json\/wp\/v2\/types\/product"}],"replies":[{"embeddable":true,"href":"https:\/\/ceasuri.md\/ru\/wp-json\/wp\/v2\/comments?post=49857"}],"wp:featuredmedia":[{"embeddable":true,"href":"https:\/\/ceasuri.md\/ru\/wp-json\/wp\/v2\/media\/49858"}],"wp:attachment":[{"href":"https:\/\/ceasuri.md\/ru\/wp-json\/wp\/v2\/media?parent=49857"}],"wp:term":[{"taxonomy":"product_brand","embeddable":true,"href":"https:\/\/ceasuri.md\/ru\/wp-json\/wp\/v2\/product_brand?post=49857"},{"taxonomy":"product_cat","embeddable":true,"href":"https:\/\/ceasuri.md\/ru\/wp-json\/wp\/v2\/product_cat?post=49857"},{"taxonomy":"product_tag","embeddable":true,"href":"https:\/\/ceasuri.md\/ru\/wp-json\/wp\/v2\/product_tag?post=49857"}],"curies":[{"name":"wp","href":"https:\/\/api.w.org\/{rel}","templated":true}]}}