{"id":49837,"date":"2026-04-02T23:23:20","date_gmt":"2026-04-02T20:23:20","guid":{"rendered":"http:\/\/new.ceasuri.md\/shop\/uncategorized\/tutima-saxon-one-m-6121-01-88957\/"},"modified":"2026-04-20T01:33:38","modified_gmt":"2026-04-19T22:33:38","slug":"tutima-saxon-one-m-6121-01-88957","status":"publish","type":"product","link":"https:\/\/ceasuri.md\/ru\/shop\/branduri\/tutima\/tutima-saxon-one-m-6121-01-88957\/","title":{"rendered":"\u0427\u0430\u0441\u044b TUTIMA SAXON ONE M  6121-01-88957"},"content":{"rendered":"<p>Saxon One este colec\u021bie, care a fost lansat\u0103 pentru prima dat\u0103 la Baselworld 2017. Piesele ini\u021biale au fost echipate cu o mi\u0219care cronografic\u0103 automat\u0103 sau cu un calibru automat cu dat\u0103 de zi \u0219i ambele erau relativ mari la \u00eencheietura m\u00e2inii &#8211; la 43 mm \u0219i, respectiv, 42 mm &#8211; dimensiuni care p\u0103reau standard, \u00eens\u0103, datorit\u0103 carcasei \u00een form\u0103 de butoi, aceste ceasuri ar\u0103tau mai mari dec\u00e2t era de a\u0219teptat. Pentru c\u0103 nu toat\u0103 lumea vrea s\u0103 poarte o pies\u0103 at\u00e2t de robust\u0103, marca german\u0103 Tutima a decis s\u0103 introduc\u0103 o versiune mai elegant\u0103, mai clasic\u0103: Saxon One M 40mm.<\/p>\n<p>Practic, designul acestei noi versiuni de 40 mm a modelului Tutima Saxon One M nu s-a schimbat. \u00cen afar\u0103 de dimensiune, aceea\u0219i carcas\u0103. Carcasa \u00een form\u0103 de butoi este fa\u021betat\u0103 cu linii drepte \u0219i col\u021buri ascu\u021bite \u00een fiecare parte. Cu o anumit\u0103 inspira\u021bie de &#8222;ceas sportiv de lux&#8221;, de care este ata\u0219at\u0103 direct cureaua, creeaz\u0103 o linie continu\u0103 \u00eentre carcas\u0103 \u0219i curea.<\/p>\n<p>\u00cen partea de sus se afl\u0103 o lunet\u0103 perfect rotund\u0103 cu un profil canelat &#8211; ad\u0103ug\u00e2nd un aspect mai sportiv ceasului \u0219i amintind cumva de luneta g\u0103sit\u0103 \u00een ceasurile Flieger. O coroan\u0103 \u00een\u0219urubat\u0103 supradimensionat\u0103 asigur\u0103 rezisten\u021ba la ap\u0103 \u0219i u\u0219urin\u021ba de utilizare.<\/p>\n<p>Pe \u00eencheietura m\u00e2inii, diametrul de 40 mm al acestei carcase adaug\u0103 confort \u0219i face ca acest Tutima Saxon One M s\u0103 fie mai u\u0219or &#8211; mai ales atunci c\u00e2nd este purtat pe o curea din piele. Carcasa este \u00eenc\u0103 relativ masiv\u0103 datoreaz\u0103 formei, dar r\u0103m\u00e2ne suficient de sub\u021bire pentru a fi purtat\u0103 cu o c\u0103ma\u0219\u0103.<\/p>","protected":false},"excerpt":{"rendered":"<p>Saxon One este colec\u021bie, care a fost lansat\u0103 pentru prima dat\u0103 la Baselworld 2017. Piesele ini\u021biale au fost echipate cu o mi\u0219care cronografic\u0103 automat\u0103 sau cu un calibru automat cu dat\u0103 de zi \u0219i ambele erau relativ mari la \u00eencheietura m\u00e2inii &#8211; la 43 mm \u0219i, respectiv, 42 mm &#8211; dimensiuni care p\u0103reau standard, \u00eens\u0103, [&hellip;]<\/p>\n","protected":false},"featured_media":49838,"comment_status":"closed","ping_status":"open","template":"","meta":{"_acf_changed":false},"product_brand":[],"product_cat":[20,106,628],"product_tag":[],"class_list":{"0":"post-49837","1":"product","2":"type-product","3":"status-publish","4":"has-post-thumbnail","6":"product_cat-ceasuri-barbati","7":"product_cat-ceasuri-premium","8":"product_cat-tutima","9":"pa_brand-tutima","10":"pa_braslet-otel-inoxidabil","11":"pa_corpus-40-mm","12":"pa_forma-butoi","13":"pa_funcii-data","14":"pa_funcii-ziua-saptamanii","15":"pa_garatia-24-luni","16":"pa_korpus-argintiu","17":"pa_material-otel-inoxidabil","18":"pa_mehanizm-mecanic","19":"pa_mehanizm-mecanism-automatic","20":"pa_remeshok-argintiu","21":"pa_steklo-cristal-safir","22":"pa_strana-germania","23":"pa_voda-10-atm","25":"first","26":"instock","27":"purchasable","28":"product-type-simple"},"acf":[],"_links":{"self":[{"href":"https:\/\/ceasuri.md\/ru\/wp-json\/wp\/v2\/product\/49837","targetHints":{"allow":["GET"]}}],"collection":[{"href":"https:\/\/ceasuri.md\/ru\/wp-json\/wp\/v2\/product"}],"about":[{"href":"https:\/\/ceasuri.md\/ru\/wp-json\/wp\/v2\/types\/product"}],"replies":[{"embeddable":true,"href":"https:\/\/ceasuri.md\/ru\/wp-json\/wp\/v2\/comments?post=49837"}],"wp:featuredmedia":[{"embeddable":true,"href":"https:\/\/ceasuri.md\/ru\/wp-json\/wp\/v2\/media\/49838"}],"wp:attachment":[{"href":"https:\/\/ceasuri.md\/ru\/wp-json\/wp\/v2\/media?parent=49837"}],"wp:term":[{"taxonomy":"product_brand","embeddable":true,"href":"https:\/\/ceasuri.md\/ru\/wp-json\/wp\/v2\/product_brand?post=49837"},{"taxonomy":"product_cat","embeddable":true,"href":"https:\/\/ceasuri.md\/ru\/wp-json\/wp\/v2\/product_cat?post=49837"},{"taxonomy":"product_tag","embeddable":true,"href":"https:\/\/ceasuri.md\/ru\/wp-json\/wp\/v2\/product_tag?post=49837"}],"curies":[{"name":"wp","href":"https:\/\/api.w.org\/{rel}","templated":true}]}}