{"id":49832,"date":"2026-04-02T23:23:20","date_gmt":"2026-04-02T20:23:20","guid":{"rendered":"http:\/\/new.ceasuri.md\/shop\/uncategorized\/tutima-grand-flieger-airport-6107-02-96776\/"},"modified":"2026-04-20T01:33:46","modified_gmt":"2026-04-19T22:33:46","slug":"tutima-grand-flieger-airport-6107-02-96776","status":"publish","type":"product","link":"https:\/\/ceasuri.md\/ru\/shop\/branduri\/tutima\/tutima-grand-flieger-airport-6107-02-96776\/","title":{"rendered":"\u0427\u0430\u0441\u044b TUTIMA GRAND FLIEGER AIRPORT 6107-02-96776"},"content":{"rendered":"<p>Fondat\u0103 \u00een 1927 de Dr. Ernst Kurtz, Tutima are o lung\u0103 tradi\u021bie \u00een fabricarea de ceasuri pilot. Grand Flieger Airport este o colec\u021bie inspirat\u0103 de unul dintre modele ale m\u0103rcii din anii 1940. Semnul caracteristic al liniei &#8211; o lunet\u0103 rotativ\u0103 bidirec\u021bional\u0103 cu o scal\u0103 de 60 de minute \u0219i un punct de marcaj ro\u0219u &#8211; este acum, pentru prima dat\u0103, realizat\u0103 din ceramic\u0103 ultra rezistent\u0103 la zg\u00e2rieturi \u0219i oferit\u0103 \u00een noi versiuni colorate.<\/p>\n<p>Acest upgrade tehnic al colec\u021biei este prezentat cu indica\u021bie de dat\u0103 de zi. Carcasa din o\u021bel inoxidabil de 41 mm cu coroan\u0103 \u00een\u0219urubat\u0103 este rezistent\u0103 la ap\u0103 p\u00e2n\u0103 la 200 m. Cristalele de safir care protejeaz\u0103 cadranul \u0219i mi\u0219carea din spatele ceasului sunt tratate cu un strat anti-reflexie.<\/p>\n<p>\u00cen stilul specific al acestei colec\u021bii, cadranele acestor modele Grand Flieger Airport se concentreaz\u0103 pe un contrast clar \u0219i o vizibilitate optim\u0103. Indicatoarele mari rectangulare ale orelor \u0219i perla de pe luneta rotativ\u0103 sunt luminescente.<\/p>\n<p>Ceasurile sunt oferite pe curele din \u021bes\u0103tur\u0103 Cordura, cu catarama pliabil\u0103 din o\u021bel inoxidabil. Exist\u0103, de asemenea, op\u021biune de br\u0103\u021bar\u0103 din o\u021bel.<\/p>","protected":false},"excerpt":{"rendered":"<p>Fondat\u0103 \u00een 1927 de Dr. Ernst Kurtz, Tutima are o lung\u0103 tradi\u021bie \u00een fabricarea de ceasuri pilot. Grand Flieger Airport este o colec\u021bie inspirat\u0103 de unul dintre modele ale m\u0103rcii din anii 1940. Semnul caracteristic al liniei &#8211; o lunet\u0103 rotativ\u0103 bidirec\u021bional\u0103 cu o scal\u0103 de 60 de minute \u0219i un punct de marcaj ro\u0219u [&hellip;]<\/p>\n","protected":false},"featured_media":49833,"comment_status":"closed","ping_status":"open","template":"","meta":{"_acf_changed":false},"product_brand":[],"product_cat":[20,106,628],"product_tag":[],"class_list":{"0":"post-49832","1":"product","2":"type-product","3":"status-publish","4":"has-post-thumbnail","6":"product_cat-ceasuri-barbati","7":"product_cat-ceasuri-premium","8":"product_cat-tutima","9":"pa_brand-tutima","10":"pa_braslet-otel-inoxidabil","11":"pa_corpus-41-mm","12":"pa_forma-rotund","13":"pa_funcii-data","14":"pa_funcii-ziua-saptamanii","15":"pa_garatia-24-luni","16":"pa_korpus-albastru","17":"pa_korpus-argintiu","18":"pa_material-ceramica","19":"pa_material-otel-inoxidabil","20":"pa_mehanizm-mecanic","21":"pa_mehanizm-mecanism-automatic","22":"pa_remeshok-argintiu","23":"pa_steklo-cristal-safir","24":"pa_strana-germania","25":"pa_voda-20-atm","27":"first","28":"instock","29":"purchasable","30":"product-type-simple"},"acf":[],"_links":{"self":[{"href":"https:\/\/ceasuri.md\/ru\/wp-json\/wp\/v2\/product\/49832","targetHints":{"allow":["GET"]}}],"collection":[{"href":"https:\/\/ceasuri.md\/ru\/wp-json\/wp\/v2\/product"}],"about":[{"href":"https:\/\/ceasuri.md\/ru\/wp-json\/wp\/v2\/types\/product"}],"replies":[{"embeddable":true,"href":"https:\/\/ceasuri.md\/ru\/wp-json\/wp\/v2\/comments?post=49832"}],"wp:featuredmedia":[{"embeddable":true,"href":"https:\/\/ceasuri.md\/ru\/wp-json\/wp\/v2\/media\/49833"}],"wp:attachment":[{"href":"https:\/\/ceasuri.md\/ru\/wp-json\/wp\/v2\/media?parent=49832"}],"wp:term":[{"taxonomy":"product_brand","embeddable":true,"href":"https:\/\/ceasuri.md\/ru\/wp-json\/wp\/v2\/product_brand?post=49832"},{"taxonomy":"product_cat","embeddable":true,"href":"https:\/\/ceasuri.md\/ru\/wp-json\/wp\/v2\/product_cat?post=49832"},{"taxonomy":"product_tag","embeddable":true,"href":"https:\/\/ceasuri.md\/ru\/wp-json\/wp\/v2\/product_tag?post=49832"}],"curies":[{"name":"wp","href":"https:\/\/api.w.org\/{rel}","templated":true}]}}