{"id":49782,"date":"2026-04-02T23:22:31","date_gmt":"2026-04-02T20:22:31","guid":{"rendered":"http:\/\/new.ceasuri.md\/shop\/uncategorized\/orient-star-contemporary-re-au0401s00b\/"},"modified":"2026-04-20T01:19:12","modified_gmt":"2026-04-19T22:19:12","slug":"orient-star-contemporary-re-au0401s00b","status":"publish","type":"product","link":"https:\/\/ceasuri.md\/ru\/shop\/branduri\/orient-star\/orient-star-contemporary-re-au0401s00b\/","title":{"rendered":"\u0427\u0430\u0441\u044b ORIENT STAR CONTEMPORARY RE-AU0401S00B"},"content":{"rendered":"<p>Ceas de m\u00e2n\u0103 Orient Star pentru b\u0103rba\u021bi.<\/p>\n<p>Ceas mecanic cu mecanism automat, din colec\u021bia Contemporary Basic Date. Calibru F6N43. Rezerv\u0103 de putere de p\u00e2n\u0103 la 50 de ore. 21.600 de vibra\u021bii pe or\u0103. Num\u0103r de bijuterii &#8211; 24.<\/p>\n<p>Cadranul are un indicator retrograd al rezervei de energie. Indicarea datei curente. Acele m\u00e2ini sunt acoperite cu un strat luminescent (str\u0103lucesc \u00een \u00eentuneric).<\/p>\n<p>Func\u021bia de oprire a secundei (opre\u0219te m\u00e2na a doua pentru a seta ora exact\u0103).<\/p>\n<p>Cristal de safir rezistent la zg\u00e2rieturi, cu strat anti-reflexie.<\/p>\n<p>Carcasa este par\u021bial acoperit\u0103 cu PVD. Elementele carcasei sunt lustruite manual cu ajutorul tehnologiei Zaratsu. Fundul carcasei transparent cu \u0219urub.<\/p>\n<p>Rezistent la ap\u0103 WR50 (5 atm).<\/p>","protected":false},"excerpt":{"rendered":"<p>Ceas de m\u00e2n\u0103 Orient Star pentru b\u0103rba\u021bi. Ceas mecanic cu mecanism automat, din colec\u021bia Contemporary Basic Date. Calibru F6N43. Rezerv\u0103 de putere de p\u00e2n\u0103 la 50 de ore. 21.600 de vibra\u021bii pe or\u0103. Num\u0103r de bijuterii &#8211; 24. Cadranul are un indicator retrograd al rezervei de energie. Indicarea datei curente. Acele m\u00e2ini sunt acoperite cu [&hellip;]<\/p>\n","protected":false},"featured_media":49783,"comment_status":"closed","ping_status":"open","template":"","meta":{"_acf_changed":false},"product_brand":[],"product_cat":[20,106,598],"product_tag":[],"class_list":{"0":"post-49782","1":"product","2":"type-product","3":"status-publish","4":"has-post-thumbnail","6":"product_cat-ceasuri-barbati","7":"product_cat-ceasuri-premium","8":"product_cat-orient-star","9":"pa_brand-orient-star","10":"pa_braslet-otel-inoxidabil","11":"pa_corpus-42-mm","12":"pa_forma-rotund","13":"pa_funcii-data","14":"pa_funcii-rezerva-de-energie","15":"pa_garatia-24-luni","16":"pa_korpus-argintiu","17":"pa_korpus-roz-gold","18":"pa_material-otel-inoxidabil","19":"pa_mehanizm-mecanic","20":"pa_mehanizm-mecanism-automatic","21":"pa_remeshok-argintiu","22":"pa_steklo-cristal-safir","23":"pa_strana-japonia","24":"pa_voda-5-atm","26":"first","27":"instock","28":"purchasable","29":"product-type-simple"},"acf":[],"_links":{"self":[{"href":"https:\/\/ceasuri.md\/ru\/wp-json\/wp\/v2\/product\/49782","targetHints":{"allow":["GET"]}}],"collection":[{"href":"https:\/\/ceasuri.md\/ru\/wp-json\/wp\/v2\/product"}],"about":[{"href":"https:\/\/ceasuri.md\/ru\/wp-json\/wp\/v2\/types\/product"}],"replies":[{"embeddable":true,"href":"https:\/\/ceasuri.md\/ru\/wp-json\/wp\/v2\/comments?post=49782"}],"wp:featuredmedia":[{"embeddable":true,"href":"https:\/\/ceasuri.md\/ru\/wp-json\/wp\/v2\/media\/49783"}],"wp:attachment":[{"href":"https:\/\/ceasuri.md\/ru\/wp-json\/wp\/v2\/media?parent=49782"}],"wp:term":[{"taxonomy":"product_brand","embeddable":true,"href":"https:\/\/ceasuri.md\/ru\/wp-json\/wp\/v2\/product_brand?post=49782"},{"taxonomy":"product_cat","embeddable":true,"href":"https:\/\/ceasuri.md\/ru\/wp-json\/wp\/v2\/product_cat?post=49782"},{"taxonomy":"product_tag","embeddable":true,"href":"https:\/\/ceasuri.md\/ru\/wp-json\/wp\/v2\/product_tag?post=49782"}],"curies":[{"name":"wp","href":"https:\/\/api.w.org\/{rel}","templated":true}]}}