{"id":49611,"date":"2026-04-02T23:20:54","date_gmt":"2026-04-02T20:20:54","guid":{"rendered":"http:\/\/new.ceasuri.md\/shop\/uncategorized\/tutima-m2-seven-seas-s-6155-04-93224\/"},"modified":"2026-04-20T01:33:38","modified_gmt":"2026-04-19T22:33:38","slug":"tutima-m2-seven-seas-s-6155-04-93224","status":"publish","type":"product","link":"https:\/\/ceasuri.md\/ru\/shop\/branduri\/tutima\/tutima-m2-seven-seas-s-6155-04-93224\/","title":{"rendered":"\u0427\u0430\u0441\u044b TUTIMA M2 SEVEN SEAS S 6155-04-93224"},"content":{"rendered":"<p>Fie c\u0103 explora\u021bi locuri \u00eendep\u0103rtate, v\u0103 \u00een\u0103l\u021ba\u021bi la \u00een\u0103l\u021bimi mari, v\u0103 scufunda\u021bi \u00een recifele de corali sau naviga\u021bi pe oceanele lumii, Tutima M2 Seven Seas S este o adev\u0103rat\u0103 descoperire pentru aventurieri.<\/p>\n<p>Culorile \u00eendr\u0103zne\u021be \u0219i contururile distinctive eviden\u021biaz\u0103 spiritul la fel de pionierat al acestor ceasuri \u0219i al purt\u0103torilor lor. O privire aruncat\u0103 asupra cadranului este o scufundare \u00eentr-o profunzime de culoare, care devine progresiv mai \u00eentunecat spre periferia cadranului. Efectul de degradare nu numai c\u0103 arat\u0103 bine, dar are \u0219i o capacitate func\u021bional\u0103 de a spori lizibilitatea \u0219i contrastul.<\/p>\n<p>Luneta rotativ\u0103 cu un marker de orientare la &#8222;12&#8221; este at\u00e2t func\u021bional\u0103, c\u00e2t \u0219i atr\u0103g\u0103toare pentru ochi. To\u021bi indicii \u0219i toate acele sunt acoperite cu un strat generos de material luminos pentru a spori vizibilitatea \u00een mediile slab luminate.<\/p>\n<p>&#8222;S&#8221; &#8211; folosit aici \u00een colec\u021bia M2 Seven Seas S \u00eenseamn\u0103: o\u021belit, sportiv \u0219i spectaculos. Ceasurile din seria &#8222;S&#8221; au carcase din o\u021bel inoxidabil periat \u0219i par\u021bial lustruit, cu calit\u0103\u021bi vizuale \u0219i tactile unice.<\/p>\n<p>Carcasa de 44 mm rezist\u0103 cu u\u0219urin\u021b\u0103 la o presiune enorm\u0103 de 50 atm, care este echivalent\u0103 cu condi\u021biile care prevaleaz\u0103 la o ad\u00e2ncime de 500 de metri. Partea din spate a carcasei \u0219i coroana \u00eenchise sunt \u00een\u0219urubate pentru a asigura rezisten\u021ba la ap\u0103 la aceste niveluri. Flancurile laterale ofer\u0103 coroanei o protec\u021bie suplimentar\u0103 \u00eempotriva impactului, iar partea frontal\u0103 a carcasei din cristal de safir antireflex are o grosime de trei milimetri.<\/p>\n<p>Calibrul automat Tutima 330, bine protejat, m\u0103soar\u0103 \u00een mod fiabil timpul, care r\u0103m\u00e2ne perfect lizibil chiar \u0219i \u00een \u00eentuneric datorit\u0103 Super-LumiNova.<\/p>\n<p>Piesele din seria M2 Seven Seas S sunt disponibile cu o br\u0103\u021bar\u0103 din o\u021bel inoxidabil sau cu o curea din piele, de dou\u0103 componente de culoare asortat\u0103, potrivit\u0103 pentru contactul cu apa.<\/p>","protected":false},"excerpt":{"rendered":"<p>Fie c\u0103 explora\u021bi locuri \u00eendep\u0103rtate, v\u0103 \u00een\u0103l\u021ba\u021bi la \u00een\u0103l\u021bimi mari, v\u0103 scufunda\u021bi \u00een recifele de corali sau naviga\u021bi pe oceanele lumii, Tutima M2 Seven Seas S este o adev\u0103rat\u0103 descoperire pentru aventurieri. Culorile \u00eendr\u0103zne\u021be \u0219i contururile distinctive eviden\u021biaz\u0103 spiritul la fel de pionierat al acestor ceasuri \u0219i al purt\u0103torilor lor. O privire aruncat\u0103 asupra cadranului [&hellip;]<\/p>\n","protected":false},"featured_media":49612,"comment_status":"closed","ping_status":"open","template":"","meta":{"_acf_changed":false},"product_brand":[],"product_cat":[20,106,628],"product_tag":[],"class_list":{"0":"post-49611","1":"product","2":"type-product","3":"status-publish","4":"has-post-thumbnail","6":"product_cat-ceasuri-barbati","7":"product_cat-ceasuri-premium","8":"product_cat-tutima","9":"pa_brand-tutima","10":"pa_braslet-otel-inoxidabil","11":"pa_corpus-44-mm","12":"pa_forma-rotund","13":"pa_funcii-data","14":"pa_garatia-24-luni","15":"pa_korpus-argintiu","16":"pa_material-otel-inoxidabil","17":"pa_mehanizm-mecanic","18":"pa_mehanizm-mecanism-automatic","19":"pa_remeshok-argintiu","20":"pa_steklo-cristal-safir","21":"pa_strana-germania","22":"pa_voda-50-atm","24":"first","25":"instock","26":"purchasable","27":"product-type-simple"},"acf":[],"_links":{"self":[{"href":"https:\/\/ceasuri.md\/ru\/wp-json\/wp\/v2\/product\/49611","targetHints":{"allow":["GET"]}}],"collection":[{"href":"https:\/\/ceasuri.md\/ru\/wp-json\/wp\/v2\/product"}],"about":[{"href":"https:\/\/ceasuri.md\/ru\/wp-json\/wp\/v2\/types\/product"}],"replies":[{"embeddable":true,"href":"https:\/\/ceasuri.md\/ru\/wp-json\/wp\/v2\/comments?post=49611"}],"wp:featuredmedia":[{"embeddable":true,"href":"https:\/\/ceasuri.md\/ru\/wp-json\/wp\/v2\/media\/49612"}],"wp:attachment":[{"href":"https:\/\/ceasuri.md\/ru\/wp-json\/wp\/v2\/media?parent=49611"}],"wp:term":[{"taxonomy":"product_brand","embeddable":true,"href":"https:\/\/ceasuri.md\/ru\/wp-json\/wp\/v2\/product_brand?post=49611"},{"taxonomy":"product_cat","embeddable":true,"href":"https:\/\/ceasuri.md\/ru\/wp-json\/wp\/v2\/product_cat?post=49611"},{"taxonomy":"product_tag","embeddable":true,"href":"https:\/\/ceasuri.md\/ru\/wp-json\/wp\/v2\/product_tag?post=49611"}],"curies":[{"name":"wp","href":"https:\/\/api.w.org\/{rel}","templated":true}]}}