{"id":49561,"date":"2026-04-02T23:20:05","date_gmt":"2026-04-02T20:20:05","guid":{"rendered":"http:\/\/new.ceasuri.md\/shop\/uncategorized\/orient-sports-mako-ra-aa0819n19b\/"},"modified":"2026-04-20T01:17:11","modified_gmt":"2026-04-19T22:17:11","slug":"orient-sports-mako-ra-aa0819n19b","status":"publish","type":"product","link":"https:\/\/ceasuri.md\/ru\/shop\/branduri\/orient\/orient-sports-mako-ra-aa0819n19b\/","title":{"rendered":"\u0427\u0430\u0441\u044b ORIENT SPORTS MAKO RA-AA0819N19B"},"content":{"rendered":"<p>Modelul cu design Diver este ideal pentru sport \u0219i activit\u0103\u021bi \u00een aer liber, iar culorile proaspete \u0219i designul la mod\u0103, combinate cu un aer vintage, ofer\u0103 un accent izbitor atunci c\u00e2nd sunt purtate \u00een ora\u0219, ceea ce le spore\u0219te atractivitatea.<\/p>\n<p>Pe placa de aluminiu a lunetei, dou\u0103 culori diferite \u00eempart margini separate la indicatoarele triunghiulare \u0219i de 15 minute.<\/p>\n<p>Noul model cu sticl\u0103 de cristal de safir are cifre arabe la orele 12, 6 \u0219i 9. Numerele arabe confer\u0103 un aer mai dezinvolt \u00een compara\u021bie cu indicii cu bare sau puncte care amintesc de ceasurile de scafandru tradi\u021bionale \u0219i autentice, ceea ce face din ele un ceas ideal care poate fi purtat \u00een fiecare zi.<\/p>","protected":false},"excerpt":{"rendered":"<p>Modelul cu design Diver este ideal pentru sport \u0219i activit\u0103\u021bi \u00een aer liber, iar culorile proaspete \u0219i designul la mod\u0103, combinate cu un aer vintage, ofer\u0103 un accent izbitor atunci c\u00e2nd sunt purtate \u00een ora\u0219, ceea ce le spore\u0219te atractivitatea. Pe placa de aluminiu a lunetei, dou\u0103 culori diferite \u00eempart margini separate la indicatoarele triunghiulare [&hellip;]<\/p>\n","protected":false},"featured_media":49562,"comment_status":"closed","ping_status":"open","template":"","meta":{"_acf_changed":false},"product_brand":[],"product_cat":[20,596],"product_tag":[],"class_list":{"0":"post-49561","1":"product","2":"type-product","3":"status-publish","4":"has-post-thumbnail","6":"product_cat-ceasuri-barbati","7":"product_cat-orient","8":"pa_brand-orient","9":"pa_braslet-otel-inoxidabil","10":"pa_corpus-42-mm","11":"pa_forma-rotund","12":"pa_funcii-data","13":"pa_funcii-ziua-saptamanii","14":"pa_garatia-24-luni","15":"pa_korpus-argintiu","16":"pa_korpus-gri","17":"pa_material-otel-inoxidabil","18":"pa_mehanizm-mecanic","19":"pa_mehanizm-mecanism-automatic","20":"pa_remeshok-argintiu","21":"pa_steklo-cristal-safir","22":"pa_strana-japonia","23":"pa_voda-20-atm","25":"first","26":"instock","27":"purchasable","28":"product-type-simple"},"acf":[],"_links":{"self":[{"href":"https:\/\/ceasuri.md\/ru\/wp-json\/wp\/v2\/product\/49561","targetHints":{"allow":["GET"]}}],"collection":[{"href":"https:\/\/ceasuri.md\/ru\/wp-json\/wp\/v2\/product"}],"about":[{"href":"https:\/\/ceasuri.md\/ru\/wp-json\/wp\/v2\/types\/product"}],"replies":[{"embeddable":true,"href":"https:\/\/ceasuri.md\/ru\/wp-json\/wp\/v2\/comments?post=49561"}],"wp:featuredmedia":[{"embeddable":true,"href":"https:\/\/ceasuri.md\/ru\/wp-json\/wp\/v2\/media\/49562"}],"wp:attachment":[{"href":"https:\/\/ceasuri.md\/ru\/wp-json\/wp\/v2\/media?parent=49561"}],"wp:term":[{"taxonomy":"product_brand","embeddable":true,"href":"https:\/\/ceasuri.md\/ru\/wp-json\/wp\/v2\/product_brand?post=49561"},{"taxonomy":"product_cat","embeddable":true,"href":"https:\/\/ceasuri.md\/ru\/wp-json\/wp\/v2\/product_cat?post=49561"},{"taxonomy":"product_tag","embeddable":true,"href":"https:\/\/ceasuri.md\/ru\/wp-json\/wp\/v2\/product_tag?post=49561"}],"curies":[{"name":"wp","href":"https:\/\/api.w.org\/{rel}","templated":true}]}}