{"id":49522,"date":"2023-08-07T08:45:30","date_gmt":"2023-08-07T05:45:30","guid":{"rendered":"http:\/\/new.ceasuri.md\/shop\/uncategorized\/orient-star-contemporary-re-av0114e00b\/"},"modified":"2026-05-01T17:56:39","modified_gmt":"2026-05-01T14:56:39","slug":"orient-star-contemporary-re-av0114e00b","status":"publish","type":"product","link":"https:\/\/ceasuri.md\/ru\/shop\/branduri\/orient-star\/orient-star-contemporary-re-av0114e00b\/","title":{"rendered":"\u0427\u0430\u0441\u044b ORIENT STAR CONTEMPORARY RE-AV0114E00B"},"content":{"rendered":"<p>Istoria Orient \u00eencepe \u00een 1901, c\u00e2nd Shogoro Yoshida a \u00eenceput s\u0103 v\u00e2nd\u0103 ceasuri de buzunar importate \u00een Ueno, Tokyo. Acest lucru a evoluat \u00eentr-o companie de ceasuri care s-a lansat oficial ca Orient Watch Company Limited \u00een 1950, iar Orient Star a ap\u0103rut \u00een 1951.<\/p>\n<p>Respect\u00e2nd tradi\u021bia, dar accept\u00e2nd \u00een acela\u0219i timp inova\u021bia, Orient a devenit una dintre cele mai mari \u0219i mai bogate companii japoneze de ceasuri. Orient \u00ee\u0219i produce propriile mecanisme, cunoscute \u0219i sub denumirea de mecanisme &#8222;in-house&#8221;, ceea ce \u00eenseamn\u0103 c\u0103 modelele \u0219i produsele sale sunt concepute \u0219i produse \u00een mod unic \u00een propriile fabrici, \u00een loc s\u0103 cumpere mecanisme de la alte fabrici.<\/p>\n<p>Acest ceas combin\u0103 perfect farmecul mecanic al unui ceas cu schelet cu un design modern simplu.<\/p>\n<p>Mi\u0219carea are 24 de bijuterii \u0219i bate la 21600 de vibra\u021bii pe or\u0103.<\/p>\n<p>Indicator retrograd al rezervei de energie pentru p\u00e2n\u0103 la 50 de ore.  Prin ferestrele transparente de pe cadran pute\u021bi observa func\u021bionarea mecanismului ceasului.<\/p>\n<p>Coroan\u0103 canelat\u0103. Fond transparent al carcasei \u00een\u0219urubat. Br\u0103\u021bar\u0103 din o\u021bel cu \u00eenchidere pliabil\u0103.<\/p>","protected":false},"excerpt":{"rendered":"<p>Istoria Orient \u00eencepe \u00een 1901, c\u00e2nd Shogoro Yoshida a \u00eenceput s\u0103 v\u00e2nd\u0103 ceasuri de buzunar importate \u00een Ueno, Tokyo. Acest lucru a evoluat \u00eentr-o companie de ceasuri care s-a lansat oficial ca Orient Watch Company Limited \u00een 1950, iar Orient Star a ap\u0103rut \u00een 1951. Respect\u00e2nd tradi\u021bia, dar accept\u00e2nd \u00een acela\u0219i timp inova\u021bia, Orient a [&hellip;]<\/p>\n","protected":false},"featured_media":49523,"comment_status":"closed","ping_status":"open","template":"","meta":{"_acf_changed":false},"product_brand":[],"product_cat":[20,106,598],"product_tag":[],"class_list":{"0":"post-49522","1":"product","2":"type-product","3":"status-publish","4":"has-post-thumbnail","6":"product_cat-ceasuri-barbati","7":"product_cat-ceasuri-premium","8":"product_cat-orient-star","9":"pa_brand-orient-star","10":"pa_braslet-otel-inoxidabil","11":"pa_corpus-41-mm","12":"pa_forma-rotund","13":"pa_funcii-offset-second-hand","14":"pa_funcii-rezerva-de-energie","15":"pa_funcii-semischelet","16":"pa_garatia-24-luni","17":"pa_korpus-argintiu","18":"pa_material-otel-inoxidabil","19":"pa_mehanizm-mecanic","20":"pa_mehanizm-mecanism-automatic","21":"pa_remeshok-argintiu","22":"pa_steklo-cristal-safir","23":"pa_strana-japonia","24":"pa_voda-10-atm","26":"first","27":"instock","28":"purchasable","29":"product-type-simple"},"acf":[],"_links":{"self":[{"href":"https:\/\/ceasuri.md\/ru\/wp-json\/wp\/v2\/product\/49522","targetHints":{"allow":["GET"]}}],"collection":[{"href":"https:\/\/ceasuri.md\/ru\/wp-json\/wp\/v2\/product"}],"about":[{"href":"https:\/\/ceasuri.md\/ru\/wp-json\/wp\/v2\/types\/product"}],"replies":[{"embeddable":true,"href":"https:\/\/ceasuri.md\/ru\/wp-json\/wp\/v2\/comments?post=49522"}],"wp:featuredmedia":[{"embeddable":true,"href":"https:\/\/ceasuri.md\/ru\/wp-json\/wp\/v2\/media\/49523"}],"wp:attachment":[{"href":"https:\/\/ceasuri.md\/ru\/wp-json\/wp\/v2\/media?parent=49522"}],"wp:term":[{"taxonomy":"product_brand","embeddable":true,"href":"https:\/\/ceasuri.md\/ru\/wp-json\/wp\/v2\/product_brand?post=49522"},{"taxonomy":"product_cat","embeddable":true,"href":"https:\/\/ceasuri.md\/ru\/wp-json\/wp\/v2\/product_cat?post=49522"},{"taxonomy":"product_tag","embeddable":true,"href":"https:\/\/ceasuri.md\/ru\/wp-json\/wp\/v2\/product_tag?post=49522"}],"curies":[{"name":"wp","href":"https:\/\/api.w.org\/{rel}","templated":true}]}}