{"id":49469,"date":"2026-04-02T23:19:16","date_gmt":"2026-04-02T20:19:16","guid":{"rendered":"http:\/\/new.ceasuri.md\/shop\/uncategorized\/orient-star-classic-re-at0202e00b\/"},"modified":"2026-04-17T14:15:24","modified_gmt":"2026-04-17T11:15:24","slug":"orient-star-classic-re-at0202e00b","status":"publish","type":"product","link":"https:\/\/ceasuri.md\/ru\/shop\/branduri\/orient-star\/orient-star-classic-re-at0202e00b\/","title":{"rendered":"Ceas ORIENT STAR CLASSIC RE-AT0202E00B"},"content":{"rendered":"<p>Istoria Orient \u00eencepe \u00een 1901, c\u00e2nd Shogoro Yoshida a \u00eenceput s\u0103 v\u00e2nd\u0103 ceasuri de buzunar importate \u00een Ueno, Tokyo. Acest lucru a evoluat \u00eentr-o companie de ceasuri care s-a lansat oficial ca Orient Watch Company Limited \u00een 1950, iar Orient Star a ap\u0103rut \u00een 1951.<\/p>\n<p>Respect\u00e2nd tradi\u021bia, dar accept\u00e2nd \u00een acela\u0219i timp inova\u021bia, Orient a devenit una dintre cele mai mari \u0219i mai bogate companii japoneze de ceasuri. Orient \u00ee\u0219i produce propriile mecanisme, cunoscute \u0219i sub denumirea de mecanisme &#8222;in-house&#8221;, ceea ce \u00eenseamn\u0103 c\u0103 modelele \u0219i produsele sale sunt concepute \u0219i produse \u00een mod unic \u00een propriile fabrici, \u00een loc s\u0103 cumpere mecanisme de la alte fabrici.<\/p>\n<p>Orient Star se adreseaz\u0103 unui segment mai \u00eenalt, cu tehnici \u0219i mecanisme de nivel superior, cum ar fi lustruirea Zaratsu \u0219i mi\u0219c\u0103rile mecanice cu complica\u021bie moonphase. Toate modelele sunt produse \u00een fabrica lor din Akita, cu propriile modele, tradi\u021bii \u0219i pasiune.<\/p>","protected":false},"excerpt":{"rendered":"<p>Istoria Orient \u00eencepe \u00een 1901, c\u00e2nd Shogoro Yoshida a \u00eenceput s\u0103 v\u00e2nd\u0103 ceasuri de buzunar importate \u00een Ueno, Tokyo. Acest lucru a evoluat \u00eentr-o companie de ceasuri care s-a lansat oficial ca Orient Watch Company Limited \u00een 1950, iar Orient Star a ap\u0103rut \u00een 1951. Respect\u00e2nd tradi\u021bia, dar accept\u00e2nd \u00een acela\u0219i timp inova\u021bia, Orient a [&hellip;]<\/p>\n","protected":false},"featured_media":49470,"comment_status":"closed","ping_status":"open","template":"","meta":{"_acf_changed":false},"product_brand":[],"product_cat":[20,598],"product_tag":[],"class_list":{"0":"post-49469","1":"product","2":"type-product","3":"status-publish","4":"has-post-thumbnail","6":"product_cat-ceasuri-barbati","7":"product_cat-orient-star","8":"pa_brand-orient-star","9":"pa_braslet-piele","10":"pa_corpus-40-mm","11":"pa_forma-rotund","12":"pa_funcii-rezerva-de-energie","13":"pa_funcii-semischelet","14":"pa_garatia-24-luni","15":"pa_korpus-argintiu","16":"pa_material-otel-inoxidabil","17":"pa_mehanizm-mecanic","18":"pa_mehanizm-mecanism-automatic","19":"pa_remeshok-maro","20":"pa_steklo-cristal-mineral","21":"pa_strana-japonia","22":"pa_voda-5-atm","24":"first","25":"instock","26":"purchasable","27":"product-type-simple"},"acf":[],"_links":{"self":[{"href":"https:\/\/ceasuri.md\/ru\/wp-json\/wp\/v2\/product\/49469","targetHints":{"allow":["GET"]}}],"collection":[{"href":"https:\/\/ceasuri.md\/ru\/wp-json\/wp\/v2\/product"}],"about":[{"href":"https:\/\/ceasuri.md\/ru\/wp-json\/wp\/v2\/types\/product"}],"replies":[{"embeddable":true,"href":"https:\/\/ceasuri.md\/ru\/wp-json\/wp\/v2\/comments?post=49469"}],"wp:featuredmedia":[{"embeddable":true,"href":"https:\/\/ceasuri.md\/ru\/wp-json\/wp\/v2\/media\/49470"}],"wp:attachment":[{"href":"https:\/\/ceasuri.md\/ru\/wp-json\/wp\/v2\/media?parent=49469"}],"wp:term":[{"taxonomy":"product_brand","embeddable":true,"href":"https:\/\/ceasuri.md\/ru\/wp-json\/wp\/v2\/product_brand?post=49469"},{"taxonomy":"product_cat","embeddable":true,"href":"https:\/\/ceasuri.md\/ru\/wp-json\/wp\/v2\/product_cat?post=49469"},{"taxonomy":"product_tag","embeddable":true,"href":"https:\/\/ceasuri.md\/ru\/wp-json\/wp\/v2\/product_tag?post=49469"}],"curies":[{"name":"wp","href":"https:\/\/api.w.org\/{rel}","templated":true}]}}