{"id":49385,"date":"2026-04-02T23:18:25","date_gmt":"2026-04-02T20:18:25","guid":{"rendered":"http:\/\/new.ceasuri.md\/shop\/uncategorized\/orient-contemporary-ra-ag0019b30b\/"},"modified":"2026-04-20T01:23:02","modified_gmt":"2026-04-19T22:23:02","slug":"orient-contemporary-ra-ag0019b30b","status":"publish","type":"product","link":"https:\/\/ceasuri.md\/ru\/shop\/branduri\/orient\/orient-contemporary-ra-ag0019b30b\/","title":{"rendered":"\u0427\u0430\u0441\u044b ORIENT CONTEMPORARY RA-AG0019B30B"},"content":{"rendered":"<p>Orient este un brand japonez de \u00eencredere, bazat pe valori, apreciat de iubitorii modelelor vintage. Cele mai cunoscute modele sunt experimentele \u00eendr\u0103zne\u021be din anii &#8217;70 \u00een lumea cadranelor colorate, cu tranzi\u021bii degradate \u0219i calendare multianuale.<\/p>\n<p>De\u0219i fuziunea cu Epson la \u00eenceputul anilor &#8217;70 a adus ceasurile Orient sub aripa puternicei corpora\u021bii Seiko, acestea au r\u0103mas fidele designului japonez \u0219i valorii ridicate, consolid\u00e2ndu-\u0219i pozi\u021bia pe pia\u021ba asiatic\u0103. Dar \u00een Occident, ele r\u0103m\u00e2n un fel de secret care merit\u0103 descoperit.<\/p>\n<p>Orient a cunoscut un av\u00e2nt \u00een anii 2000 datorit\u0103 formei clasice \u0219i calibrelor mecanice ale gamei Bambino, iar ceasurile de scufundare Mako sunt considerate o alternativ\u0103 valoroas\u0103 la omniprezentele Seiko SKX \u00een SUA. La fel ca Seiko, cartea de vizit\u0103 a m\u0103rcii o reprezint\u0103 ceasurile de scufundare puternice, cu mecanisme mecanice fiabile.<\/p>","protected":false},"excerpt":{"rendered":"<p>Orient este un brand japonez de \u00eencredere, bazat pe valori, apreciat de iubitorii modelelor vintage. Cele mai cunoscute modele sunt experimentele \u00eendr\u0103zne\u021be din anii &#8217;70 \u00een lumea cadranelor colorate, cu tranzi\u021bii degradate \u0219i calendare multianuale. De\u0219i fuziunea cu Epson la \u00eenceputul anilor &#8217;70 a adus ceasurile Orient sub aripa puternicei corpora\u021bii Seiko, acestea au r\u0103mas [&hellip;]<\/p>\n","protected":false},"featured_media":49386,"comment_status":"closed","ping_status":"open","template":"","meta":{"_acf_changed":false},"product_brand":[],"product_cat":[25,596],"product_tag":[],"class_list":{"0":"post-49385","1":"product","2":"type-product","3":"status-publish","4":"has-post-thumbnail","6":"product_cat-ceasuri-dama","7":"product_cat-orient","8":"pa_brand-orient","9":"pa_braslet-piele","10":"pa_corpus-36-mm","11":"pa_decor-cristale-swarowski","12":"pa_forma-rotund","13":"pa_funcii-semischelet","14":"pa_garatia-24-luni","15":"pa_korpus-argintiu","16":"pa_material-otel-inoxidabil","17":"pa_mehanizm-mecanic","18":"pa_mehanizm-mecanism-automatic","19":"pa_remeshok-negru","20":"pa_steklo-cristal-mineral","21":"pa_strana-japonia","22":"pa_voda-3-atm","24":"first","25":"instock","26":"purchasable","27":"product-type-simple"},"acf":[],"_links":{"self":[{"href":"https:\/\/ceasuri.md\/ru\/wp-json\/wp\/v2\/product\/49385","targetHints":{"allow":["GET"]}}],"collection":[{"href":"https:\/\/ceasuri.md\/ru\/wp-json\/wp\/v2\/product"}],"about":[{"href":"https:\/\/ceasuri.md\/ru\/wp-json\/wp\/v2\/types\/product"}],"replies":[{"embeddable":true,"href":"https:\/\/ceasuri.md\/ru\/wp-json\/wp\/v2\/comments?post=49385"}],"wp:featuredmedia":[{"embeddable":true,"href":"https:\/\/ceasuri.md\/ru\/wp-json\/wp\/v2\/media\/49386"}],"wp:attachment":[{"href":"https:\/\/ceasuri.md\/ru\/wp-json\/wp\/v2\/media?parent=49385"}],"wp:term":[{"taxonomy":"product_brand","embeddable":true,"href":"https:\/\/ceasuri.md\/ru\/wp-json\/wp\/v2\/product_brand?post=49385"},{"taxonomy":"product_cat","embeddable":true,"href":"https:\/\/ceasuri.md\/ru\/wp-json\/wp\/v2\/product_cat?post=49385"},{"taxonomy":"product_tag","embeddable":true,"href":"https:\/\/ceasuri.md\/ru\/wp-json\/wp\/v2\/product_tag?post=49385"}],"curies":[{"name":"wp","href":"https:\/\/api.w.org\/{rel}","templated":true}]}}