{"id":49358,"date":"2026-04-02T23:17:39","date_gmt":"2026-04-02T20:17:39","guid":{"rendered":"http:\/\/new.ceasuri.md\/shop\/uncategorized\/orient-classic-fac00005w0\/"},"modified":"2026-04-07T04:30:40","modified_gmt":"2026-04-07T01:30:40","slug":"orient-classic-fac00005w0","status":"publish","type":"product","link":"https:\/\/ceasuri.md\/ru\/shop\/branduri\/orient\/orient-classic-fac00005w0\/","title":{"rendered":"Ceas ORIENT CLASSIC FAC00005W0"},"content":{"rendered":"<p>Acest ceas mecanic elegant de 40,5 mm are o carcas\u0103 sofisticat\u0103 din o\u021bel inoxidabil, un cadran alb \u0219i o band\u0103 din piele cu textur\u0103 de crocodil.<\/p>\n<p>\u00cei sporesc estetica profesional\u0103 indicatoarele \u0219i m\u00e2inile elegante din argint pentru ore \u0219i m\u00e2ini, un orificiu convenabil pentru dat\u0103 \u0219i o coroan\u0103 cu \u00eenf\u0103\u0219urare manual\u0103 cu func\u021bionalitate automat\u0103.<\/p>\n<p>Suport\u0103 o rezisten\u021b\u0103 la ap\u0103 de 30 de metri.<\/p>","protected":false},"excerpt":{"rendered":"<p>Acest ceas mecanic elegant de 40,5 mm are o carcas\u0103 sofisticat\u0103 din o\u021bel inoxidabil, un cadran alb \u0219i o band\u0103 din piele cu textur\u0103 de crocodil. \u00cei sporesc estetica profesional\u0103 indicatoarele \u0219i m\u00e2inile elegante din argint pentru ore \u0219i m\u00e2ini, un orificiu convenabil pentru dat\u0103 \u0219i o coroan\u0103 cu \u00eenf\u0103\u0219urare manual\u0103 cu func\u021bionalitate automat\u0103. Suport\u0103 [&hellip;]<\/p>\n","protected":false},"featured_media":49359,"comment_status":"closed","ping_status":"open","template":"","meta":{"_acf_changed":false},"product_brand":[],"product_cat":[20,596],"product_tag":[],"class_list":{"0":"post-49358","1":"product","2":"type-product","3":"status-publish","4":"has-post-thumbnail","6":"product_cat-ceasuri-barbati","7":"product_cat-orient","8":"pa_brand-orient","9":"pa_braslet-piele","10":"pa_corpus-41-mm","11":"pa_forma-rotund","12":"pa_funcii-data","13":"pa_garatia-24-luni","14":"pa_korpus-argintiu","15":"pa_material-otel-inoxidabil","16":"pa_mehanizm-mecanic","17":"pa_mehanizm-mecanism-automatic","18":"pa_remeshok-maro","19":"pa_steklo-cristal-mineral","20":"pa_strana-japonia","21":"pa_voda-3-atm","23":"first","24":"instock","25":"purchasable","26":"product-type-simple"},"acf":[],"_links":{"self":[{"href":"https:\/\/ceasuri.md\/ru\/wp-json\/wp\/v2\/product\/49358","targetHints":{"allow":["GET"]}}],"collection":[{"href":"https:\/\/ceasuri.md\/ru\/wp-json\/wp\/v2\/product"}],"about":[{"href":"https:\/\/ceasuri.md\/ru\/wp-json\/wp\/v2\/types\/product"}],"replies":[{"embeddable":true,"href":"https:\/\/ceasuri.md\/ru\/wp-json\/wp\/v2\/comments?post=49358"}],"wp:featuredmedia":[{"embeddable":true,"href":"https:\/\/ceasuri.md\/ru\/wp-json\/wp\/v2\/media\/49359"}],"wp:attachment":[{"href":"https:\/\/ceasuri.md\/ru\/wp-json\/wp\/v2\/media?parent=49358"}],"wp:term":[{"taxonomy":"product_brand","embeddable":true,"href":"https:\/\/ceasuri.md\/ru\/wp-json\/wp\/v2\/product_brand?post=49358"},{"taxonomy":"product_cat","embeddable":true,"href":"https:\/\/ceasuri.md\/ru\/wp-json\/wp\/v2\/product_cat?post=49358"},{"taxonomy":"product_tag","embeddable":true,"href":"https:\/\/ceasuri.md\/ru\/wp-json\/wp\/v2\/product_tag?post=49358"}],"curies":[{"name":"wp","href":"https:\/\/api.w.org\/{rel}","templated":true}]}}