{"id":49340,"date":"2026-04-02T23:17:39","date_gmt":"2026-04-02T20:17:39","guid":{"rendered":"http:\/\/new.ceasuri.md\/shop\/uncategorized\/casio-wave-ceptor-wva-m650d-2a\/"},"modified":"2026-04-20T01:17:48","modified_gmt":"2026-04-19T22:17:48","slug":"casio-wave-ceptor-wva-m650d-2a","status":"publish","type":"product","link":"https:\/\/ceasuri.md\/ru\/shop\/branduri\/casio\/casio-wave-ceptor-wva-m650d-2a\/","title":{"rendered":"Ceas CASIO WAVE CEPTOR WVA-M650D-2A"},"content":{"rendered":"<p>Seria Wave Ceptor este o linie de ceasuri radiocomandate de Casio.<\/p>\n<p>Ceasurile Wave Ceptor se sincronizeaz\u0103 cu semnalele de timp radio transmise de diverse servicii publice de timp din \u00eentreaga lume. Aceste semnale transmit timpul \u00eenregistrat de ceasurile atomice cu o precizie de o secund\u0103 \u00een milioane de ani.<\/p>\n<p>Prin sincronizarea zilnic\u0103 cu aceste semnale, ceasurile Wave Ceptor ob\u021bin o precizie \u00eenalt\u0103, folosind un cristal de cuar\u021b pentru a men\u021bine timpul \u00eentre timp.<\/p>\n<p>Unele ceasuri radio, inclusiv unele Wave Ceptor, sunt alimentate cu energie solar\u0103, sus\u021binute de o baterie re\u00eenc\u0103rcabil\u0103. Afi\u0219ajele ceasurilor pot fi complet digitale, analogice sau analogice-digitale.<\/p>\n<p>Ceasurile radiocomandate nu necesit\u0103 setarea orei, a datei sau ajustarea orei de var\u0103, deoarece efectueaz\u0103 o sincronizare automat\u0103 de mai multe ori \u00een fiecare noapte. F\u0103r\u0103 sincronizare, Wave Ceptors, ca \u0219i alte ceasuri comerciale cu cuar\u021b, au o precizie obi\u0219nuit\u0103 de \u00b1 15 secunde pe lun\u0103; sincronizarea zilnic\u0103 asigur\u0103 o precizie de 500 ms.<\/p>\n<p>Majoritatea ceasurilor Wave Ceptor au un indicator de intensitate a semnalului care arat\u0103 dac\u0103 semnalul de timp este suficient de puternic pentru a corecta ora setat\u0103.<\/p>","protected":false},"excerpt":{"rendered":"<p>Seria Wave Ceptor este o linie de ceasuri radiocomandate de Casio. Ceasurile Wave Ceptor se sincronizeaz\u0103 cu semnalele de timp radio transmise de diverse servicii publice de timp din \u00eentreaga lume. Aceste semnale transmit timpul \u00eenregistrat de ceasurile atomice cu o precizie de o secund\u0103 \u00een milioane de ani. Prin sincronizarea zilnic\u0103 cu aceste semnale, [&hellip;]<\/p>\n","protected":false},"featured_media":49341,"comment_status":"closed","ping_status":"open","template":"","meta":{"_acf_changed":false},"product_brand":[],"product_cat":[27,20],"product_tag":[],"class_list":{"0":"post-49340","1":"product","2":"type-product","3":"status-publish","4":"has-post-thumbnail","6":"product_cat-casio","7":"product_cat-ceasuri-barbati","8":"pa_brand-casio","9":"pa_braslet-otel-inoxidabil","10":"pa_corpus-44-mm","11":"pa_forma-rotund","12":"pa_funcii-alarma","13":"pa_funcii-calendar","14":"pa_funcii-cronometru","15":"pa_funcii-dual-time","16":"pa_funcii-iluminare","17":"pa_funcii-rezerva-de-energie","18":"pa_funcii-timp-mondial","19":"pa_garatia-24-luni","20":"pa_korpus-argintiu","21":"pa_kvarc-quartz","22":"pa_material-otel-inoxidabil","23":"pa_material-plastic","24":"pa_mehanizm-baterie-solara","25":"pa_remeshok-argintiu","26":"pa_steklo-plastic","27":"pa_strana-japonia","28":"pa_voda-10-atm","30":"first","31":"instock","32":"purchasable","33":"product-type-simple"},"acf":[],"_links":{"self":[{"href":"https:\/\/ceasuri.md\/ru\/wp-json\/wp\/v2\/product\/49340","targetHints":{"allow":["GET"]}}],"collection":[{"href":"https:\/\/ceasuri.md\/ru\/wp-json\/wp\/v2\/product"}],"about":[{"href":"https:\/\/ceasuri.md\/ru\/wp-json\/wp\/v2\/types\/product"}],"replies":[{"embeddable":true,"href":"https:\/\/ceasuri.md\/ru\/wp-json\/wp\/v2\/comments?post=49340"}],"wp:featuredmedia":[{"embeddable":true,"href":"https:\/\/ceasuri.md\/ru\/wp-json\/wp\/v2\/media\/49341"}],"wp:attachment":[{"href":"https:\/\/ceasuri.md\/ru\/wp-json\/wp\/v2\/media?parent=49340"}],"wp:term":[{"taxonomy":"product_brand","embeddable":true,"href":"https:\/\/ceasuri.md\/ru\/wp-json\/wp\/v2\/product_brand?post=49340"},{"taxonomy":"product_cat","embeddable":true,"href":"https:\/\/ceasuri.md\/ru\/wp-json\/wp\/v2\/product_cat?post=49340"},{"taxonomy":"product_tag","embeddable":true,"href":"https:\/\/ceasuri.md\/ru\/wp-json\/wp\/v2\/product_tag?post=49340"}],"curies":[{"name":"wp","href":"https:\/\/api.w.org\/{rel}","templated":true}]}}