{"id":49333,"date":"2026-04-02T23:17:39","date_gmt":"2026-04-02T20:17:39","guid":{"rendered":"http:\/\/new.ceasuri.md\/shop\/uncategorized\/casio-collection-lf-20w-8aef\/"},"modified":"2026-04-20T01:17:41","modified_gmt":"2026-04-19T22:17:41","slug":"casio-collection-lf-20w-8aef","status":"publish","type":"product","link":"https:\/\/ceasuri.md\/ru\/shop\/branduri\/casio\/casio-collection-lf-20w-8aef\/","title":{"rendered":"\u0427\u0430\u0441\u044b CASIO COLLECTION LF-20W-8AEF"},"content":{"rendered":"<p>D\u0103 dovad\u0103 de spirit ludic cu o selec\u021bie de modele fermec\u0103toare \u0219i atemporale, care se m\u00e2ndresc at\u00e2t cu un ceas \u00een stil analogic, c\u00e2t \u0219i cu afi\u0219area digital\u0103 a orei. Versatilitatea confortului compact \u0219i culorile naturale care sunt mereu la mod\u0103 se potrivesc oric\u0103rei \u00eencheieturi.<\/p>\n<p>Banda este fabricat\u0103 din r\u0103\u0219in\u0103 bio produs\u0103 din materiale organice regenerabile.<\/p>\n<p>\u00cenzestrate cu func\u021bii practice, cum ar fi iluminarea cu LED-uri, cronometru, alarm\u0103, cronometru \u0219i ora universal\u0103, aceste ceasuri ofer\u0103 un stil gata pentru orice \u0219i o func\u021bie practic\u0103.<\/p>","protected":false},"excerpt":{"rendered":"<p>D\u0103 dovad\u0103 de spirit ludic cu o selec\u021bie de modele fermec\u0103toare \u0219i atemporale, care se m\u00e2ndresc at\u00e2t cu un ceas \u00een stil analogic, c\u00e2t \u0219i cu afi\u0219area digital\u0103 a orei. Versatilitatea confortului compact \u0219i culorile naturale care sunt mereu la mod\u0103 se potrivesc oric\u0103rei \u00eencheieturi. Banda este fabricat\u0103 din r\u0103\u0219in\u0103 bio produs\u0103 din materiale organice [&hellip;]<\/p>\n","protected":false},"featured_media":49334,"comment_status":"closed","ping_status":"open","template":"","meta":{"_acf_changed":false},"product_brand":[],"product_cat":[27,20,25],"product_tag":[],"class_list":{"0":"post-49333","1":"product","2":"type-product","3":"status-publish","4":"has-post-thumbnail","6":"product_cat-casio","7":"product_cat-ceasuri-barbati","8":"product_cat-ceasuri-dama","9":"pa_brand-casio","10":"pa_braslet-cauciuc","11":"pa_corpus-34x38mm","12":"pa_forma-octogonala","13":"pa_funcii-alarma","14":"pa_funcii-calendar","15":"pa_funcii-cronometru","16":"pa_funcii-dual-time","17":"pa_funcii-iluminare","18":"pa_funcii-timp-mondial","19":"pa_garatia-24-luni","20":"pa_korpus-bej","21":"pa_kvarc-quartz","22":"pa_material-plastic","23":"pa_mehanizm-electronic","24":"pa_mehanizm-quartz","25":"pa_remeshok-bej","26":"pa_steklo-plastic","27":"pa_strana-japonia","28":"pa_voda-3-atm","30":"first","31":"instock","32":"purchasable","33":"product-type-simple"},"acf":[],"_links":{"self":[{"href":"https:\/\/ceasuri.md\/ru\/wp-json\/wp\/v2\/product\/49333","targetHints":{"allow":["GET"]}}],"collection":[{"href":"https:\/\/ceasuri.md\/ru\/wp-json\/wp\/v2\/product"}],"about":[{"href":"https:\/\/ceasuri.md\/ru\/wp-json\/wp\/v2\/types\/product"}],"replies":[{"embeddable":true,"href":"https:\/\/ceasuri.md\/ru\/wp-json\/wp\/v2\/comments?post=49333"}],"wp:featuredmedia":[{"embeddable":true,"href":"https:\/\/ceasuri.md\/ru\/wp-json\/wp\/v2\/media\/49334"}],"wp:attachment":[{"href":"https:\/\/ceasuri.md\/ru\/wp-json\/wp\/v2\/media?parent=49333"}],"wp:term":[{"taxonomy":"product_brand","embeddable":true,"href":"https:\/\/ceasuri.md\/ru\/wp-json\/wp\/v2\/product_brand?post=49333"},{"taxonomy":"product_cat","embeddable":true,"href":"https:\/\/ceasuri.md\/ru\/wp-json\/wp\/v2\/product_cat?post=49333"},{"taxonomy":"product_tag","embeddable":true,"href":"https:\/\/ceasuri.md\/ru\/wp-json\/wp\/v2\/product_tag?post=49333"}],"curies":[{"name":"wp","href":"https:\/\/api.w.org\/{rel}","templated":true}]}}