{"id":49325,"date":"2023-07-25T11:41:12","date_gmt":"2023-07-25T08:41:12","guid":{"rendered":"http:\/\/new.ceasuri.md\/shop\/uncategorized\/casio-g-shock-mtg-b3000prb-1aer\/"},"modified":"2026-05-01T17:54:36","modified_gmt":"2026-05-01T14:54:36","slug":"casio-g-shock-mtg-b3000prb-1aer","status":"publish","type":"product","link":"https:\/\/ceasuri.md\/ru\/shop\/branduri\/casio\/casio-g-shock-mtg-b3000prb-1aer\/","title":{"rendered":"\u0427\u0430\u0441\u044b CASIO G-SHOCK MTG-B3000PRB-1AER"},"content":{"rendered":"<p>Lansarea de top din 2023 de la Casio este urm\u0103toarea genera\u021bie a seriei premium G-Shock MTG din o\u021bel, \u00een culoarea Northern Lights.<\/p>\n<p>Datorit\u0103 structurii sale actualizate, carcasa ceasului MTG-B3000 este acum cu c\u00e2\u021biva milimetri mai sub\u021bire dec\u00e2t genera\u021biile anterioare ale seriei, cu 12,1 mm. Modulul actualizat al ceasului din interiorul carcasei din o\u021bel este protejat \u00een mod sigur de un monocoque din fibr\u0103 de carbon.<\/p>\n<p>\u00cen mod separat, merit\u0103 remarcat\u0103 solu\u021bia tehnic\u0103 a capacului din spate al ceasului, acesta fiind dintr-o singur\u0103 bucat\u0103 cu suprapunerile laterale de protec\u021bie ale carcasei. Modelul a primit un aliaj de o\u021bel nou din punct de vedere tehnologic, care nu numai c\u0103 a afectat aspectul s\u0103u carismatic, dar a adus caracteristicile de rezisten\u021b\u0103 ale metalului ceasului la un nou nivel.<\/p>\n<p>Ceasul folose\u0219te \u00een continuare un cristal de safir sferic cu geam anti-reflexie \u0219i fibr\u0103 de carbon, care \u00eei ofer\u0103 o rezisten\u021b\u0103 absolut\u0103 la lovituri.<\/p>\n<p>Cronometrarea exact\u0103 a timpului se realizeaz\u0103 printr-un sistem hibrid: sincronizare automat\u0103 prin intermediul unui semnal radio cu 6 canale cu ceasuri atomice de pe diferite continente \u0219i prin comunicare Bluetooth cu un smartphone.<\/p>\n<p>Complet protejat \u00eempotriva c\u0103derilor, for\u021bei centrifuge, supra\u00eenc\u0103rc\u0103rii \u0219i vibra\u021biilor, ceasul este, de asemenea, alimentat cu energie solar\u0103 \u0219i rezistent la ap\u0103 p\u00e2n\u0103 la 200 de metri.<\/p>","protected":false},"excerpt":{"rendered":"<p>Lansarea de top din 2023 de la Casio este urm\u0103toarea genera\u021bie a seriei premium G-Shock MTG din o\u021bel, \u00een culoarea Northern Lights. Datorit\u0103 structurii sale actualizate, carcasa ceasului MTG-B3000 este acum cu c\u00e2\u021biva milimetri mai sub\u021bire dec\u00e2t genera\u021biile anterioare ale seriei, cu 12,1 mm. Modulul actualizat al ceasului din interiorul carcasei din o\u021bel este protejat [&hellip;]<\/p>\n","protected":false},"featured_media":49326,"comment_status":"closed","ping_status":"open","template":"","meta":{"_acf_changed":false},"product_brand":[],"product_cat":[27,20,419],"product_tag":[],"class_list":{"0":"post-49325","1":"product","2":"type-product","3":"status-publish","4":"has-post-thumbnail","6":"product_cat-casio","7":"product_cat-ceasuri-barbati","8":"product_cat-g-shock","9":"pa_brand-casio","10":"pa_brand-g-shock","11":"pa_braslet-cauciuc","12":"pa_corpus-51-mm","13":"pa_forma-rotund","14":"pa_funcii-alarma","15":"pa_funcii-bluetooth-smart","16":"pa_funcii-calendar","17":"pa_funcii-cronograf","18":"pa_funcii-data","19":"pa_funcii-dual-time","20":"pa_funcii-iluminare","21":"pa_funcii-rezerva-de-energie","22":"pa_funcii-timp-mondial","23":"pa_garatia-24-luni","24":"pa_korpus-multicolor","25":"pa_kvarc-quartz","26":"pa_material-carbon","27":"pa_material-otel-inoxidabil","28":"pa_mehanizm-baterie-solara","29":"pa_mehanizm-quartz","30":"pa_remeshok-violet","31":"pa_steklo-cristal-safir","32":"pa_strana-japonia","33":"pa_voda-20-atm","35":"first","36":"instock","37":"purchasable","38":"product-type-simple"},"acf":[],"_links":{"self":[{"href":"https:\/\/ceasuri.md\/ru\/wp-json\/wp\/v2\/product\/49325","targetHints":{"allow":["GET"]}}],"collection":[{"href":"https:\/\/ceasuri.md\/ru\/wp-json\/wp\/v2\/product"}],"about":[{"href":"https:\/\/ceasuri.md\/ru\/wp-json\/wp\/v2\/types\/product"}],"replies":[{"embeddable":true,"href":"https:\/\/ceasuri.md\/ru\/wp-json\/wp\/v2\/comments?post=49325"}],"wp:featuredmedia":[{"embeddable":true,"href":"https:\/\/ceasuri.md\/ru\/wp-json\/wp\/v2\/media\/49326"}],"wp:attachment":[{"href":"https:\/\/ceasuri.md\/ru\/wp-json\/wp\/v2\/media?parent=49325"}],"wp:term":[{"taxonomy":"product_brand","embeddable":true,"href":"https:\/\/ceasuri.md\/ru\/wp-json\/wp\/v2\/product_brand?post=49325"},{"taxonomy":"product_cat","embeddable":true,"href":"https:\/\/ceasuri.md\/ru\/wp-json\/wp\/v2\/product_cat?post=49325"},{"taxonomy":"product_tag","embeddable":true,"href":"https:\/\/ceasuri.md\/ru\/wp-json\/wp\/v2\/product_tag?post=49325"}],"curies":[{"name":"wp","href":"https:\/\/api.w.org\/{rel}","templated":true}]}}