{"id":49311,"date":"2026-04-02T23:17:39","date_gmt":"2026-04-02T20:17:39","guid":{"rendered":"http:\/\/new.ceasuri.md\/shop\/uncategorized\/casio-g-shock-gbd-800uc-3er\/"},"modified":"2026-04-20T01:17:33","modified_gmt":"2026-04-19T22:17:33","slug":"casio-g-shock-gbd-800uc-3er","status":"publish","type":"product","link":"https:\/\/ceasuri.md\/ru\/shop\/branduri\/casio\/casio-g-shock-gbd-800uc-3er\/","title":{"rendered":"\u0427\u0430\u0441\u044b CASIO G-SHOCK GBD-800UC-3ER"},"content":{"rendered":"<p>\u00cen fa\u021ba dumneavoastr\u0103 se afl\u0103 versiunea din 2019 a seriei GBD-800.<\/p>\n<p>Pe l\u00e2ng\u0103 designul s\u0103u elegant \u0219i autentic \u00eentr-o carcas\u0103 kaki mat\u0103 \u0219i o ergonomie excelent\u0103, ceasul are o func\u021bie de pedometru \u0219i poate urm\u0103ri activitatea zilnic\u0103, iar cu ajutorul tehnologiei Bluetooth, se poate sincroniza cu smartphone-ul t\u0103u \u0219i poate afi\u0219a to\u021bi parametrii activit\u0103\u021bii tale zilnice \u00een aplica\u021bia dedicat\u0103 G-SHOCK Connected App \u00een cel mai convenabil \u0219i vizual mod posibil.<\/p>\n<p>Dispune de un cronometru multifunc\u021bional care poate fi utilizat pentru antrenamente la intervale. Acum pute\u021bi seta cronometrul \u0219i intervalele sonore prin intermediul aplica\u021biei pentru smartphone \u0219i pute\u021bi rula programul pe ceas \u00een timpul antrenamentului. Cronometrul are o memorie pentru 200 de ture.<\/p>\n<p>Putem spune cu siguran\u021b\u0103 c\u0103 G-SHOCK GBD-800 este o lansare excelent\u0103 din partea CASIO pentru to\u021bi iubitorii de pasiuni active. Ceasul este potrivit at\u00e2t pentru un stil de via\u021b\u0103 casual, fiind un accesoriu colorat \u0219i cool, c\u00e2t \u0219i un dispozitiv suplimentar pentru antrenamentele zilnice sau jogging.<\/p>","protected":false},"excerpt":{"rendered":"<p>\u00cen fa\u021ba dumneavoastr\u0103 se afl\u0103 versiunea din 2019 a seriei GBD-800. Pe l\u00e2ng\u0103 designul s\u0103u elegant \u0219i autentic \u00eentr-o carcas\u0103 kaki mat\u0103 \u0219i o ergonomie excelent\u0103, ceasul are o func\u021bie de pedometru \u0219i poate urm\u0103ri activitatea zilnic\u0103, iar cu ajutorul tehnologiei Bluetooth, se poate sincroniza cu smartphone-ul t\u0103u \u0219i poate afi\u0219a to\u021bi parametrii activit\u0103\u021bii tale [&hellip;]<\/p>\n","protected":false},"featured_media":49312,"comment_status":"closed","ping_status":"open","template":"","meta":{"_acf_changed":false},"product_brand":[],"product_cat":[27,20,419],"product_tag":[],"class_list":{"0":"post-49311","1":"product","2":"type-product","3":"status-publish","4":"has-post-thumbnail","6":"product_cat-casio","7":"product_cat-ceasuri-barbati","8":"product_cat-g-shock","9":"pa_brand-casio","10":"pa_brand-g-shock","11":"pa_braslet-cauciuc","12":"pa_corpus-49-mm","13":"pa_forma-rotund","14":"pa_funcii-alarma","15":"pa_funcii-bluetooth-smart","16":"pa_funcii-calendar","17":"pa_funcii-cronometru","18":"pa_funcii-data","19":"pa_funcii-dual-time","20":"pa_funcii-iluminare","21":"pa_funcii-pedometru","22":"pa_funcii-ziua-saptamanii","23":"pa_garatia-24-luni","24":"pa_korpus-verde","25":"pa_kvarc-quartz","26":"pa_material-cauciuc","27":"pa_mehanizm-electronic","28":"pa_remeshok-verde","29":"pa_steklo-cristal-mineral","30":"pa_strana-japonia","31":"pa_voda-20-atm","33":"first","34":"instock","35":"purchasable","36":"product-type-simple"},"acf":[],"_links":{"self":[{"href":"https:\/\/ceasuri.md\/ru\/wp-json\/wp\/v2\/product\/49311","targetHints":{"allow":["GET"]}}],"collection":[{"href":"https:\/\/ceasuri.md\/ru\/wp-json\/wp\/v2\/product"}],"about":[{"href":"https:\/\/ceasuri.md\/ru\/wp-json\/wp\/v2\/types\/product"}],"replies":[{"embeddable":true,"href":"https:\/\/ceasuri.md\/ru\/wp-json\/wp\/v2\/comments?post=49311"}],"wp:featuredmedia":[{"embeddable":true,"href":"https:\/\/ceasuri.md\/ru\/wp-json\/wp\/v2\/media\/49312"}],"wp:attachment":[{"href":"https:\/\/ceasuri.md\/ru\/wp-json\/wp\/v2\/media?parent=49311"}],"wp:term":[{"taxonomy":"product_brand","embeddable":true,"href":"https:\/\/ceasuri.md\/ru\/wp-json\/wp\/v2\/product_brand?post=49311"},{"taxonomy":"product_cat","embeddable":true,"href":"https:\/\/ceasuri.md\/ru\/wp-json\/wp\/v2\/product_cat?post=49311"},{"taxonomy":"product_tag","embeddable":true,"href":"https:\/\/ceasuri.md\/ru\/wp-json\/wp\/v2\/product_tag?post=49311"}],"curies":[{"name":"wp","href":"https:\/\/api.w.org\/{rel}","templated":true}]}}