{"id":49307,"date":"2026-04-02T23:17:39","date_gmt":"2026-04-02T20:17:39","guid":{"rendered":"http:\/\/new.ceasuri.md\/shop\/uncategorized\/casio-g-shock-gbd-h2000-1a\/"},"modified":"2026-04-20T01:17:34","modified_gmt":"2026-04-19T22:17:34","slug":"casio-g-shock-gbd-h2000-1a","status":"publish","type":"product","link":"https:\/\/ceasuri.md\/ru\/shop\/branduri\/casio\/casio-g-shock-gbd-h2000-1a\/","title":{"rendered":"Ceas CASIO G-SHOCK GBD-H2000-1A"},"content":{"rendered":"<p>Acesta este primul ceas cu \u0219ase senzori din seria GBD-H2000.<\/p>\n<p>Pe l\u00e2ng\u0103 aspectul s\u0103u elegant, modelul cu carcas\u0103 neagr\u0103 pe o curea din polimer dispune de: termometru, barometru, altimetru, busol\u0103, monitor de ritm cardiac, pedometru \u0219i giroscop.<\/p>\n<p>De la alergare la \u00eenot, ve\u021bi ob\u021bine acum cele mai exacte parametri de activitate posibile, ceea ce v\u0103 va permite s\u0103 progresa\u021bi cu mai mult succes \u0219i s\u0103 v\u0103 atinge\u021bi obiectivele.<\/p>\n<p>Separat, remarc\u0103m prezen\u021ba tehnologiilor GPS \u0219i Bluetooth. Comunicarea cu sateli\u021bii v\u0103 permite s\u0103 construi\u021bi un traseu \u00een aplica\u021bie, s\u0103 ob\u021bine\u021bi informa\u021bii despre distan\u021ba parcurs\u0103, viteza, timpul exact \u00eentr-o anumit\u0103 loca\u021bie. Tehnologia Bluetooth v\u0103 permite s\u0103 afi\u0219a\u021bi \u00een mod convenabil toate metricile de pe ceas pe ecranul smartphone-ului, precum \u0219i s\u0103 afi\u0219a\u021bi pe ceas notific\u0103rile privind apelurile, mesajele \u0219i e-mailurile primite.<\/p>\n<p>Printre func\u021biile utile, GBD-H2000 dispune de notific\u0103ri prin vibra\u021bii, ceea ce \u00eenseamn\u0103 c\u0103 nu ve\u021bi rata o \u00eent\u00e2lnire important\u0103, un mesaj sau apropierea de o zon\u0103 critic\u0103 de ritm cardiac.<\/p>\n<p>Nu uit\u0103m de rezisten\u021ba standard la lovituri \u0219i de rezisten\u021ba la ap\u0103 p\u00e2n\u0103 la 200 de metri.<\/p>\n<p>Setul de func\u021bii de baz\u0103 al ceasului este capabil s\u0103 func\u021bioneze cu \u00eenc\u0103rcare solar\u0103, dac\u0103 opta\u021bi pentru func\u021bionalitatea complet\u0103 cu GPS \u0219i monitor de ritm cardiac, ve\u021bi avea nevoie de un \u00eenc\u0103rc\u0103tor USB care va men\u021bine ceasul \u00een func\u021biune timp de p\u00e2n\u0103 la 14 ore.<\/p>","protected":false},"excerpt":{"rendered":"<p>Acesta este primul ceas cu \u0219ase senzori din seria GBD-H2000. Pe l\u00e2ng\u0103 aspectul s\u0103u elegant, modelul cu carcas\u0103 neagr\u0103 pe o curea din polimer dispune de: termometru, barometru, altimetru, busol\u0103, monitor de ritm cardiac, pedometru \u0219i giroscop. De la alergare la \u00eenot, ve\u021bi ob\u021bine acum cele mai exacte parametri de activitate posibile, ceea ce v\u0103 [&hellip;]<\/p>\n","protected":false},"featured_media":49308,"comment_status":"closed","ping_status":"open","template":"","meta":{"_acf_changed":false},"product_brand":[],"product_cat":[27,20,419],"product_tag":[],"class_list":{"0":"post-49307","1":"product","2":"type-product","3":"status-publish","4":"has-post-thumbnail","6":"product_cat-casio","7":"product_cat-ceasuri-barbati","8":"product_cat-g-shock","9":"pa_brand-casio","10":"pa_brand-g-shock","11":"pa_braslet-cauciuc","12":"pa_corpus-53-mm","13":"pa_forma-rotund","14":"pa_funcii-alarma","15":"pa_funcii-altimetru","16":"pa_funcii-barometru","17":"pa_funcii-bluetooth-smart","18":"pa_funcii-busola","19":"pa_funcii-calendar","20":"pa_funcii-cronometru","21":"pa_funcii-fazele-lunii","22":"pa_funcii-gps","23":"pa_funcii-iluminare","24":"pa_funcii-monitor-de-puls","25":"pa_funcii-pedometru","26":"pa_funcii-rezerva-de-energie","27":"pa_funcii-termometru","28":"pa_funcii-timp-mondial","29":"pa_garatia-24-luni","30":"pa_korpus-negru","31":"pa_korpus-portocaliu","32":"pa_kvarc-quartz","33":"pa_material-plastic","34":"pa_mehanizm-baterie-solara","35":"pa_remeshok-negru","36":"pa_steklo-cristal-mineral","37":"pa_strana-japonia","38":"pa_voda-20-atm","40":"first","41":"instock","42":"purchasable","43":"product-type-simple"},"acf":[],"_links":{"self":[{"href":"https:\/\/ceasuri.md\/ru\/wp-json\/wp\/v2\/product\/49307","targetHints":{"allow":["GET"]}}],"collection":[{"href":"https:\/\/ceasuri.md\/ru\/wp-json\/wp\/v2\/product"}],"about":[{"href":"https:\/\/ceasuri.md\/ru\/wp-json\/wp\/v2\/types\/product"}],"replies":[{"embeddable":true,"href":"https:\/\/ceasuri.md\/ru\/wp-json\/wp\/v2\/comments?post=49307"}],"wp:featuredmedia":[{"embeddable":true,"href":"https:\/\/ceasuri.md\/ru\/wp-json\/wp\/v2\/media\/49308"}],"wp:attachment":[{"href":"https:\/\/ceasuri.md\/ru\/wp-json\/wp\/v2\/media?parent=49307"}],"wp:term":[{"taxonomy":"product_brand","embeddable":true,"href":"https:\/\/ceasuri.md\/ru\/wp-json\/wp\/v2\/product_brand?post=49307"},{"taxonomy":"product_cat","embeddable":true,"href":"https:\/\/ceasuri.md\/ru\/wp-json\/wp\/v2\/product_cat?post=49307"},{"taxonomy":"product_tag","embeddable":true,"href":"https:\/\/ceasuri.md\/ru\/wp-json\/wp\/v2\/product_tag?post=49307"}],"curies":[{"name":"wp","href":"https:\/\/api.w.org\/{rel}","templated":true}]}}