{"id":49300,"date":"2026-04-02T23:17:39","date_gmt":"2026-04-02T20:17:39","guid":{"rendered":"http:\/\/new.ceasuri.md\/shop\/uncategorized\/casio-g-shock-gm-s5600pg-1\/"},"modified":"2026-04-20T01:17:37","modified_gmt":"2026-04-19T22:17:37","slug":"casio-g-shock-gm-s5600pg-1","status":"publish","type":"product","link":"https:\/\/ceasuri.md\/ru\/shop\/branduri\/casio\/casio-g-shock-gm-s5600pg-1\/","title":{"rendered":"\u0427\u0430\u0441\u044b CASIO G-SHOCK GM-S5600PG-1"},"content":{"rendered":"<p>\u00cen fa\u021ba dumneavoastr\u0103 se afl\u0103 a doua versiune din seria G-SHOCK GM-S5600.<\/p>\n<p>Acest model digital are o carcas\u0103 din o\u021bel-polimer de culoare aurie roz, pe o curea neagr\u0103, cu un cadran cu inversiune.<\/p>\n<p>GM-S5600 este asociat cu modelul G-SHOCK GM-5600 pentru b\u0103rba\u021bi \u0219i prezint\u0103 o colorare diferit\u0103 \u0219i o carcas\u0103 de dimensiuni mai mici, ceea ce \u00eel face s\u0103 se simt\u0103 c\u00e2t mai confortabil pe \u00eencheieturile mici ale b\u0103rba\u021bilor \u0219i pe cele delicate ale femeilor.<\/p>\n<p>Pe l\u00e2ng\u0103 aspectul super elegant \u0219i ergonomia excelent\u0103, nu trebuie s\u0103 uit\u0103m de legendara rezisten\u021b\u0103 la lovituri, de rezisten\u021ba la ap\u0103 de 200 de metri, de lumina de fundal \u0219i de func\u021biile standard ale ceasului, cum ar fi cronometrul.<\/p>\n<p>Reamintim c\u0103 ceasul face parte din G-SHOCK SMALL SERIES, o serie de g-shock unisex \u0219i pentru femei cu o carcas\u0103 de dimensiuni mai mici, spre deosebire de alte ceasuri G-SHOCK.<\/p>","protected":false},"excerpt":{"rendered":"<p>\u00cen fa\u021ba dumneavoastr\u0103 se afl\u0103 a doua versiune din seria G-SHOCK GM-S5600. Acest model digital are o carcas\u0103 din o\u021bel-polimer de culoare aurie roz, pe o curea neagr\u0103, cu un cadran cu inversiune. GM-S5600 este asociat cu modelul G-SHOCK GM-5600 pentru b\u0103rba\u021bi \u0219i prezint\u0103 o colorare diferit\u0103 \u0219i o carcas\u0103 de dimensiuni mai mici, ceea [&hellip;]<\/p>\n","protected":false},"featured_media":49301,"comment_status":"closed","ping_status":"open","template":"","meta":{"_acf_changed":false},"product_brand":[],"product_cat":[27,20,25,419,697],"product_tag":[],"class_list":{"0":"post-49300","1":"product","2":"type-product","3":"status-publish","4":"has-post-thumbnail","6":"product_cat-casio","7":"product_cat-ceasuri-barbati","8":"product_cat-ceasuri-dama","9":"product_cat-g-shock","10":"product_cat-697","11":"pa_brand-casio","12":"pa_brand-g-shock","13":"pa_braslet-cauciuc","14":"pa_corpus-38x44mm","15":"pa_forma-octogonala","16":"pa_funcii-alarma","17":"pa_funcii-calendar","18":"pa_funcii-cronometru","19":"pa_funcii-iluminare","20":"pa_funcii-ziua-saptamanii","21":"pa_garatia-24-luni","22":"pa_korpus-roz-gold","23":"pa_kvarc-quartz","24":"pa_material-otel-inoxidabil","25":"pa_material-plastic","26":"pa_mehanizm-electronic","27":"pa_remeshok-negru","28":"pa_steklo-cristal-mineral","29":"pa_strana-japonia","30":"pa_voda-20-atm","32":"first","33":"instock","34":"purchasable","35":"product-type-simple"},"acf":[],"_links":{"self":[{"href":"https:\/\/ceasuri.md\/ru\/wp-json\/wp\/v2\/product\/49300","targetHints":{"allow":["GET"]}}],"collection":[{"href":"https:\/\/ceasuri.md\/ru\/wp-json\/wp\/v2\/product"}],"about":[{"href":"https:\/\/ceasuri.md\/ru\/wp-json\/wp\/v2\/types\/product"}],"replies":[{"embeddable":true,"href":"https:\/\/ceasuri.md\/ru\/wp-json\/wp\/v2\/comments?post=49300"}],"wp:featuredmedia":[{"embeddable":true,"href":"https:\/\/ceasuri.md\/ru\/wp-json\/wp\/v2\/media\/49301"}],"wp:attachment":[{"href":"https:\/\/ceasuri.md\/ru\/wp-json\/wp\/v2\/media?parent=49300"}],"wp:term":[{"taxonomy":"product_brand","embeddable":true,"href":"https:\/\/ceasuri.md\/ru\/wp-json\/wp\/v2\/product_brand?post=49300"},{"taxonomy":"product_cat","embeddable":true,"href":"https:\/\/ceasuri.md\/ru\/wp-json\/wp\/v2\/product_cat?post=49300"},{"taxonomy":"product_tag","embeddable":true,"href":"https:\/\/ceasuri.md\/ru\/wp-json\/wp\/v2\/product_tag?post=49300"}],"curies":[{"name":"wp","href":"https:\/\/api.w.org\/{rel}","templated":true}]}}