{"id":49298,"date":"2026-04-02T23:16:50","date_gmt":"2026-04-02T20:16:50","guid":{"rendered":"http:\/\/new.ceasuri.md\/shop\/uncategorized\/casio-g-shock-gst-b400bb-1aer\/"},"modified":"2026-04-20T01:17:38","modified_gmt":"2026-04-19T22:17:38","slug":"casio-g-shock-gst-b400bb-1aer","status":"publish","type":"product","link":"https:\/\/ceasuri.md\/ru\/shop\/branduri\/casio\/casio-g-shock-gst-b400bb-1aer\/","title":{"rendered":"\u0427\u0430\u0441\u044b CASIO G-SHOCK GST-B400BB-1AER"},"content":{"rendered":"<p>Lansarea 2023 din gama G-STEEL \u00eentr-o culoare stealth super elegant\u0103, complet neagr\u0103.<\/p>\n<p>Noua carcas\u0103 brutal\u0103 din o\u021bel \u0219i polimer GST-B400 are o grosime de numai 12,9 mm, ceea ce, la momentul lans\u0103rii acestei game, reprezint\u0103 un record absolut pentru G-Shock din o\u021bel.<\/p>\n<p>Ceasul utilizeaz\u0103 tehnologia Carbon Core Guard: modulul ceasului este protejat de orice deteriorare mecanic\u0103 de o capsul\u0103 de carbon ultrarezistent\u0103 \u0219i u\u0219oar\u0103.<\/p>\n<p>La bordul modelului pe o curea din polimer se afl\u0103: un panou solar, tehnologie Bluetooth pentru sincronizarea cu smartphone-ul, iluminare dubl\u0103 automat\u0103 a afi\u0219ajelor \u0219i a cadranului, protec\u021bie la ap\u0103 de 200 de metri \u0219i alte peste o duzin\u0103 de func\u021bii.<\/p>\n<p>Reamintim c\u0103, \u00een colec\u021bia G-STEEL, modelele se apropie mai mult de imaginea clasic\u0103 a ceasurilor de m\u00e2n\u0103, p\u0103str\u00e2nd \u00een acela\u0219i timp umplutura unic\u0103 a G-Shock, care face ca aceste ceasuri s\u0103 fie incomparabil mai puternice \u0219i mai func\u021bionale dec\u00e2t omologii lor mecanici.<\/p>\n<p>\u00cen prezent, seria G-SHOCK din o\u021bel este alc\u0103tuit\u0103 din 3 game active cu Bluetooth: carismaticul model analogic GST-B100, cu o turbin\u0103 pe cadran \u0219i o secund\u0103, \u0219i modelele analogice-digitale f\u0103r\u0103 secund\u0103: GST-B500 \u0219i GST-B400.<\/p>","protected":false},"excerpt":{"rendered":"<p>Lansarea 2023 din gama G-STEEL \u00eentr-o culoare stealth super elegant\u0103, complet neagr\u0103. Noua carcas\u0103 brutal\u0103 din o\u021bel \u0219i polimer GST-B400 are o grosime de numai 12,9 mm, ceea ce, la momentul lans\u0103rii acestei game, reprezint\u0103 un record absolut pentru G-Shock din o\u021bel. Ceasul utilizeaz\u0103 tehnologia Carbon Core Guard: modulul ceasului este protejat de orice deteriorare [&hellip;]<\/p>\n","protected":false},"featured_media":49299,"comment_status":"closed","ping_status":"open","template":"","meta":{"_acf_changed":false},"product_brand":[],"product_cat":[27,20,419],"product_tag":[],"class_list":{"0":"post-49298","1":"product","2":"type-product","3":"status-publish","4":"has-post-thumbnail","6":"product_cat-casio","7":"product_cat-ceasuri-barbati","8":"product_cat-g-shock","9":"pa_brand-casio","10":"pa_brand-g-shock","11":"pa_braslet-cauciuc","12":"pa_corpus-50-mm","13":"pa_forma-rotund","14":"pa_funcii-alarma","15":"pa_funcii-bluetooth-smart","16":"pa_funcii-calendar","17":"pa_funcii-cronometru","18":"pa_funcii-dual-time","19":"pa_funcii-iluminare","20":"pa_funcii-rezerva-de-energie","21":"pa_funcii-timp-mondial","22":"pa_funcii-total-black","23":"pa_funcii-ziua-saptamanii","24":"pa_garatia-24-luni","25":"pa_korpus-negru","26":"pa_kvarc-quartz","27":"pa_material-otel-inoxidabil","28":"pa_material-plastic","29":"pa_mehanizm-baterie-solara","30":"pa_remeshok-negru","31":"pa_steklo-cristal-mineral","32":"pa_strana-japonia","33":"pa_voda-20-atm","35":"first","36":"instock","37":"purchasable","38":"product-type-simple"},"acf":[],"_links":{"self":[{"href":"https:\/\/ceasuri.md\/ru\/wp-json\/wp\/v2\/product\/49298","targetHints":{"allow":["GET"]}}],"collection":[{"href":"https:\/\/ceasuri.md\/ru\/wp-json\/wp\/v2\/product"}],"about":[{"href":"https:\/\/ceasuri.md\/ru\/wp-json\/wp\/v2\/types\/product"}],"replies":[{"embeddable":true,"href":"https:\/\/ceasuri.md\/ru\/wp-json\/wp\/v2\/comments?post=49298"}],"wp:featuredmedia":[{"embeddable":true,"href":"https:\/\/ceasuri.md\/ru\/wp-json\/wp\/v2\/media\/49299"}],"wp:attachment":[{"href":"https:\/\/ceasuri.md\/ru\/wp-json\/wp\/v2\/media?parent=49298"}],"wp:term":[{"taxonomy":"product_brand","embeddable":true,"href":"https:\/\/ceasuri.md\/ru\/wp-json\/wp\/v2\/product_brand?post=49298"},{"taxonomy":"product_cat","embeddable":true,"href":"https:\/\/ceasuri.md\/ru\/wp-json\/wp\/v2\/product_cat?post=49298"},{"taxonomy":"product_tag","embeddable":true,"href":"https:\/\/ceasuri.md\/ru\/wp-json\/wp\/v2\/product_tag?post=49298"}],"curies":[{"name":"wp","href":"https:\/\/api.w.org\/{rel}","templated":true}]}}