{"id":49294,"date":"2026-04-02T23:16:50","date_gmt":"2026-04-02T20:16:50","guid":{"rendered":"http:\/\/new.ceasuri.md\/shop\/uncategorized\/casio-g-shock-dwe-5657re-1\/"},"modified":"2026-04-07T04:30:23","modified_gmt":"2026-04-07T01:30:23","slug":"casio-g-shock-dwe-5657re-1","status":"publish","type":"product","link":"https:\/\/ceasuri.md\/ru\/shop\/branduri\/casio\/casio-g-shock-dwe-5657re-1\/","title":{"rendered":"Ceas CASIO G-SHOCK DWE-5657RE-1"},"content":{"rendered":"<p>Al\u0103tura\u021bi-v\u0103 celebr\u0103rilor celei de-a 40-a anivers\u0103ri care marcheaz\u0103 reperele G-SHOCK cu o selec\u021bie de revigor\u0103ri ale semn\u0103turilor \u00een culoarea neagr\u0103, solid\u0103 \u0219i testat\u0103 \u00een timp.<\/p>\n<p>\u00cen semn de omagiu adus evolu\u021biei m\u0103rcii, aceste modele speciale comemoreaz\u0103 modelele iconice din trecut, cu numele lor imprimate la cald pe band\u0103, cu un efect textural, cu crest\u0103turi. La modelele DWE-5657, DW-6640 \u0219i GA-2140, un buton lateral este gravat cu o stea \u00een semn de recunoa\u0219tere a celei de-a 40-a anivers\u0103ri, la fel ca \u0219i la modelul GA-114, cu o stea imprimat\u0103 pe sticla ceasului.<\/p>\n<p>Banda \u0219i luneta fiec\u0103rui model din linie sunt realizate cu r\u0103\u0219ini bio. Logo-ul celei de-a 40-a anivers\u0103ri, proiectat de Eric Haze, este gravat pe fundul carcasei \u0219i apare, de asemenea, \u00een siluet\u0103 atunci c\u00e2nd este ap\u0103sat butonul luminos la modelele DWE-5657 \u0219i DW-6640. Cu patru stele pentru 40 gravate pe bucla benzii \u0219i alte detalii speciale, aceste ceasuri \u00een edi\u021bie limitat\u0103 sunt mo\u0219tenitoare ale istoriei G-SHOCK.<\/p>\n<p>DWE-5657 vine cu o lunet\u0103 interschimbabil\u0103 DW-5700 &#8211; Ob\u021bine\u021bi dou\u0103 modele G-SHOCK iconice cu un singur ceas.<\/p>","protected":false},"excerpt":{"rendered":"<p>Al\u0103tura\u021bi-v\u0103 celebr\u0103rilor celei de-a 40-a anivers\u0103ri care marcheaz\u0103 reperele G-SHOCK cu o selec\u021bie de revigor\u0103ri ale semn\u0103turilor \u00een culoarea neagr\u0103, solid\u0103 \u0219i testat\u0103 \u00een timp. \u00cen semn de omagiu adus evolu\u021biei m\u0103rcii, aceste modele speciale comemoreaz\u0103 modelele iconice din trecut, cu numele lor imprimate la cald pe band\u0103, cu un efect textural, cu crest\u0103turi. La [&hellip;]<\/p>\n","protected":false},"featured_media":49295,"comment_status":"closed","ping_status":"open","template":"","meta":{"_acf_changed":false},"product_brand":[],"product_cat":[27,20,419],"product_tag":[],"class_list":{"0":"post-49294","1":"product","2":"type-product","3":"status-publish","4":"has-post-thumbnail","6":"product_cat-casio","7":"product_cat-ceasuri-barbati","8":"product_cat-g-shock","9":"pa_brand-casio","10":"pa_brand-g-shock","11":"pa_braslet-cauciuc","12":"pa_corpus-44x49mm","13":"pa_forma-octogonala","14":"pa_funcii-alarma","15":"pa_funcii-calendar","16":"pa_funcii-cronometru","17":"pa_funcii-iluminare","18":"pa_funcii-total-black","19":"pa_garatia-24-luni","20":"pa_korpus-negru","21":"pa_material-plastic","22":"pa_mehanizm-electronic","23":"pa_remeshok-negru","24":"pa_steklo-cristal-mineral","25":"pa_strana-japonia","26":"pa_voda-20-atm","28":"first","29":"instock","30":"purchasable","31":"product-type-simple"},"acf":[],"_links":{"self":[{"href":"https:\/\/ceasuri.md\/ru\/wp-json\/wp\/v2\/product\/49294","targetHints":{"allow":["GET"]}}],"collection":[{"href":"https:\/\/ceasuri.md\/ru\/wp-json\/wp\/v2\/product"}],"about":[{"href":"https:\/\/ceasuri.md\/ru\/wp-json\/wp\/v2\/types\/product"}],"replies":[{"embeddable":true,"href":"https:\/\/ceasuri.md\/ru\/wp-json\/wp\/v2\/comments?post=49294"}],"wp:featuredmedia":[{"embeddable":true,"href":"https:\/\/ceasuri.md\/ru\/wp-json\/wp\/v2\/media\/49295"}],"wp:attachment":[{"href":"https:\/\/ceasuri.md\/ru\/wp-json\/wp\/v2\/media?parent=49294"}],"wp:term":[{"taxonomy":"product_brand","embeddable":true,"href":"https:\/\/ceasuri.md\/ru\/wp-json\/wp\/v2\/product_brand?post=49294"},{"taxonomy":"product_cat","embeddable":true,"href":"https:\/\/ceasuri.md\/ru\/wp-json\/wp\/v2\/product_cat?post=49294"},{"taxonomy":"product_tag","embeddable":true,"href":"https:\/\/ceasuri.md\/ru\/wp-json\/wp\/v2\/product_tag?post=49294"}],"curies":[{"name":"wp","href":"https:\/\/api.w.org\/{rel}","templated":true}]}}