{"id":49286,"date":"2026-04-02T23:16:50","date_gmt":"2026-04-02T20:16:50","guid":{"rendered":"http:\/\/new.ceasuri.md\/shop\/uncategorized\/casio-g-shock-dw-h5600-2\/"},"modified":"2026-04-07T04:30:22","modified_gmt":"2026-04-07T01:30:22","slug":"casio-g-shock-dw-h5600-2","status":"publish","type":"product","link":"https:\/\/ceasuri.md\/ru\/shop\/branduri\/casio\/casio-g-shock-dw-h5600-2\/","title":{"rendered":"Ceas CASIO G-SHOCK DW-H5600-2"},"content":{"rendered":"<p>Iat\u0103 o mare actualizare a segmentului G-SHOCK DW-H5600.<\/p>\n<p>Carcasa modelului nu s-a schimbat prea mult, fiind \u00een continuare cea mai recunoscut\u0103 siluet\u0103 de ceas de m\u00e2n\u0103 din lume. La bordul modelului pe o curea din polimer: afi\u0219aj LCD MIP cu contrast actualizat, pedometru, monitor de ritm cardiac, capacitatea de a m\u0103sura nivelul de oxigen din s\u00e2nge, accelerometru \u00eencorporat, capacitatea de a se conecta cu smartphone-ul prin Bluetooth, baterie solar\u0103 pentru a men\u021bine func\u021biile de baz\u0103 ale ceasului dintr-o surs\u0103 natural\u0103 inepuizabil\u0103 de energie.<\/p>\n<p>O \u00eenc\u0103rcare complet\u0103 a ceasului de la cablu pentru utilizarea complet\u0103 a tuturor func\u021biilor este de 3 ore \u0219i v\u0103 permite s\u0103 utiliza\u021bi ceasul de la 35 de ore la o lun\u0103, \u00een func\u021bie de intensitate \u0219i de moduri.<\/p>\n<p>Modelul suport\u0103 4 moduri de antrenament: alergare, mers pe jos, antrenament de for\u021b\u0103 \u0219i antrenament pe intervale, v\u0103 permite s\u0103 \u021bine\u021bi un jurnal de antrenament \u0219i o analiz\u0103 a antrenamentului, precum \u0219i analizeaz\u0103 calitatea somnului \u0219i v\u0103 va putea trezi \u00een faza cea mai favorabil\u0103.<\/p>\n<p>Ca o amintire, silueta carcasei G-Shock 5600 este de mult timp un clasic al ceasurilor \u0219i este una dintre cele mai u\u0219or de recunoscut \u00een lumea ceasurilor de m\u00e2n\u0103.<\/p>\n<p>Pe l\u00e2ng\u0103 componenta fashion, nu trebuie s\u0103 uit\u0103m de legendara rezisten\u021b\u0103 la lovituri G-Shock, de rezisten\u021ba la ap\u0103 p\u00e2n\u0103 la 200 de metri, de iluminarea automat\u0103 ultra-luminoas\u0103 a fundalului, de cristalul mineral temperat \u0219i de alte de func\u021bii.<\/p>","protected":false},"excerpt":{"rendered":"<p>Iat\u0103 o mare actualizare a segmentului G-SHOCK DW-H5600. Carcasa modelului nu s-a schimbat prea mult, fiind \u00een continuare cea mai recunoscut\u0103 siluet\u0103 de ceas de m\u00e2n\u0103 din lume. La bordul modelului pe o curea din polimer: afi\u0219aj LCD MIP cu contrast actualizat, pedometru, monitor de ritm cardiac, capacitatea de a m\u0103sura nivelul de oxigen din [&hellip;]<\/p>\n","protected":false},"featured_media":49287,"comment_status":"closed","ping_status":"open","template":"","meta":{"_acf_changed":false},"product_brand":[],"product_cat":[27,20,419],"product_tag":[],"class_list":{"0":"post-49286","1":"product","2":"type-product","3":"status-publish","4":"has-post-thumbnail","6":"product_cat-casio","7":"product_cat-ceasuri-barbati","8":"product_cat-g-shock","9":"pa_brand-casio","10":"pa_brand-g-shock","11":"pa_braslet-cauciuc","12":"pa_corpus-45x51mm","13":"pa_forma-octogonala","14":"pa_funcii-accelerometru","15":"pa_funcii-alarma","16":"pa_funcii-bluetooth-smart","17":"pa_funcii-calendar","18":"pa_funcii-cronometru","19":"pa_funcii-fazele-lunii","20":"pa_funcii-gps","21":"pa_funcii-iluminare","22":"pa_funcii-pedometru","23":"pa_funcii-rezerva-de-energie","24":"pa_funcii-timp-mondial","25":"pa_funcii-ziua-saptamanii","26":"pa_garatia-24-luni","27":"pa_korpus-albastru","28":"pa_material-plastic","29":"pa_mehanizm-baterie-solara","30":"pa_mehanizm-quartz","31":"pa_remeshok-albastru","32":"pa_steklo-cristal-mineral","33":"pa_strana-japonia","34":"pa_voda-20-atm","36":"first","37":"instock","38":"purchasable","39":"product-type-simple"},"acf":[],"_links":{"self":[{"href":"https:\/\/ceasuri.md\/ru\/wp-json\/wp\/v2\/product\/49286","targetHints":{"allow":["GET"]}}],"collection":[{"href":"https:\/\/ceasuri.md\/ru\/wp-json\/wp\/v2\/product"}],"about":[{"href":"https:\/\/ceasuri.md\/ru\/wp-json\/wp\/v2\/types\/product"}],"replies":[{"embeddable":true,"href":"https:\/\/ceasuri.md\/ru\/wp-json\/wp\/v2\/comments?post=49286"}],"wp:featuredmedia":[{"embeddable":true,"href":"https:\/\/ceasuri.md\/ru\/wp-json\/wp\/v2\/media\/49287"}],"wp:attachment":[{"href":"https:\/\/ceasuri.md\/ru\/wp-json\/wp\/v2\/media?parent=49286"}],"wp:term":[{"taxonomy":"product_brand","embeddable":true,"href":"https:\/\/ceasuri.md\/ru\/wp-json\/wp\/v2\/product_brand?post=49286"},{"taxonomy":"product_cat","embeddable":true,"href":"https:\/\/ceasuri.md\/ru\/wp-json\/wp\/v2\/product_cat?post=49286"},{"taxonomy":"product_tag","embeddable":true,"href":"https:\/\/ceasuri.md\/ru\/wp-json\/wp\/v2\/product_tag?post=49286"}],"curies":[{"name":"wp","href":"https:\/\/api.w.org\/{rel}","templated":true}]}}