{"id":49275,"date":"2026-04-02T23:16:50","date_gmt":"2026-04-02T20:16:50","guid":{"rendered":"http:\/\/new.ceasuri.md\/shop\/uncategorized\/casio-edifice-ecb-40dc-1a\/"},"modified":"2026-04-20T01:17:30","modified_gmt":"2026-04-19T22:17:30","slug":"casio-edifice-ecb-40dc-1a","status":"publish","type":"product","link":"https:\/\/ceasuri.md\/ru\/shop\/branduri\/casio\/casio-edifice-ecb-40dc-1a\/","title":{"rendered":"\u0427\u0430\u0441\u044b CASIO EDIFICE ECB-40DC-1A"},"content":{"rendered":"<p>V\u0103 prezent\u0103m adev\u0103rata form\u0103, func\u021bionalitate \u0219i sofisticare a sporturilor cu motor &#8211; EDIFICE SOSPENSIONE ECB-40.<\/p>\n<p>Designul unic al carcasei este inspirat de suspensia ma\u0219inilor de formul\u0103, cu urechile configurate \u00eentr-un aranjament cu patru bra\u021be, dou\u0103 deasupra \u0219i dou\u0103 dedesubt. R\u0103\u0219ina ranforsat\u0103 cu fibr\u0103 de carbon ofer\u0103 o carcas\u0103 u\u0219oar\u0103, dar rezistent\u0103.<\/p>\n<p>Datorit\u0103 Smartphone Link, acest ceas special se conecteaz\u0103 automat atunci c\u00e2nd se afl\u0103 \u00een raza de ac\u021biune a unui smartphone asociat. Atinge\u021bi aplica\u021bia pentru a accesa func\u021biile at\u00e2t de importante pentru echipele de curse &#8211; ob\u021bine\u021bi cronometrarea de precizie ajustat\u0103 automat la secund\u0103, gestiona\u021bi f\u0103r\u0103 efort timpul mondial \u0219i transfera\u021bi pe smartphone-ul dumneavoastr\u0103 datele cronometrului m\u0103surate la milisecund\u0103 pentru p\u00e2n\u0103 la 200 de timpi pe tur.<\/p>\n<p>LED-ul dublu de \u00eenalt\u0103 luminozitate Super Illuminator lumineaz\u0103 afi\u0219ajul digital-analogic pentru o citire u\u0219oar\u0103, chiar \u0219i pe \u00eentuneric.<\/p>","protected":false},"excerpt":{"rendered":"<p>V\u0103 prezent\u0103m adev\u0103rata form\u0103, func\u021bionalitate \u0219i sofisticare a sporturilor cu motor &#8211; EDIFICE SOSPENSIONE ECB-40. Designul unic al carcasei este inspirat de suspensia ma\u0219inilor de formul\u0103, cu urechile configurate \u00eentr-un aranjament cu patru bra\u021be, dou\u0103 deasupra \u0219i dou\u0103 dedesubt. R\u0103\u0219ina ranforsat\u0103 cu fibr\u0103 de carbon ofer\u0103 o carcas\u0103 u\u0219oar\u0103, dar rezistent\u0103. Datorit\u0103 Smartphone Link, acest [&hellip;]<\/p>\n","protected":false},"featured_media":49276,"comment_status":"closed","ping_status":"open","template":"","meta":{"_acf_changed":false},"product_brand":[],"product_cat":[27,20,536],"product_tag":[],"class_list":{"0":"post-49275","1":"product","2":"type-product","3":"status-publish","4":"has-post-thumbnail","6":"product_cat-casio","7":"product_cat-ceasuri-barbati","8":"product_cat-edifice","9":"pa_brand-casio","10":"pa_brand-edifice","11":"pa_braslet-otel-inoxidabil","12":"pa_corpus-48-mm","13":"pa_forma-rotund","14":"pa_funcii-alarma","15":"pa_funcii-bluetooth-smart","16":"pa_funcii-calendar","17":"pa_funcii-cronometru","18":"pa_funcii-dual-time","19":"pa_funcii-iluminare","20":"pa_funcii-timp-mondial","21":"pa_garatia-24-luni","22":"pa_korpus-argintiu","23":"pa_korpus-negru","24":"pa_kvarc-quartz","25":"pa_material-carbon","26":"pa_material-otel-inoxidabil","27":"pa_mehanizm-electronic","28":"pa_mehanizm-quartz","29":"pa_remeshok-negru","30":"pa_steklo-cristal-mineral","31":"pa_strana-japonia","32":"pa_voda-10-atm","34":"first","35":"instock","36":"purchasable","37":"product-type-simple"},"acf":[],"_links":{"self":[{"href":"https:\/\/ceasuri.md\/ru\/wp-json\/wp\/v2\/product\/49275","targetHints":{"allow":["GET"]}}],"collection":[{"href":"https:\/\/ceasuri.md\/ru\/wp-json\/wp\/v2\/product"}],"about":[{"href":"https:\/\/ceasuri.md\/ru\/wp-json\/wp\/v2\/types\/product"}],"replies":[{"embeddable":true,"href":"https:\/\/ceasuri.md\/ru\/wp-json\/wp\/v2\/comments?post=49275"}],"wp:featuredmedia":[{"embeddable":true,"href":"https:\/\/ceasuri.md\/ru\/wp-json\/wp\/v2\/media\/49276"}],"wp:attachment":[{"href":"https:\/\/ceasuri.md\/ru\/wp-json\/wp\/v2\/media?parent=49275"}],"wp:term":[{"taxonomy":"product_brand","embeddable":true,"href":"https:\/\/ceasuri.md\/ru\/wp-json\/wp\/v2\/product_brand?post=49275"},{"taxonomy":"product_cat","embeddable":true,"href":"https:\/\/ceasuri.md\/ru\/wp-json\/wp\/v2\/product_cat?post=49275"},{"taxonomy":"product_tag","embeddable":true,"href":"https:\/\/ceasuri.md\/ru\/wp-json\/wp\/v2\/product_tag?post=49275"}],"curies":[{"name":"wp","href":"https:\/\/api.w.org\/{rel}","templated":true}]}}