{"id":48857,"date":"2026-04-02T23:12:30","date_gmt":"2026-04-02T20:12:30","guid":{"rendered":"http:\/\/new.ceasuri.md\/shop\/uncategorized\/boccia-titanium-solar-3643-04\/"},"modified":"2026-04-07T04:28:27","modified_gmt":"2026-04-07T01:28:27","slug":"boccia-titanium-solar-3643-04","status":"publish","type":"product","link":"https:\/\/ceasuri.md\/ru\/shop\/branduri\/boccia\/boccia-titanium-solar-3643-04\/","title":{"rendered":"Ceas BOCCIA TITANIUM SOLAR 3643-04"},"content":{"rendered":"<p>Ceasurile germane sunt asociate de mult timp cu o calitate nu mai rea, dac\u0103 nu chiar mai bun\u0103, dec\u00e2t cele elve\u021biene. \u0218i toate acestea datorit\u0103 nu numai calit\u0103\u021bii \u0219i designului excelent, ci \u0219i pre\u021burilor relativ ieftine.<\/p>\n<p>Una dintre aceste m\u0103rci germane este Boccia. Stilul ceasurilor Boccia poate fi descris \u00een trei cuvinte: clasic, practic \u0219i universal.<\/p>\n<p>Nu ve\u021bi g\u0103si \u00een colec\u021bii modele prea \u021bip\u0103toare \u0219i \u00eendr\u0103zne\u021be, decorate cu o mul\u021bime de cristale. Ceasurile sunt concepute \u00eentr-un stil practic, care va fi potrivit at\u00e2t la un eveniment de gal\u0103, c\u00e2t \u0219i la o \u00eent\u00e2lnire cu prietenii.<\/p>","protected":false},"excerpt":{"rendered":"<p>Ceasurile germane sunt asociate de mult timp cu o calitate nu mai rea, dac\u0103 nu chiar mai bun\u0103, dec\u00e2t cele elve\u021biene. \u0218i toate acestea datorit\u0103 nu numai calit\u0103\u021bii \u0219i designului excelent, ci \u0219i pre\u021burilor relativ ieftine. Una dintre aceste m\u0103rci germane este Boccia. Stilul ceasurilor Boccia poate fi descris \u00een trei cuvinte: clasic, practic \u0219i [&hellip;]<\/p>\n","protected":false},"featured_media":48858,"comment_status":"closed","ping_status":"open","template":"","meta":{"_acf_changed":false},"product_brand":[],"product_cat":[626,20],"product_tag":[],"class_list":{"0":"post-48857","1":"product","2":"type-product","3":"status-publish","4":"has-post-thumbnail","6":"product_cat-boccia","7":"product_cat-ceasuri-barbati","8":"pa_brand-boccia","9":"pa_braslet-titan","10":"pa_corpus-40-mm","11":"pa_forma-rotund","12":"pa_funcii-data","13":"pa_garatia-24-luni","14":"pa_korpus-argintiu","15":"pa_material-titan","16":"pa_mehanizm-baterie-solara","17":"pa_mehanizm-quartz","18":"pa_remeshok-argintiu","19":"pa_steklo-cristal-safir","20":"pa_strana-germania","21":"pa_voda-10-atm","23":"first","24":"instock","25":"purchasable","26":"product-type-simple"},"acf":[],"_links":{"self":[{"href":"https:\/\/ceasuri.md\/ru\/wp-json\/wp\/v2\/product\/48857","targetHints":{"allow":["GET"]}}],"collection":[{"href":"https:\/\/ceasuri.md\/ru\/wp-json\/wp\/v2\/product"}],"about":[{"href":"https:\/\/ceasuri.md\/ru\/wp-json\/wp\/v2\/types\/product"}],"replies":[{"embeddable":true,"href":"https:\/\/ceasuri.md\/ru\/wp-json\/wp\/v2\/comments?post=48857"}],"wp:featuredmedia":[{"embeddable":true,"href":"https:\/\/ceasuri.md\/ru\/wp-json\/wp\/v2\/media\/48858"}],"wp:attachment":[{"href":"https:\/\/ceasuri.md\/ru\/wp-json\/wp\/v2\/media?parent=48857"}],"wp:term":[{"taxonomy":"product_brand","embeddable":true,"href":"https:\/\/ceasuri.md\/ru\/wp-json\/wp\/v2\/product_brand?post=48857"},{"taxonomy":"product_cat","embeddable":true,"href":"https:\/\/ceasuri.md\/ru\/wp-json\/wp\/v2\/product_cat?post=48857"},{"taxonomy":"product_tag","embeddable":true,"href":"https:\/\/ceasuri.md\/ru\/wp-json\/wp\/v2\/product_tag?post=48857"}],"curies":[{"name":"wp","href":"https:\/\/api.w.org\/{rel}","templated":true}]}}