{"id":48833,"date":"2026-04-02T23:12:30","date_gmt":"2026-04-02T20:12:30","guid":{"rendered":"http:\/\/new.ceasuri.md\/shop\/uncategorized\/boccia-titanium-solar-3652-01\/"},"modified":"2026-04-07T04:28:19","modified_gmt":"2026-04-07T01:28:19","slug":"boccia-titanium-solar-3652-01","status":"publish","type":"product","link":"https:\/\/ceasuri.md\/ru\/shop\/branduri\/boccia\/boccia-titanium-solar-3652-01\/","title":{"rendered":"Ceas BOCCIA TITANIUM SOLAR 3652-01"},"content":{"rendered":"<p>Ceasurile Boccia Titanium sunt caracterizate de un design strict \u0219i elegant, practicitate, greutate redus\u0103, mecanism precis \u0219i, \u00een acela\u0219i timp, durabilitate \u00eenalt\u0103.<\/p>\n<p>\u00cen acela\u0219i timp, accesoriile m\u0103rcii germane nu pot fi clasificate ca fiind ceasuri scumpe. Datorit\u0103 pre\u021bului accesibil \u0219i calit\u0103\u021bii ridicate, multe exemplare au ocupat pozi\u021bii principale \u00een ratingul &#8222;celor mai cump\u0103rate modele ale anului&#8221; \u00een ultimii ani.<\/p>\n<p>Toate ceasurile Boccia Titanium sunt realizate \u00een principal \u00een designul clasic european destul de strict, care, totu\u0219i, se va potrivi \u00eentotdeauna cu un costum de afaceri.<\/p>","protected":false},"excerpt":{"rendered":"<p>Ceasurile Boccia Titanium sunt caracterizate de un design strict \u0219i elegant, practicitate, greutate redus\u0103, mecanism precis \u0219i, \u00een acela\u0219i timp, durabilitate \u00eenalt\u0103. \u00cen acela\u0219i timp, accesoriile m\u0103rcii germane nu pot fi clasificate ca fiind ceasuri scumpe. Datorit\u0103 pre\u021bului accesibil \u0219i calit\u0103\u021bii ridicate, multe exemplare au ocupat pozi\u021bii principale \u00een ratingul &#8222;celor mai cump\u0103rate modele ale [&hellip;]<\/p>\n","protected":false},"featured_media":48834,"comment_status":"closed","ping_status":"open","template":"","meta":{"_acf_changed":false},"product_brand":[],"product_cat":[626,20],"product_tag":[],"class_list":{"0":"post-48833","1":"product","2":"type-product","3":"status-publish","4":"has-post-thumbnail","6":"product_cat-boccia","7":"product_cat-ceasuri-barbati","8":"pa_brand-boccia","9":"pa_braslet-titan","10":"pa_corpus-39-mm","11":"pa_forma-rotund","12":"pa_funcii-data","13":"pa_garatia-24-luni","14":"pa_korpus-argintiu","15":"pa_material-titan","16":"pa_mehanizm-baterie-solara","17":"pa_mehanizm-quartz","18":"pa_remeshok-argintiu","19":"pa_steklo-cristal-safir","20":"pa_strana-germania","21":"pa_voda-5-atm","23":"first","24":"instock","25":"purchasable","26":"product-type-simple"},"acf":[],"_links":{"self":[{"href":"https:\/\/ceasuri.md\/ru\/wp-json\/wp\/v2\/product\/48833","targetHints":{"allow":["GET"]}}],"collection":[{"href":"https:\/\/ceasuri.md\/ru\/wp-json\/wp\/v2\/product"}],"about":[{"href":"https:\/\/ceasuri.md\/ru\/wp-json\/wp\/v2\/types\/product"}],"replies":[{"embeddable":true,"href":"https:\/\/ceasuri.md\/ru\/wp-json\/wp\/v2\/comments?post=48833"}],"wp:featuredmedia":[{"embeddable":true,"href":"https:\/\/ceasuri.md\/ru\/wp-json\/wp\/v2\/media\/48834"}],"wp:attachment":[{"href":"https:\/\/ceasuri.md\/ru\/wp-json\/wp\/v2\/media?parent=48833"}],"wp:term":[{"taxonomy":"product_brand","embeddable":true,"href":"https:\/\/ceasuri.md\/ru\/wp-json\/wp\/v2\/product_brand?post=48833"},{"taxonomy":"product_cat","embeddable":true,"href":"https:\/\/ceasuri.md\/ru\/wp-json\/wp\/v2\/product_cat?post=48833"},{"taxonomy":"product_tag","embeddable":true,"href":"https:\/\/ceasuri.md\/ru\/wp-json\/wp\/v2\/product_tag?post=48833"}],"curies":[{"name":"wp","href":"https:\/\/api.w.org\/{rel}","templated":true}]}}