{"id":48821,"date":"2026-04-02T23:11:56","date_gmt":"2026-04-02T20:11:56","guid":{"rendered":"http:\/\/new.ceasuri.md\/shop\/uncategorized\/boccia-titanium-3657-02\/"},"modified":"2026-04-07T04:28:15","modified_gmt":"2026-04-07T01:28:15","slug":"boccia-titanium-3657-02","status":"publish","type":"product","link":"https:\/\/ceasuri.md\/ru\/shop\/branduri\/boccia\/boccia-titanium-3657-02\/","title":{"rendered":"Ceas BOCCIA TITANIUM \t3657-02"},"content":{"rendered":"<p>Popularitatea ceasurilor Boccia nu se bazeaz\u0103 doar pe aspectul lor. Toate modelele acestui brand au un mecanism exact, o durabilitate ridicat\u0103 \u0219i o greutate redus\u0103. Ultimele dou\u0103 caracteristici sunt oferite de materialul din care este fabricat ceasul, \u0219i anume titanul.<\/p>\n<p>Un ceas cu o carcas\u0103 din titan are o calitate foarte valoroas\u0103 &#8211; confortul \u00een utilizare. Cu un aspect elegant, carcasa men\u021bine o temperatur\u0103 confortabil\u0103 a corpului, nu provoac\u0103 reac\u021bii alergice, senza\u021bii de disconfort sau greutate.<\/p>\n<p>Carcasa din titan pur are o nuan\u021b\u0103 argintie mat\u0103, nu prezint\u0103 zg\u00e2rieturi sau urme de deteriorare mecanic\u0103, astfel \u00eenc\u00e2t atractivitatea \u0219i estetica produselor r\u0103m\u00e2n pentru o perioad\u0103 lung\u0103 de timp.<\/p>\n<p>Titanul este un metal cu un coeficient ridicat de rezisten\u021b\u0103 \u0219i o conductivitate termic\u0103 sc\u0103zut\u0103, astfel \u00eenc\u00e2t proprietarul ceasului nu va sim\u021bi disconfort de la \u00eenc\u0103lzirea br\u0103\u021b\u0103rii \u00een timpul verii \u0219i de la r\u0103cirea \u00een timpul iernii.<\/p>","protected":false},"excerpt":{"rendered":"<p>Popularitatea ceasurilor Boccia nu se bazeaz\u0103 doar pe aspectul lor. Toate modelele acestui brand au un mecanism exact, o durabilitate ridicat\u0103 \u0219i o greutate redus\u0103. Ultimele dou\u0103 caracteristici sunt oferite de materialul din care este fabricat ceasul, \u0219i anume titanul. Un ceas cu o carcas\u0103 din titan are o calitate foarte valoroas\u0103 &#8211; confortul \u00een [&hellip;]<\/p>\n","protected":false},"featured_media":48822,"comment_status":"closed","ping_status":"open","template":"","meta":{"_acf_changed":false},"product_brand":[],"product_cat":[626,20],"product_tag":[],"class_list":{"0":"post-48821","1":"product","2":"type-product","3":"status-publish","4":"has-post-thumbnail","6":"product_cat-boccia","7":"product_cat-ceasuri-barbati","8":"pa_brand-boccia","9":"pa_braslet-titan","10":"pa_corpus-35x37mm","11":"pa_forma-oval","12":"pa_funcii-data","13":"pa_garatia-24-luni","14":"pa_korpus-argintiu","15":"pa_material-titan","16":"pa_mehanizm-quartz","17":"pa_remeshok-argintiu","18":"pa_steklo-cristal-safir","19":"pa_strana-germania","20":"pa_voda-5-atm","22":"first","23":"instock","24":"purchasable","25":"product-type-simple"},"acf":[],"yoast_head":"<!-- This site is optimized with the Yoast SEO plugin v27.3 - https:\/\/yoast.com\/product\/yoast-seo-wordpress\/ -->\n<title>BOCCIA TITANIUM 3657-02 - Cronograf<\/title>\n<meta name=\"robots\" content=\"index, follow, max-snippet:-1, max-image-preview:large, max-video-preview:-1\" \/>\n<link rel=\"canonical\" href=\"https:\/\/ceasuri.md\/ru\/shop\/branduri\/boccia\/boccia-titanium-3657-02\/\" \/>\n<meta property=\"og:locale\" content=\"ru_RU\" \/>\n<meta property=\"og:type\" content=\"article\" \/>\n<meta property=\"og:title\" content=\"BOCCIA TITANIUM 3657-02 - Cronograf\" \/>\n<meta property=\"og:description\" content=\"Popularitatea ceasurilor Boccia nu se bazeaz\u0103 doar pe aspectul lor. Toate modelele acestui brand au un mecanism exact, o durabilitate ridicat\u0103 \u0219i o greutate redus\u0103. Ultimele dou\u0103 caracteristici sunt oferite de materialul din care este fabricat ceasul, \u0219i anume titanul. Un ceas cu o carcas\u0103 din titan are o calitate foarte valoroas\u0103 &#8211; confortul \u00een [&hellip;]\" \/>\n<meta property=\"og:url\" content=\"https:\/\/ceasuri.md\/ru\/shop\/branduri\/boccia\/boccia-titanium-3657-02\/\" \/>\n<meta property=\"og:site_name\" content=\"Cronograf\" \/>\n<meta property=\"article:modified_time\" content=\"2026-04-07T01:28:15+00:00\" \/>\n<meta property=\"og:image\" content=\"https:\/\/ceasuri.md\/wp-content\/uploads\/3657-02.jpg\" \/>\n\t<meta property=\"og:image:width\" content=\"600\" \/>\n\t<meta property=\"og:image:height\" content=\"800\" \/>\n\t<meta property=\"og:image:type\" content=\"image\/jpeg\" \/>\n<meta name=\"twitter:card\" content=\"summary_large_image\" \/>\n<meta name=\"twitter:label1\" content=\"\u041f\u0440\u0438\u043c\u0435\u0440\u043d\u043e\u0435 \u0432\u0440\u0435\u043c\u044f \u0434\u043b\u044f \u0447\u0442\u0435\u043d\u0438\u044f\" \/>\n\t<meta name=\"twitter:data1\" content=\"1 \u043c\u0438\u043d\u0443\u0442\u0430\" \/>\n<script type=\"application\/ld+json\" class=\"yoast-schema-graph\">{\"@context\":\"https:\\\/\\\/schema.org\",\"@graph\":[{\"@type\":\"WebPage\",\"@id\":\"https:\\\/\\\/ceasuri.md\\\/shop\\\/branduri\\\/boccia\\\/boccia-titanium-3657-02\\\/\",\"url\":\"https:\\\/\\\/ceasuri.md\\\/shop\\\/branduri\\\/boccia\\\/boccia-titanium-3657-02\\\/\",\"name\":\"BOCCIA TITANIUM 3657-02 - Cronograf\",\"isPartOf\":{\"@id\":\"https:\\\/\\\/ceasuri.md\\\/ru\\\/#website\"},\"primaryImageOfPage\":{\"@id\":\"https:\\\/\\\/ceasuri.md\\\/shop\\\/branduri\\\/boccia\\\/boccia-titanium-3657-02\\\/#primaryimage\"},\"image\":{\"@id\":\"https:\\\/\\\/ceasuri.md\\\/shop\\\/branduri\\\/boccia\\\/boccia-titanium-3657-02\\\/#primaryimage\"},\"thumbnailUrl\":\"https:\\\/\\\/ceasuri.md\\\/wp-content\\\/uploads\\\/3657-02.jpg\",\"datePublished\":\"2026-04-02T20:11:56+00:00\",\"dateModified\":\"2026-04-07T01:28:15+00:00\",\"breadcrumb\":{\"@id\":\"https:\\\/\\\/ceasuri.md\\\/shop\\\/branduri\\\/boccia\\\/boccia-titanium-3657-02\\\/#breadcrumb\"},\"inLanguage\":\"ru-RU\",\"potentialAction\":[{\"@type\":\"ReadAction\",\"target\":[\"https:\\\/\\\/ceasuri.md\\\/shop\\\/branduri\\\/boccia\\\/boccia-titanium-3657-02\\\/\"]}]},{\"@type\":\"ImageObject\",\"inLanguage\":\"ru-RU\",\"@id\":\"https:\\\/\\\/ceasuri.md\\\/shop\\\/branduri\\\/boccia\\\/boccia-titanium-3657-02\\\/#primaryimage\",\"url\":\"https:\\\/\\\/ceasuri.md\\\/wp-content\\\/uploads\\\/3657-02.jpg\",\"contentUrl\":\"https:\\\/\\\/ceasuri.md\\\/wp-content\\\/uploads\\\/3657-02.jpg\",\"width\":600,\"height\":800},{\"@type\":\"BreadcrumbList\",\"@id\":\"https:\\\/\\\/ceasuri.md\\\/shop\\\/branduri\\\/boccia\\\/boccia-titanium-3657-02\\\/#breadcrumb\",\"itemListElement\":[{\"@type\":\"ListItem\",\"position\":1,\"name\":\"Home\",\"item\":\"https:\\\/\\\/ceasuri.md\\\/\"},{\"@type\":\"ListItem\",\"position\":2,\"name\":\"Magazin\",\"item\":\"https:\\\/\\\/ceasuri.md\\\/shop\\\/\"},{\"@type\":\"ListItem\",\"position\":3,\"name\":\"Ceas BOCCIA TITANIUM 3657-02\"}]},{\"@type\":\"WebSite\",\"@id\":\"https:\\\/\\\/ceasuri.md\\\/ru\\\/#website\",\"url\":\"https:\\\/\\\/ceasuri.md\\\/ru\\\/\",\"name\":\"Cronograf\",\"description\":\"\",\"publisher\":{\"@id\":\"https:\\\/\\\/ceasuri.md\\\/ru\\\/#organization\"},\"potentialAction\":[{\"@type\":\"SearchAction\",\"target\":{\"@type\":\"EntryPoint\",\"urlTemplate\":\"https:\\\/\\\/ceasuri.md\\\/ru\\\/?s={search_term_string}\"},\"query-input\":{\"@type\":\"PropertyValueSpecification\",\"valueRequired\":true,\"valueName\":\"search_term_string\"}}],\"inLanguage\":\"ru-RU\"},{\"@type\":\"Organization\",\"@id\":\"https:\\\/\\\/ceasuri.md\\\/ru\\\/#organization\",\"name\":\"Cronograf\",\"url\":\"https:\\\/\\\/ceasuri.md\\\/ru\\\/\",\"logo\":{\"@type\":\"ImageObject\",\"inLanguage\":\"ru-RU\",\"@id\":\"https:\\\/\\\/ceasuri.md\\\/ru\\\/#\\\/schema\\\/logo\\\/image\\\/\",\"url\":\"https:\\\/\\\/ceasuri.md\\\/wp-content\\\/uploads\\\/2025\\\/12\\\/Logo.svg\",\"contentUrl\":\"https:\\\/\\\/ceasuri.md\\\/wp-content\\\/uploads\\\/2025\\\/12\\\/Logo.svg\",\"width\":3338,\"height\":811,\"caption\":\"Cronograf\"},\"image\":{\"@id\":\"https:\\\/\\\/ceasuri.md\\\/ru\\\/#\\\/schema\\\/logo\\\/image\\\/\"}}]}<\/script>\n<!-- \/ Yoast SEO plugin. -->","yoast_head_json":{"title":"BOCCIA TITANIUM 3657-02 - Cronograf","robots":{"index":"index","follow":"follow","max-snippet":"max-snippet:-1","max-image-preview":"max-image-preview:large","max-video-preview":"max-video-preview:-1"},"canonical":"https:\/\/ceasuri.md\/ru\/shop\/branduri\/boccia\/boccia-titanium-3657-02\/","og_locale":"ru_RU","og_type":"article","og_title":"BOCCIA TITANIUM 3657-02 - Cronograf","og_description":"Popularitatea ceasurilor Boccia nu se bazeaz\u0103 doar pe aspectul lor. Toate modelele acestui brand au un mecanism exact, o durabilitate ridicat\u0103 \u0219i o greutate redus\u0103. Ultimele dou\u0103 caracteristici sunt oferite de materialul din care este fabricat ceasul, \u0219i anume titanul. Un ceas cu o carcas\u0103 din titan are o calitate foarte valoroas\u0103 &#8211; confortul \u00een [&hellip;]","og_url":"https:\/\/ceasuri.md\/ru\/shop\/branduri\/boccia\/boccia-titanium-3657-02\/","og_site_name":"Cronograf","article_modified_time":"2026-04-07T01:28:15+00:00","og_image":[{"width":600,"height":800,"url":"https:\/\/ceasuri.md\/wp-content\/uploads\/3657-02.jpg","type":"image\/jpeg"}],"twitter_card":"summary_large_image","twitter_misc":{"\u041f\u0440\u0438\u043c\u0435\u0440\u043d\u043e\u0435 \u0432\u0440\u0435\u043c\u044f \u0434\u043b\u044f \u0447\u0442\u0435\u043d\u0438\u044f":"1 \u043c\u0438\u043d\u0443\u0442\u0430"},"schema":{"@context":"https:\/\/schema.org","@graph":[{"@type":"WebPage","@id":"https:\/\/ceasuri.md\/shop\/branduri\/boccia\/boccia-titanium-3657-02\/","url":"https:\/\/ceasuri.md\/shop\/branduri\/boccia\/boccia-titanium-3657-02\/","name":"BOCCIA TITANIUM 3657-02 - Cronograf","isPartOf":{"@id":"https:\/\/ceasuri.md\/ru\/#website"},"primaryImageOfPage":{"@id":"https:\/\/ceasuri.md\/shop\/branduri\/boccia\/boccia-titanium-3657-02\/#primaryimage"},"image":{"@id":"https:\/\/ceasuri.md\/shop\/branduri\/boccia\/boccia-titanium-3657-02\/#primaryimage"},"thumbnailUrl":"https:\/\/ceasuri.md\/wp-content\/uploads\/3657-02.jpg","datePublished":"2026-04-02T20:11:56+00:00","dateModified":"2026-04-07T01:28:15+00:00","breadcrumb":{"@id":"https:\/\/ceasuri.md\/shop\/branduri\/boccia\/boccia-titanium-3657-02\/#breadcrumb"},"inLanguage":"ru-RU","potentialAction":[{"@type":"ReadAction","target":["https:\/\/ceasuri.md\/shop\/branduri\/boccia\/boccia-titanium-3657-02\/"]}]},{"@type":"ImageObject","inLanguage":"ru-RU","@id":"https:\/\/ceasuri.md\/shop\/branduri\/boccia\/boccia-titanium-3657-02\/#primaryimage","url":"https:\/\/ceasuri.md\/wp-content\/uploads\/3657-02.jpg","contentUrl":"https:\/\/ceasuri.md\/wp-content\/uploads\/3657-02.jpg","width":600,"height":800},{"@type":"BreadcrumbList","@id":"https:\/\/ceasuri.md\/shop\/branduri\/boccia\/boccia-titanium-3657-02\/#breadcrumb","itemListElement":[{"@type":"ListItem","position":1,"name":"Home","item":"https:\/\/ceasuri.md\/"},{"@type":"ListItem","position":2,"name":"Magazin","item":"https:\/\/ceasuri.md\/shop\/"},{"@type":"ListItem","position":3,"name":"Ceas BOCCIA TITANIUM 3657-02"}]},{"@type":"WebSite","@id":"https:\/\/ceasuri.md\/ru\/#website","url":"https:\/\/ceasuri.md\/ru\/","name":"Cronograf","description":"","publisher":{"@id":"https:\/\/ceasuri.md\/ru\/#organization"},"potentialAction":[{"@type":"SearchAction","target":{"@type":"EntryPoint","urlTemplate":"https:\/\/ceasuri.md\/ru\/?s={search_term_string}"},"query-input":{"@type":"PropertyValueSpecification","valueRequired":true,"valueName":"search_term_string"}}],"inLanguage":"ru-RU"},{"@type":"Organization","@id":"https:\/\/ceasuri.md\/ru\/#organization","name":"Cronograf","url":"https:\/\/ceasuri.md\/ru\/","logo":{"@type":"ImageObject","inLanguage":"ru-RU","@id":"https:\/\/ceasuri.md\/ru\/#\/schema\/logo\/image\/","url":"https:\/\/ceasuri.md\/wp-content\/uploads\/2025\/12\/Logo.svg","contentUrl":"https:\/\/ceasuri.md\/wp-content\/uploads\/2025\/12\/Logo.svg","width":3338,"height":811,"caption":"Cronograf"},"image":{"@id":"https:\/\/ceasuri.md\/ru\/#\/schema\/logo\/image\/"}}]}},"_links":{"self":[{"href":"https:\/\/ceasuri.md\/ru\/wp-json\/wp\/v2\/product\/48821","targetHints":{"allow":["GET"]}}],"collection":[{"href":"https:\/\/ceasuri.md\/ru\/wp-json\/wp\/v2\/product"}],"about":[{"href":"https:\/\/ceasuri.md\/ru\/wp-json\/wp\/v2\/types\/product"}],"replies":[{"embeddable":true,"href":"https:\/\/ceasuri.md\/ru\/wp-json\/wp\/v2\/comments?post=48821"}],"wp:featuredmedia":[{"embeddable":true,"href":"https:\/\/ceasuri.md\/ru\/wp-json\/wp\/v2\/media\/48822"}],"wp:attachment":[{"href":"https:\/\/ceasuri.md\/ru\/wp-json\/wp\/v2\/media?parent=48821"}],"wp:term":[{"taxonomy":"product_brand","embeddable":true,"href":"https:\/\/ceasuri.md\/ru\/wp-json\/wp\/v2\/product_brand?post=48821"},{"taxonomy":"product_cat","embeddable":true,"href":"https:\/\/ceasuri.md\/ru\/wp-json\/wp\/v2\/product_cat?post=48821"},{"taxonomy":"product_tag","embeddable":true,"href":"https:\/\/ceasuri.md\/ru\/wp-json\/wp\/v2\/product_tag?post=48821"}],"curies":[{"name":"wp","href":"https:\/\/api.w.org\/{rel}","templated":true}]}}