{"id":48746,"date":"2026-04-02T23:11:12","date_gmt":"2026-04-02T20:11:12","guid":{"rendered":"http:\/\/new.ceasuri.md\/shop\/uncategorized\/claude-bernard-classic-3-hands-automatic-80091-3-oin\/"},"modified":"2026-04-20T01:14:02","modified_gmt":"2026-04-19T22:14:02","slug":"claude-bernard-classic-3-hands-automatic-80091-3-oin","status":"publish","type":"product","link":"https:\/\/ceasuri.md\/ru\/shop\/branduri\/claude-bernard\/claude-bernard-classic-3-hands-automatic-80091-3-oin\/","title":{"rendered":"\u0427\u0430\u0441\u044b CLAUDE BERNARD CLASSIC 3 HANDS AUTOMATIC 80091-3-OIN"},"content":{"rendered":"<p>Un ceas Claude Bernard nu este doar un ceas, ci o &#8222;ma\u0219in\u0103 a timpului&#8221; \u00een miniatur\u0103, care \u00eentruchipeaz\u0103 excelen\u021ba \u00een materie de inginerie \u0219i design, construit\u0103 pe baza a 500 de ani de tradi\u021bie orologier\u0103 elve\u021bian\u0103.<\/p>\n<p>De aproape 50 de ani, Claude Bernard, o companie de orologerie independent\u0103, de\u021binut\u0103 de o familie, produce ceasuri excep\u021bionale, frumoase \u0219i accesibile.<\/p>\n<p>Claude Bernard consider\u0103 c\u0103 este o onoare s\u0103 duc\u0103 mai departe tradi\u021bia marilor pionieri ai orologeriei. De asemenea, se m\u00e2ndre\u0219te cu utilizarea celor mai moderne materiale \u0219i tehnologii pentru a crea ceasuri din secolul XXI care ofer\u0103 calitate.<\/p>","protected":false},"excerpt":{"rendered":"<p>Un ceas Claude Bernard nu este doar un ceas, ci o &#8222;ma\u0219in\u0103 a timpului&#8221; \u00een miniatur\u0103, care \u00eentruchipeaz\u0103 excelen\u021ba \u00een materie de inginerie \u0219i design, construit\u0103 pe baza a 500 de ani de tradi\u021bie orologier\u0103 elve\u021bian\u0103. De aproape 50 de ani, Claude Bernard, o companie de orologerie independent\u0103, de\u021binut\u0103 de o familie, produce ceasuri excep\u021bionale, [&hellip;]<\/p>\n","protected":false},"featured_media":48747,"comment_status":"closed","ping_status":"open","template":"","meta":{"_acf_changed":false},"product_brand":[],"product_cat":[20,19],"product_tag":[],"class_list":{"0":"post-48746","1":"product","2":"type-product","3":"status-publish","4":"has-post-thumbnail","6":"product_cat-ceasuri-barbati","7":"product_cat-claude-bernard","8":"pa_brand-claude-bernard","9":"pa_braslet-piele","10":"pa_corpus-42-mm","11":"pa_forma-rotund","12":"pa_funcii-data","13":"pa_garatia-24-luni","14":"pa_korpus-argintiu","15":"pa_material-otel-inoxidabil","16":"pa_mehanizm-mecanic","17":"pa_mehanizm-mecanism-automatic","18":"pa_remeshok-portocaliu","19":"pa_steklo-cristal-safir","20":"pa_strana-elvetia","21":"pa_voda-5-atm","23":"first","24":"instock","25":"purchasable","26":"product-type-simple"},"acf":[],"_links":{"self":[{"href":"https:\/\/ceasuri.md\/ru\/wp-json\/wp\/v2\/product\/48746","targetHints":{"allow":["GET"]}}],"collection":[{"href":"https:\/\/ceasuri.md\/ru\/wp-json\/wp\/v2\/product"}],"about":[{"href":"https:\/\/ceasuri.md\/ru\/wp-json\/wp\/v2\/types\/product"}],"replies":[{"embeddable":true,"href":"https:\/\/ceasuri.md\/ru\/wp-json\/wp\/v2\/comments?post=48746"}],"wp:featuredmedia":[{"embeddable":true,"href":"https:\/\/ceasuri.md\/ru\/wp-json\/wp\/v2\/media\/48747"}],"wp:attachment":[{"href":"https:\/\/ceasuri.md\/ru\/wp-json\/wp\/v2\/media?parent=48746"}],"wp:term":[{"taxonomy":"product_brand","embeddable":true,"href":"https:\/\/ceasuri.md\/ru\/wp-json\/wp\/v2\/product_brand?post=48746"},{"taxonomy":"product_cat","embeddable":true,"href":"https:\/\/ceasuri.md\/ru\/wp-json\/wp\/v2\/product_cat?post=48746"},{"taxonomy":"product_tag","embeddable":true,"href":"https:\/\/ceasuri.md\/ru\/wp-json\/wp\/v2\/product_tag?post=48746"}],"curies":[{"name":"wp","href":"https:\/\/api.w.org\/{rel}","templated":true}]}}