{"id":48742,"date":"2026-04-02T23:11:12","date_gmt":"2026-04-02T20:11:12","guid":{"rendered":"http:\/\/new.ceasuri.md\/shop\/uncategorized\/casio-g-shock-gbx-100tt-8er\/"},"modified":"2026-04-07T04:27:53","modified_gmt":"2026-04-07T01:27:53","slug":"casio-g-shock-gbx-100tt-8er","status":"publish","type":"product","link":"https:\/\/ceasuri.md\/ru\/shop\/branduri\/casio\/casio-g-shock-gbx-100tt-8er\/","title":{"rendered":"Ceas CASIO G-SHOCK GBX-100TT-8ER"},"content":{"rendered":"<p>C\u0103l\u0103tori\u021bi pe valurile de ieri, prinde\u021bi valurile de azi \u00eentr-un G-LIDE care c\u0103l\u0103tore\u0219te \u00een timp.<\/p>\n<p>Ceasurile GBX-100 conectate la smartphone c\u0103l\u0103toresc \u00eentre paleta colorat\u0103 a surfingului de ast\u0103zi \u0219i monocromia nostalgic\u0103 inspirat\u0103 de fotografiile alb-negru ale surfingului de alt\u0103dat\u0103.<\/p>\n<p>Este suficient s\u0103 seta\u021bi aplica\u021bia dedicat\u0103 pentru smartphone pe oricare dintre cele 3.300 de locuri de surf din \u00eentreaga lume pentru a verifica modelele de maree \u0219i condi\u021biile de lumin\u0103 natural\u0103 chiar acolo unde v\u0103 afla\u021bi.<\/p>\n<p>Cadranul lat al ceasului cu ecran LCD de \u00eenalt\u0103 rezolu\u021bie Memory in Pixel (MIP) ofer\u0103 citiri clare ale graficelor mareelor, v\u00e2rsta lunii, orele \u0219i nivelurile mareelor \u00eenalte\/joase \u0219i orele de r\u0103s\u0103rit\/ apus &#8211; toate dintr-o privire.<\/p>","protected":false},"excerpt":{"rendered":"<p>C\u0103l\u0103tori\u021bi pe valurile de ieri, prinde\u021bi valurile de azi \u00eentr-un G-LIDE care c\u0103l\u0103tore\u0219te \u00een timp. Ceasurile GBX-100 conectate la smartphone c\u0103l\u0103toresc \u00eentre paleta colorat\u0103 a surfingului de ast\u0103zi \u0219i monocromia nostalgic\u0103 inspirat\u0103 de fotografiile alb-negru ale surfingului de alt\u0103dat\u0103. Este suficient s\u0103 seta\u021bi aplica\u021bia dedicat\u0103 pentru smartphone pe oricare dintre cele 3.300 de locuri de [&hellip;]<\/p>\n","protected":false},"featured_media":48743,"comment_status":"closed","ping_status":"open","template":"","meta":{"_acf_changed":false},"product_brand":[],"product_cat":[27,20,419],"product_tag":[],"class_list":{"0":"post-48742","1":"product","2":"type-product","3":"status-publish","4":"has-post-thumbnail","6":"product_cat-casio","7":"product_cat-ceasuri-barbati","8":"product_cat-g-shock","9":"pa_brand-casio","10":"pa_brand-g-shock","11":"pa_braslet-cauciuc","12":"pa_corpus-46x51mm","13":"pa_forma-octogonala","14":"pa_funcii-accelerometru","15":"pa_funcii-alarma","16":"pa_funcii-bluetooth-smart","17":"pa_funcii-calendar","18":"pa_funcii-cronometru","19":"pa_funcii-fazele-lunii","20":"pa_funcii-iluminare","21":"pa_funcii-timp-mondial","22":"pa_garatia-24-luni","23":"pa_korpus-argintiu","24":"pa_korpus-negru","25":"pa_material-cauciuc","26":"pa_material-otel-inoxidabil","27":"pa_mehanizm-electronic","28":"pa_remeshok-gri","29":"pa_steklo-cristal-mineral","30":"pa_strana-japonia","31":"pa_voda-20-atm","33":"first","34":"instock","35":"purchasable","36":"product-type-simple"},"acf":[],"_links":{"self":[{"href":"https:\/\/ceasuri.md\/ru\/wp-json\/wp\/v2\/product\/48742","targetHints":{"allow":["GET"]}}],"collection":[{"href":"https:\/\/ceasuri.md\/ru\/wp-json\/wp\/v2\/product"}],"about":[{"href":"https:\/\/ceasuri.md\/ru\/wp-json\/wp\/v2\/types\/product"}],"replies":[{"embeddable":true,"href":"https:\/\/ceasuri.md\/ru\/wp-json\/wp\/v2\/comments?post=48742"}],"wp:featuredmedia":[{"embeddable":true,"href":"https:\/\/ceasuri.md\/ru\/wp-json\/wp\/v2\/media\/48743"}],"wp:attachment":[{"href":"https:\/\/ceasuri.md\/ru\/wp-json\/wp\/v2\/media?parent=48742"}],"wp:term":[{"taxonomy":"product_brand","embeddable":true,"href":"https:\/\/ceasuri.md\/ru\/wp-json\/wp\/v2\/product_brand?post=48742"},{"taxonomy":"product_cat","embeddable":true,"href":"https:\/\/ceasuri.md\/ru\/wp-json\/wp\/v2\/product_cat?post=48742"},{"taxonomy":"product_tag","embeddable":true,"href":"https:\/\/ceasuri.md\/ru\/wp-json\/wp\/v2\/product_tag?post=48742"}],"curies":[{"name":"wp","href":"https:\/\/api.w.org\/{rel}","templated":true}]}}