{"id":48739,"date":"2026-04-02T23:11:12","date_gmt":"2026-04-02T20:11:12","guid":{"rendered":"http:\/\/new.ceasuri.md\/shop\/uncategorized\/casio-g-shock-ga-2100rc-1aer\/"},"modified":"2026-04-15T20:14:53","modified_gmt":"2026-04-15T17:14:53","slug":"casio-g-shock-ga-2100rc-1aer","status":"publish","type":"product","link":"https:\/\/ceasuri.md\/ru\/shop\/branduri\/casio\/casio-g-shock-ga-2100rc-1aer\/","title":{"rendered":"Ceas CASIO G-SHOCK GA-2100RC-1AER"},"content":{"rendered":"<p>Versiunea 2023 a popularei carcase GA-2100 \u00een form\u0103 de octogon, \u00eentr-o culoare neagr\u0103 laconic\u0103, cu detalii turcoaz pe cadran.<\/p>\n<p>Modelul se remarc\u0103 printre alte G-Shock prin u\u0219urin\u021b\u0103, compactitate \u0219i grosimea carcasei de numai 11,8 mm. Acest lucru este posibil datorit\u0103 tehnologiei Carbon Core Guard: modulul ceasului este protejat de o carcas\u0103 din poliuretan armat cu carbon u\u0219or \u0219i ultrarezistent, \u00een timp ce cadranul este acoperit cu geam mineral.<\/p>\n<p>Ceasul este finisat \u00eentr-o culoare neagr\u0103 laconic\u0103, \u00een timp ce acele \u0219i indicatoarele contrastante fa\u021b\u0103 de cadranul \u00eentunecat cu afi\u0219aj cu inversare asigur\u0103 o ergonomie ridicat\u0103 \u00een timpul utiliz\u0103rii ceasului.<\/p>\n<p>O alt\u0103 caracteristic\u0103 a ceasului este fixarea actualizat\u0103 a curelei, acum v\u0103 va lua doar c\u00e2teva secunde pentru a o schimba.<\/p>\n<p>Rezisten\u021b\u0103 la ap\u0103 200 de metri, func\u021biile de cronometru, timer, ora mondial\u0103, precum \u0219i iluminarea dubl\u0103 str\u0103lucitoare a cadranului \u0219i a afi\u0219ajului.<\/p>","protected":false},"excerpt":{"rendered":"<p>Versiunea 2023 a popularei carcase GA-2100 \u00een form\u0103 de octogon, \u00eentr-o culoare neagr\u0103 laconic\u0103, cu detalii turcoaz pe cadran. Modelul se remarc\u0103 printre alte G-Shock prin u\u0219urin\u021b\u0103, compactitate \u0219i grosimea carcasei de numai 11,8 mm. Acest lucru este posibil datorit\u0103 tehnologiei Carbon Core Guard: modulul ceasului este protejat de o carcas\u0103 din poliuretan armat cu [&hellip;]<\/p>\n","protected":false},"featured_media":48740,"comment_status":"closed","ping_status":"open","template":"","meta":{"_acf_changed":false},"product_brand":[],"product_cat":[27,20,25,419],"product_tag":[],"class_list":{"0":"post-48739","1":"product","2":"type-product","3":"status-publish","4":"has-post-thumbnail","6":"product_cat-casio","7":"product_cat-ceasuri-barbati","8":"product_cat-ceasuri-dama","9":"product_cat-g-shock","10":"pa_brand-casio","11":"pa_brand-g-shock","12":"pa_braslet-plastic","13":"pa_corpus-45x49mm","14":"pa_forma-octogonala","15":"pa_funcii-alarma","16":"pa_funcii-calendar","17":"pa_funcii-cronometru","18":"pa_funcii-dual-time","19":"pa_funcii-iluminare","20":"pa_funcii-timp-mondial","21":"pa_funcii-total-black","22":"pa_garatia-24-luni","23":"pa_korpus-negru","24":"pa_kvarc-quartz","25":"pa_material-carbon","26":"pa_material-plastic","27":"pa_mehanizm-electronic","28":"pa_mehanizm-quartz","29":"pa_remeshok-negru","30":"pa_steklo-cristal-mineral","31":"pa_strana-japonia","32":"pa_voda-20-atm","34":"first","35":"instock","36":"purchasable","37":"product-type-simple"},"acf":[],"_links":{"self":[{"href":"https:\/\/ceasuri.md\/ru\/wp-json\/wp\/v2\/product\/48739","targetHints":{"allow":["GET"]}}],"collection":[{"href":"https:\/\/ceasuri.md\/ru\/wp-json\/wp\/v2\/product"}],"about":[{"href":"https:\/\/ceasuri.md\/ru\/wp-json\/wp\/v2\/types\/product"}],"replies":[{"embeddable":true,"href":"https:\/\/ceasuri.md\/ru\/wp-json\/wp\/v2\/comments?post=48739"}],"wp:featuredmedia":[{"embeddable":true,"href":"https:\/\/ceasuri.md\/ru\/wp-json\/wp\/v2\/media\/48740"}],"wp:attachment":[{"href":"https:\/\/ceasuri.md\/ru\/wp-json\/wp\/v2\/media?parent=48739"}],"wp:term":[{"taxonomy":"product_brand","embeddable":true,"href":"https:\/\/ceasuri.md\/ru\/wp-json\/wp\/v2\/product_brand?post=48739"},{"taxonomy":"product_cat","embeddable":true,"href":"https:\/\/ceasuri.md\/ru\/wp-json\/wp\/v2\/product_cat?post=48739"},{"taxonomy":"product_tag","embeddable":true,"href":"https:\/\/ceasuri.md\/ru\/wp-json\/wp\/v2\/product_tag?post=48739"}],"curies":[{"name":"wp","href":"https:\/\/api.w.org\/{rel}","templated":true}]}}