{"id":48737,"date":"2026-04-02T23:11:12","date_gmt":"2026-04-02T20:11:12","guid":{"rendered":"http:\/\/new.ceasuri.md\/shop\/uncategorized\/casio-g-shock-glx-s5600-7\/"},"modified":"2026-04-07T04:27:50","modified_gmt":"2026-04-07T01:27:50","slug":"casio-g-shock-glx-s5600-7","status":"publish","type":"product","link":"https:\/\/ceasuri.md\/ru\/shop\/branduri\/casio\/casio-g-shock-glx-s5600-7\/","title":{"rendered":"Ceas CASIO G-SHOCK GLX-S5600-7"},"content":{"rendered":"<p>O versiune 2023 impresionant\u0103 din seria G-LIDE \u00een carcasa GLX-S5600.<\/p>\n<p>Modelul de culoare deschis\u0103 \u00een care se cite\u0219te cu u\u0219urin\u021b\u0103 designul autentic al primului model G-SHOCK, creat \u00een 1983.<\/p>\n<p>V\u0103 reamintim c\u0103 G-LIDE este o serie pentru surferi \u0219i c\u0103 modelele au func\u021bii de afi\u0219are a mareelor \u0219i a fazelor lunii, ceea ce v\u0103 permite s\u0103 alege\u021bi cele mai bune locuri pentru a face surfing.<\/p>\n<p>Dar, bine\u00een\u021beles, via\u021ba acestui model nu se limiteaz\u0103 la surfing, se simte foarte bine pe str\u0103zile metropolelor \u0219i se reg\u0103se\u0219te cu u\u0219urin\u021b\u0103 \u00een orice sport extrem.<\/p>\n<p>Dar, pe l\u00e2ng\u0103 componenta de mod\u0103, nu trebuie s\u0103 uit\u0103m de rezisten\u021ba absolut\u0103 la \u0219ocuri, rezisten\u021ba la ap\u0103 de 200 de metri.<\/p>","protected":false},"excerpt":{"rendered":"<p>O versiune 2023 impresionant\u0103 din seria G-LIDE \u00een carcasa GLX-S5600. Modelul de culoare deschis\u0103 \u00een care se cite\u0219te cu u\u0219urin\u021b\u0103 designul autentic al primului model G-SHOCK, creat \u00een 1983. V\u0103 reamintim c\u0103 G-LIDE este o serie pentru surferi \u0219i c\u0103 modelele au func\u021bii de afi\u0219are a mareelor \u0219i a fazelor lunii, ceea ce v\u0103 permite [&hellip;]<\/p>\n","protected":false},"featured_media":48738,"comment_status":"closed","ping_status":"open","template":"","meta":{"_acf_changed":false},"product_brand":[],"product_cat":[27,20,25,419],"product_tag":[],"class_list":{"0":"post-48737","1":"product","2":"type-product","3":"status-publish","4":"has-post-thumbnail","6":"product_cat-casio","7":"product_cat-ceasuri-barbati","8":"product_cat-ceasuri-dama","9":"product_cat-g-shock","10":"pa_brand-casio","11":"pa_brand-g-shock","12":"pa_braslet-plastic","13":"pa_corpus-41x46mm","14":"pa_forma-octogonala","15":"pa_funcii-alarma","16":"pa_funcii-calendar","17":"pa_funcii-cronometru","18":"pa_funcii-fazele-lunii","19":"pa_funcii-iluminare","20":"pa_funcii-timp-mondial","21":"pa_garatia-24-luni","22":"pa_korpus-alb","23":"pa_material-plastic","24":"pa_mehanizm-electronic","25":"pa_remeshok-alb","26":"pa_steklo-cristal-mineral","27":"pa_strana-japonia","28":"pa_voda-20-atm","30":"first","31":"instock","32":"purchasable","33":"product-type-simple"},"acf":[],"_links":{"self":[{"href":"https:\/\/ceasuri.md\/ru\/wp-json\/wp\/v2\/product\/48737","targetHints":{"allow":["GET"]}}],"collection":[{"href":"https:\/\/ceasuri.md\/ru\/wp-json\/wp\/v2\/product"}],"about":[{"href":"https:\/\/ceasuri.md\/ru\/wp-json\/wp\/v2\/types\/product"}],"replies":[{"embeddable":true,"href":"https:\/\/ceasuri.md\/ru\/wp-json\/wp\/v2\/comments?post=48737"}],"wp:featuredmedia":[{"embeddable":true,"href":"https:\/\/ceasuri.md\/ru\/wp-json\/wp\/v2\/media\/48738"}],"wp:attachment":[{"href":"https:\/\/ceasuri.md\/ru\/wp-json\/wp\/v2\/media?parent=48737"}],"wp:term":[{"taxonomy":"product_brand","embeddable":true,"href":"https:\/\/ceasuri.md\/ru\/wp-json\/wp\/v2\/product_brand?post=48737"},{"taxonomy":"product_cat","embeddable":true,"href":"https:\/\/ceasuri.md\/ru\/wp-json\/wp\/v2\/product_cat?post=48737"},{"taxonomy":"product_tag","embeddable":true,"href":"https:\/\/ceasuri.md\/ru\/wp-json\/wp\/v2\/product_tag?post=48737"}],"curies":[{"name":"wp","href":"https:\/\/api.w.org\/{rel}","templated":true}]}}